{"id":11301,"date":"2022-10-19T17:26:02","date_gmt":"2022-10-19T14:26:02","guid":{"rendered":"https:\/\/www.ksttukku.fi\/kauppa\/?post_type=product&#038;p=11301"},"modified":"2022-10-19T17:26:03","modified_gmt":"2022-10-19T14:26:03","slug":"star-trading-kuusenvalot-ip-44-594-33","status":"publish","type":"product","link":"https:\/\/www.ksttukku.fi\/kauppa\/tuote\/star-trading-kuusenvalot-ip-44-594-33\/","title":{"rendered":"Star Trading Kuusenvalot IP 44  594-33"},"content":{"rendered":"<p>LED-kuusivalosarja. Valon s\u00e4vy Crispy Ice White.IP44. 360 x kiinte\u00e4 LED 0,064W, 3,2V, 3000K. Paloaika n. 7 000 h.<br \/>\nLamppujen v\u00e4li 7 cm.<br \/>\nMuuntaja 24V DC 6W IP44 Schuko-liit\u00e4nt\u00e4.<br \/>\nVirtajohto 500 cm.<\/p>\n<p>Valonv\u00e4ri: kirkas valkoinen<\/p>\n<p>2 metri\u00e4 korkeaa ,8 kpl valoketjua renkaassa<\/p>\n<p>Tummanvihre\u00e4 kaapeli.<\/p>\n<p>Valosarja ulko-ja sis\u00e4k\u00e4ytt\u00f6\u00f6n.<\/p>\n<p>&nbsp;<\/p>\n","protected":false},"excerpt":{"rendered":"<p>LED-kuusivalosarja. Valon s\u00e4vy Crispy Ice White.IP44. 360 x kiinte\u00e4 LED 0,064W, 3,2V, 3000K. Paloaika n. 7 000 h. Lamppujen v\u00e4li 7 cm. Muuntaja 24V DC 6W IP44 Schuko-liit\u00e4nt\u00e4. Virtajohto 500 cm. Valonv\u00e4ri: kirkas valkoinen 2 metri\u00e4 korkeaa ,8 kpl valoketjua renkaassa Tummanvihre\u00e4 kaapeli. Valosarja ulko-ja sis\u00e4k\u00e4ytt\u00f6\u00f6n. &nbsp;<\/p>\n","protected":false},"featured_media":11302,"comment_status":"closed","ping_status":"closed","template":"","meta":[],"product_brand":[],"product_cat":[176,197,199,177],"product_tag":[],"class_list":{"0":"post-11301","1":"product","2":"type-product","3":"status-publish","4":"has-post-thumbnail","6":"product_cat-joulu-ja-koristevalot","7":"product_cat-joulukuusen-valosarjat","8":"product_cat-koristevalot","9":"product_cat-valosarjat","11":"first","12":"instock","13":"taxable","14":"shipping-taxable","15":"purchasable","16":"product-type-simple"},"_links":{"self":[{"href":"https:\/\/www.ksttukku.fi\/kauppa\/wp-json\/wp\/v2\/product\/11301","targetHints":{"allow":["GET"]}}],"collection":[{"href":"https:\/\/www.ksttukku.fi\/kauppa\/wp-json\/wp\/v2\/product"}],"about":[{"href":"https:\/\/www.ksttukku.fi\/kauppa\/wp-json\/wp\/v2\/types\/product"}],"replies":[{"embeddable":true,"href":"https:\/\/www.ksttukku.fi\/kauppa\/wp-json\/wp\/v2\/comments?post=11301"}],"wp:featuredmedia":[{"embeddable":true,"href":"https:\/\/www.ksttukku.fi\/kauppa\/wp-json\/wp\/v2\/media\/11302"}],"wp:attachment":[{"href":"https:\/\/www.ksttukku.fi\/kauppa\/wp-json\/wp\/v2\/media?parent=11301"}],"wp:term":[{"taxonomy":"product_brand","embeddable":true,"href":"https:\/\/www.ksttukku.fi\/kauppa\/wp-json\/wp\/v2\/product_brand?post=11301"},{"taxonomy":"product_cat","embeddable":true,"href":"https:\/\/www.ksttukku.fi\/kauppa\/wp-json\/wp\/v2\/product_cat?post=11301"},{"taxonomy":"product_tag","embeddable":true,"href":"https:\/\/www.ksttukku.fi\/kauppa\/wp-json\/wp\/v2\/product_tag?post=11301"}],"curies":[{"name":"wp","href":"https:\/\/api.w.org\/{rel}","templated":true}]}}