{"id":11311,"date":"2022-10-20T10:59:47","date_gmt":"2022-10-20T07:59:47","guid":{"rendered":"https:\/\/www.ksttukku.fi\/kauppa\/?post_type=product&#038;p=11311"},"modified":"2025-06-16T16:33:26","modified_gmt":"2025-06-16T13:33:26","slug":"pix-metallitahti-133-10","status":"publish","type":"product","link":"https:\/\/www.ksttukku.fi\/kauppa\/tuote\/pix-metallitahti-133-10\/","title":{"rendered":"PIX-Metallit\u00e4hti 133-10"},"content":{"rendered":"<p>Tyylik\u00e4s roikkuva metallinen messinkit\u00e4hti<\/p>\n<p>Johto: 350 mm ,v\u00e4likytkin johdossa<\/p>\n<p>9 X E 14 kanta<\/p>\n<p>Suositeltu valonl\u00e4hde: SR-352-60 tai SR-352-44.<\/p>\n<p>Mitat: 560.0 mm x 500.0 mm x 30.0 mm<\/p>\n<p>&nbsp;<\/p>\n","protected":false},"excerpt":{"rendered":"<p>Tyylik\u00e4s roikkuva metallinen messinkit\u00e4hti Johto: 350 mm ,v\u00e4likytkin johdossa 9 X E 14 kanta Suositeltu valonl\u00e4hde: SR-352-60 tai SR-352-44. Mitat: 560.0 mm x 500.0 mm x 30.0 mm &nbsp;<\/p>\n","protected":false},"featured_media":11312,"comment_status":"closed","ping_status":"closed","template":"","meta":[],"product_brand":[],"product_cat":[176,198,34],"product_tag":[],"class_list":{"0":"post-11311","1":"product","2":"type-product","3":"status-publish","4":"has-post-thumbnail","6":"product_cat-joulu-ja-koristevalot","7":"product_cat-paperitahdet","8":"product_cat-valaisimet","10":"first","11":"instock","12":"taxable","13":"shipping-taxable","14":"purchasable","15":"product-type-simple"},"_links":{"self":[{"href":"https:\/\/www.ksttukku.fi\/kauppa\/wp-json\/wp\/v2\/product\/11311","targetHints":{"allow":["GET"]}}],"collection":[{"href":"https:\/\/www.ksttukku.fi\/kauppa\/wp-json\/wp\/v2\/product"}],"about":[{"href":"https:\/\/www.ksttukku.fi\/kauppa\/wp-json\/wp\/v2\/types\/product"}],"replies":[{"embeddable":true,"href":"https:\/\/www.ksttukku.fi\/kauppa\/wp-json\/wp\/v2\/comments?post=11311"}],"wp:featuredmedia":[{"embeddable":true,"href":"https:\/\/www.ksttukku.fi\/kauppa\/wp-json\/wp\/v2\/media\/11312"}],"wp:attachment":[{"href":"https:\/\/www.ksttukku.fi\/kauppa\/wp-json\/wp\/v2\/media?parent=11311"}],"wp:term":[{"taxonomy":"product_brand","embeddable":true,"href":"https:\/\/www.ksttukku.fi\/kauppa\/wp-json\/wp\/v2\/product_brand?post=11311"},{"taxonomy":"product_cat","embeddable":true,"href":"https:\/\/www.ksttukku.fi\/kauppa\/wp-json\/wp\/v2\/product_cat?post=11311"},{"taxonomy":"product_tag","embeddable":true,"href":"https:\/\/www.ksttukku.fi\/kauppa\/wp-json\/wp\/v2\/product_tag?post=11311"}],"curies":[{"name":"wp","href":"https:\/\/api.w.org\/{rel}","templated":true}]}}