{"id":11317,"date":"2022-10-20T11:26:49","date_gmt":"2022-10-20T08:26:49","guid":{"rendered":"https:\/\/www.ksttukku.fi\/kauppa\/?post_type=product&#038;p=11317"},"modified":"2022-10-20T11:26:49","modified_gmt":"2022-10-20T08:26:49","slug":"flamme-swirl-led-antiikkikynttila-beige","status":"publish","type":"product","link":"https:\/\/www.ksttukku.fi\/kauppa\/tuote\/flamme-swirl-led-antiikkikynttila-beige\/","title":{"rendered":"Flamme Swirl Led-antiikkikynttil\u00e4  beige"},"content":{"rendered":"<p>Flamme Swirl Led-antiikkikynttil\u00e4 beige<\/p>\n<p>Beige\u00a0 LED-antiikkikynttil\u00e4 sis\u00e4k\u00e4ytt\u00f6\u00f6n, 2 kpl\/pakkaus.<br \/>\nAidon n\u00e4k\u00f6inen liekki.<br \/>\nIP20. Kiinte\u00e4 LED 0,03W, 10 mA, 3V. Paloaika n. 10 000 h.<br \/>\nToimii 4 x AAA-paristoilla, jotka eiv\u00e4t sis\u00e4lly pakkaukseen.<br \/>\nAjastin 6 h p\u00e4\u00e4ll\u00e4, 18 h pois, toistuva.<\/p>\n<p>Mitat: 23.0 mm x 23.0 mm x 250.0 mm<\/p>\n<p>&nbsp;<\/p>\n","protected":false},"excerpt":{"rendered":"<p>Flamme Swirl Led-antiikkikynttil\u00e4 beige Beige\u00a0 LED-antiikkikynttil\u00e4 sis\u00e4k\u00e4ytt\u00f6\u00f6n, 2 kpl\/pakkaus. Aidon n\u00e4k\u00f6inen liekki. IP20. Kiinte\u00e4 LED 0,03W, 10 mA, 3V. Paloaika n. 10 000 h. Toimii 4 x AAA-paristoilla, jotka eiv\u00e4t sis\u00e4lly pakkaukseen. Ajastin 6 h p\u00e4\u00e4ll\u00e4, 18 h pois, toistuva. Mitat: 23.0 mm x 23.0 mm x 250.0 mm &nbsp;<\/p>\n","protected":false},"featured_media":11318,"comment_status":"closed","ping_status":"closed","template":"","meta":[],"product_brand":[],"product_cat":[176,199,180],"product_tag":[],"class_list":{"0":"post-11317","1":"product","2":"type-product","3":"status-publish","4":"has-post-thumbnail","6":"product_cat-joulu-ja-koristevalot","7":"product_cat-koristevalot","8":"product_cat-paristovalosarjat","10":"first","11":"instock","12":"taxable","13":"shipping-taxable","14":"purchasable","15":"product-type-simple"},"_links":{"self":[{"href":"https:\/\/www.ksttukku.fi\/kauppa\/wp-json\/wp\/v2\/product\/11317","targetHints":{"allow":["GET"]}}],"collection":[{"href":"https:\/\/www.ksttukku.fi\/kauppa\/wp-json\/wp\/v2\/product"}],"about":[{"href":"https:\/\/www.ksttukku.fi\/kauppa\/wp-json\/wp\/v2\/types\/product"}],"replies":[{"embeddable":true,"href":"https:\/\/www.ksttukku.fi\/kauppa\/wp-json\/wp\/v2\/comments?post=11317"}],"wp:featuredmedia":[{"embeddable":true,"href":"https:\/\/www.ksttukku.fi\/kauppa\/wp-json\/wp\/v2\/media\/11318"}],"wp:attachment":[{"href":"https:\/\/www.ksttukku.fi\/kauppa\/wp-json\/wp\/v2\/media?parent=11317"}],"wp:term":[{"taxonomy":"product_brand","embeddable":true,"href":"https:\/\/www.ksttukku.fi\/kauppa\/wp-json\/wp\/v2\/product_brand?post=11317"},{"taxonomy":"product_cat","embeddable":true,"href":"https:\/\/www.ksttukku.fi\/kauppa\/wp-json\/wp\/v2\/product_cat?post=11317"},{"taxonomy":"product_tag","embeddable":true,"href":"https:\/\/www.ksttukku.fi\/kauppa\/wp-json\/wp\/v2\/product_tag?post=11317"}],"curies":[{"name":"wp","href":"https:\/\/api.w.org\/{rel}","templated":true}]}}