{"id":11321,"date":"2022-10-20T11:49:49","date_gmt":"2022-10-20T08:49:49","guid":{"rendered":"https:\/\/www.ksttukku.fi\/kauppa\/?post_type=product&#038;p=11321"},"modified":"2022-10-20T11:49:49","modified_gmt":"2022-10-20T08:49:49","slug":"flamme-swirl-led-antiikkikynttila-2-pack-harmaa","status":"publish","type":"product","link":"https:\/\/www.ksttukku.fi\/kauppa\/tuote\/flamme-swirl-led-antiikkikynttila-2-pack-harmaa\/","title":{"rendered":"Flamme Swirl LED-antiikkikynttil\u00e4 2-pack harmaa"},"content":{"rendered":"<p>Harmaa LED-antiikkikynttil\u00e4 sis\u00e4k\u00e4ytt\u00f6\u00f6n, 2 kpl\/pakkaus.<br \/>\nAidon n\u00e4k\u00f6inen liekki l\u00e4mpim\u00e4n valkoisella valolla.<br \/>\nIP20. Kiinte\u00e4 LED 0,03W, 10 mA, 3V. Paloaika n. 10 000 h.<br \/>\nToimii 4 x AAA-paristoilla, jotka eiv\u00e4t sis\u00e4lly pakkaukseen.<br \/>\nAjastin 6 h p\u00e4\u00e4ll\u00e4, 18 h pois, toistuva<\/p>\n<p>Mitat: 23.0 mm x 23.0 mm x 250.0 mm<\/p>\n","protected":false},"excerpt":{"rendered":"<p>Harmaa LED-antiikkikynttil\u00e4 sis\u00e4k\u00e4ytt\u00f6\u00f6n, 2 kpl\/pakkaus. Aidon n\u00e4k\u00f6inen liekki l\u00e4mpim\u00e4n valkoisella valolla. IP20. Kiinte\u00e4 LED 0,03W, 10 mA, 3V. Paloaika n. 10 000 h. Toimii 4 x AAA-paristoilla, jotka eiv\u00e4t sis\u00e4lly pakkaukseen. Ajastin 6 h p\u00e4\u00e4ll\u00e4, 18 h pois, toistuva Mitat: 23.0 mm x 23.0 mm x 250.0 mm<\/p>\n","protected":false},"featured_media":11322,"comment_status":"closed","ping_status":"closed","template":"","meta":[],"product_brand":[],"product_cat":[199,180],"product_tag":[],"class_list":{"0":"post-11321","1":"product","2":"type-product","3":"status-publish","4":"has-post-thumbnail","6":"product_cat-koristevalot","7":"product_cat-paristovalosarjat","9":"first","10":"instock","11":"taxable","12":"shipping-taxable","13":"purchasable","14":"product-type-simple"},"_links":{"self":[{"href":"https:\/\/www.ksttukku.fi\/kauppa\/wp-json\/wp\/v2\/product\/11321","targetHints":{"allow":["GET"]}}],"collection":[{"href":"https:\/\/www.ksttukku.fi\/kauppa\/wp-json\/wp\/v2\/product"}],"about":[{"href":"https:\/\/www.ksttukku.fi\/kauppa\/wp-json\/wp\/v2\/types\/product"}],"replies":[{"embeddable":true,"href":"https:\/\/www.ksttukku.fi\/kauppa\/wp-json\/wp\/v2\/comments?post=11321"}],"wp:featuredmedia":[{"embeddable":true,"href":"https:\/\/www.ksttukku.fi\/kauppa\/wp-json\/wp\/v2\/media\/11322"}],"wp:attachment":[{"href":"https:\/\/www.ksttukku.fi\/kauppa\/wp-json\/wp\/v2\/media?parent=11321"}],"wp:term":[{"taxonomy":"product_brand","embeddable":true,"href":"https:\/\/www.ksttukku.fi\/kauppa\/wp-json\/wp\/v2\/product_brand?post=11321"},{"taxonomy":"product_cat","embeddable":true,"href":"https:\/\/www.ksttukku.fi\/kauppa\/wp-json\/wp\/v2\/product_cat?post=11321"},{"taxonomy":"product_tag","embeddable":true,"href":"https:\/\/www.ksttukku.fi\/kauppa\/wp-json\/wp\/v2\/product_tag?post=11321"}],"curies":[{"name":"wp","href":"https:\/\/api.w.org\/{rel}","templated":true}]}}