{"id":11325,"date":"2022-10-20T12:17:18","date_gmt":"2022-10-20T09:17:18","guid":{"rendered":"https:\/\/www.ksttukku.fi\/kauppa\/?post_type=product&#038;p=11325"},"modified":"2022-10-20T12:17:18","modified_gmt":"2022-10-20T09:17:18","slug":"flamme-led-antiikkikynttila-2-pack-valkoinen","status":"publish","type":"product","link":"https:\/\/www.ksttukku.fi\/kauppa\/tuote\/flamme-led-antiikkikynttila-2-pack-valkoinen\/","title":{"rendered":"Flamme LED-antiikkikynttil\u00e4 2-pack valkoinen"},"content":{"rendered":"<p>LED-antiikkikynttil\u00e4t 2-pack. Valon s\u00e4vy: l\u00e4mmin valkoinen.<br \/>\nOikeaa kynttil\u00e4n liekki\u00e4 muistuttava lamppu.<br \/>\nIP20. 2 x kiinte\u00e4 LED 0,03W, 3V, 10 mA. Paloaika n. 10 000 h.<br \/>\nKynttil\u00e4t toimivat kumpikin 2 x AAA-paristoilla, eiv\u00e4t sis\u00e4lly.<br \/>\nParistokesto n. 200 h.<br \/>\nAjastin 6 h p\u00e4\u00e4ll\u00e4, 18 h pois, toistuva.<br \/>\nIntegroitu katkaisija.<\/p>\n<p>Mitat: 250.0 mm x 25.0 mm x 25.0 mm<\/p>\n","protected":false},"excerpt":{"rendered":"<p>LED-antiikkikynttil\u00e4t 2-pack. Valon s\u00e4vy: l\u00e4mmin valkoinen. Oikeaa kynttil\u00e4n liekki\u00e4 muistuttava lamppu. IP20. 2 x kiinte\u00e4 LED 0,03W, 3V, 10 mA. Paloaika n. 10 000 h. Kynttil\u00e4t toimivat kumpikin 2 x AAA-paristoilla, eiv\u00e4t sis\u00e4lly. Paristokesto n. 200 h. Ajastin 6 h p\u00e4\u00e4ll\u00e4, 18 h pois, toistuva. Integroitu katkaisija. Mitat: 250.0 mm x 25.0 mm x 25.0 [&hellip;]<\/p>\n","protected":false},"featured_media":11328,"comment_status":"closed","ping_status":"closed","template":"","meta":[],"product_brand":[],"product_cat":[176,199,180,34],"product_tag":[],"class_list":{"0":"post-11325","1":"product","2":"type-product","3":"status-publish","4":"has-post-thumbnail","6":"product_cat-joulu-ja-koristevalot","7":"product_cat-koristevalot","8":"product_cat-paristovalosarjat","9":"product_cat-valaisimet","11":"first","12":"instock","13":"taxable","14":"shipping-taxable","15":"purchasable","16":"product-type-simple"},"_links":{"self":[{"href":"https:\/\/www.ksttukku.fi\/kauppa\/wp-json\/wp\/v2\/product\/11325","targetHints":{"allow":["GET"]}}],"collection":[{"href":"https:\/\/www.ksttukku.fi\/kauppa\/wp-json\/wp\/v2\/product"}],"about":[{"href":"https:\/\/www.ksttukku.fi\/kauppa\/wp-json\/wp\/v2\/types\/product"}],"replies":[{"embeddable":true,"href":"https:\/\/www.ksttukku.fi\/kauppa\/wp-json\/wp\/v2\/comments?post=11325"}],"wp:featuredmedia":[{"embeddable":true,"href":"https:\/\/www.ksttukku.fi\/kauppa\/wp-json\/wp\/v2\/media\/11328"}],"wp:attachment":[{"href":"https:\/\/www.ksttukku.fi\/kauppa\/wp-json\/wp\/v2\/media?parent=11325"}],"wp:term":[{"taxonomy":"product_brand","embeddable":true,"href":"https:\/\/www.ksttukku.fi\/kauppa\/wp-json\/wp\/v2\/product_brand?post=11325"},{"taxonomy":"product_cat","embeddable":true,"href":"https:\/\/www.ksttukku.fi\/kauppa\/wp-json\/wp\/v2\/product_cat?post=11325"},{"taxonomy":"product_tag","embeddable":true,"href":"https:\/\/www.ksttukku.fi\/kauppa\/wp-json\/wp\/v2\/product_tag?post=11325"}],"curies":[{"name":"wp","href":"https:\/\/api.w.org\/{rel}","templated":true}]}}