{"id":11329,"date":"2022-10-20T12:32:07","date_gmt":"2022-10-20T09:32:07","guid":{"rendered":"https:\/\/www.ksttukku.fi\/kauppa\/?post_type=product&#038;p=11329"},"modified":"2022-10-20T12:32:08","modified_gmt":"2022-10-20T09:32:08","slug":"joulukoriste-wolkkari-992-59","status":"publish","type":"product","link":"https:\/\/www.ksttukku.fi\/kauppa\/tuote\/joulukoriste-wolkkari-992-59\/","title":{"rendered":"Joulukoriste Wolkkari 992-59"},"content":{"rendered":"<p>Joulukoriste kleinbus. V\u00e4ri: vihre\u00e4<br \/>\nValon s\u00e4vy: l\u00e4mminvalkoinen<br \/>\nIP20. 3V. 0.06W. 10 x LED<br \/>\n2 paristoa AA ei sis\u00e4lly<br \/>\nAjastin 6 h p\u00e4\u00e4ll\u00e4, 18 h pois, toistuva<br \/>\nLeveys: 15,5 cm<br \/>\nKorkeus: 10 cm<\/p>\n","protected":false},"excerpt":{"rendered":"<p>Joulukoriste kleinbus. V\u00e4ri: vihre\u00e4 Valon s\u00e4vy: l\u00e4mminvalkoinen IP20. 3V. 0.06W. 10 x LED 2 paristoa AA ei sis\u00e4lly Ajastin 6 h p\u00e4\u00e4ll\u00e4, 18 h pois, toistuva Leveys: 15,5 cm Korkeus: 10 cm<\/p>\n","protected":false},"featured_media":11330,"comment_status":"closed","ping_status":"closed","template":"","meta":[],"product_brand":[],"product_cat":[176,199,180,34],"product_tag":[],"class_list":{"0":"post-11329","1":"product","2":"type-product","3":"status-publish","4":"has-post-thumbnail","6":"product_cat-joulu-ja-koristevalot","7":"product_cat-koristevalot","8":"product_cat-paristovalosarjat","9":"product_cat-valaisimet","11":"first","12":"instock","13":"taxable","14":"shipping-taxable","15":"purchasable","16":"product-type-simple"},"_links":{"self":[{"href":"https:\/\/www.ksttukku.fi\/kauppa\/wp-json\/wp\/v2\/product\/11329","targetHints":{"allow":["GET"]}}],"collection":[{"href":"https:\/\/www.ksttukku.fi\/kauppa\/wp-json\/wp\/v2\/product"}],"about":[{"href":"https:\/\/www.ksttukku.fi\/kauppa\/wp-json\/wp\/v2\/types\/product"}],"replies":[{"embeddable":true,"href":"https:\/\/www.ksttukku.fi\/kauppa\/wp-json\/wp\/v2\/comments?post=11329"}],"wp:featuredmedia":[{"embeddable":true,"href":"https:\/\/www.ksttukku.fi\/kauppa\/wp-json\/wp\/v2\/media\/11330"}],"wp:attachment":[{"href":"https:\/\/www.ksttukku.fi\/kauppa\/wp-json\/wp\/v2\/media?parent=11329"}],"wp:term":[{"taxonomy":"product_brand","embeddable":true,"href":"https:\/\/www.ksttukku.fi\/kauppa\/wp-json\/wp\/v2\/product_brand?post=11329"},{"taxonomy":"product_cat","embeddable":true,"href":"https:\/\/www.ksttukku.fi\/kauppa\/wp-json\/wp\/v2\/product_cat?post=11329"},{"taxonomy":"product_tag","embeddable":true,"href":"https:\/\/www.ksttukku.fi\/kauppa\/wp-json\/wp\/v2\/product_tag?post=11329"}],"curies":[{"name":"wp","href":"https:\/\/api.w.org\/{rel}","templated":true}]}}