{"id":11331,"date":"2022-10-20T12:53:02","date_gmt":"2022-10-20T09:53:02","guid":{"rendered":"https:\/\/www.ksttukku.fi\/kauppa\/?post_type=product&#038;p=11331"},"modified":"2022-10-20T13:00:14","modified_gmt":"2022-10-20T10:00:14","slug":"sensy-mini-star-poytatahti-valkoinen","status":"publish","type":"product","link":"https:\/\/www.ksttukku.fi\/kauppa\/tuote\/sensy-mini-star-poytatahti-valkoinen\/","title":{"rendered":"Sensy Mini Star p\u00f6yt\u00e4t\u00e4hti valkoinen"},"content":{"rendered":"<p>Paperinen p\u00f6yt\u00e4t\u00e4hti metallijalalla.<br \/>\nIP20. E14-kanta, max. 25W. Ei sis\u00e4ll\u00e4 valonl\u00e4hdett\u00e4.<br \/>\nVirtajohto katkaisijalla, pituus 180 cm.<br \/>\n230V AC.<\/p>\n<p>Mitat: 550.0 mm x 340.0 mm x 140.0 mm<\/p>\n","protected":false},"excerpt":{"rendered":"<p>Paperinen p\u00f6yt\u00e4t\u00e4hti metallijalalla. IP20. E14-kanta, max. 25W. Ei sis\u00e4ll\u00e4 valonl\u00e4hdett\u00e4. Virtajohto katkaisijalla, pituus 180 cm. 230V AC. Mitat: 550.0 mm x 340.0 mm x 140.0 mm<\/p>\n","protected":false},"featured_media":11332,"comment_status":"closed","ping_status":"closed","template":"","meta":[],"product_brand":[],"product_cat":[176,181,198,34],"product_tag":[],"class_list":{"0":"post-11331","1":"product","2":"type-product","3":"status-publish","4":"has-post-thumbnail","6":"product_cat-joulu-ja-koristevalot","7":"product_cat-kynttelikot","8":"product_cat-paperitahdet","9":"product_cat-valaisimet","11":"first","12":"instock","13":"taxable","14":"shipping-taxable","15":"purchasable","16":"product-type-simple"},"_links":{"self":[{"href":"https:\/\/www.ksttukku.fi\/kauppa\/wp-json\/wp\/v2\/product\/11331","targetHints":{"allow":["GET"]}}],"collection":[{"href":"https:\/\/www.ksttukku.fi\/kauppa\/wp-json\/wp\/v2\/product"}],"about":[{"href":"https:\/\/www.ksttukku.fi\/kauppa\/wp-json\/wp\/v2\/types\/product"}],"replies":[{"embeddable":true,"href":"https:\/\/www.ksttukku.fi\/kauppa\/wp-json\/wp\/v2\/comments?post=11331"}],"wp:featuredmedia":[{"embeddable":true,"href":"https:\/\/www.ksttukku.fi\/kauppa\/wp-json\/wp\/v2\/media\/11332"}],"wp:attachment":[{"href":"https:\/\/www.ksttukku.fi\/kauppa\/wp-json\/wp\/v2\/media?parent=11331"}],"wp:term":[{"taxonomy":"product_brand","embeddable":true,"href":"https:\/\/www.ksttukku.fi\/kauppa\/wp-json\/wp\/v2\/product_brand?post=11331"},{"taxonomy":"product_cat","embeddable":true,"href":"https:\/\/www.ksttukku.fi\/kauppa\/wp-json\/wp\/v2\/product_cat?post=11331"},{"taxonomy":"product_tag","embeddable":true,"href":"https:\/\/www.ksttukku.fi\/kauppa\/wp-json\/wp\/v2\/product_tag?post=11331"}],"curies":[{"name":"wp","href":"https:\/\/api.w.org\/{rel}","templated":true}]}}