{"id":11335,"date":"2022-10-20T14:25:33","date_gmt":"2022-10-20T11:25:33","guid":{"rendered":"https:\/\/www.ksttukku.fi\/kauppa\/?post_type=product&#038;p=11335"},"modified":"2022-10-20T14:25:33","modified_gmt":"2022-10-20T11:25:33","slug":"billy-joulujuna-poytakoriste","status":"publish","type":"product","link":"https:\/\/www.ksttukku.fi\/kauppa\/tuote\/billy-joulujuna-poytakoriste\/","title":{"rendered":"Billy joulujuna p\u00f6yt\u00e4koriste"},"content":{"rendered":"<p>Puinen jouluaiheinen p\u00f6yt\u00e4koriste sis\u00e4k\u00e4ytt\u00f6\u00f6n. Koristetta valaisevat pienet LED-lamput l\u00e4mpim\u00e4n valkoisella valolla.<br \/>\n10 x kiinte\u00e4 LED 0,06W, 20 mA, 3V. Paloaika n. 10 000 h.<br \/>\nToimivat kahdella AAA-paristolla, jotka eiv\u00e4t sis\u00e4lly pakkaukseen.<br \/>\nAjastin 6 h p\u00e4\u00e4ll\u00e4, 18 h pois, toistuva.<br \/>\n3V DC.<\/p>\n<p>Mitat: 295.0 mm x 25.0 mm x 135.0 mm<\/p>\n","protected":false},"excerpt":{"rendered":"<p>Puinen jouluaiheinen p\u00f6yt\u00e4koriste sis\u00e4k\u00e4ytt\u00f6\u00f6n. Koristetta valaisevat pienet LED-lamput l\u00e4mpim\u00e4n valkoisella valolla. 10 x kiinte\u00e4 LED 0,06W, 20 mA, 3V. Paloaika n. 10 000 h. Toimivat kahdella AAA-paristolla, jotka eiv\u00e4t sis\u00e4lly pakkaukseen. Ajastin 6 h p\u00e4\u00e4ll\u00e4, 18 h pois, toistuva. 3V DC. Mitat: 295.0 mm x 25.0 mm x 135.0 mm<\/p>\n","protected":false},"featured_media":11336,"comment_status":"closed","ping_status":"closed","template":"","meta":[],"product_brand":[],"product_cat":[176,199,34],"product_tag":[],"class_list":{"0":"post-11335","1":"product","2":"type-product","3":"status-publish","4":"has-post-thumbnail","6":"product_cat-joulu-ja-koristevalot","7":"product_cat-koristevalot","8":"product_cat-valaisimet","10":"first","11":"instock","12":"taxable","13":"shipping-taxable","14":"purchasable","15":"product-type-simple"},"_links":{"self":[{"href":"https:\/\/www.ksttukku.fi\/kauppa\/wp-json\/wp\/v2\/product\/11335","targetHints":{"allow":["GET"]}}],"collection":[{"href":"https:\/\/www.ksttukku.fi\/kauppa\/wp-json\/wp\/v2\/product"}],"about":[{"href":"https:\/\/www.ksttukku.fi\/kauppa\/wp-json\/wp\/v2\/types\/product"}],"replies":[{"embeddable":true,"href":"https:\/\/www.ksttukku.fi\/kauppa\/wp-json\/wp\/v2\/comments?post=11335"}],"wp:featuredmedia":[{"embeddable":true,"href":"https:\/\/www.ksttukku.fi\/kauppa\/wp-json\/wp\/v2\/media\/11336"}],"wp:attachment":[{"href":"https:\/\/www.ksttukku.fi\/kauppa\/wp-json\/wp\/v2\/media?parent=11335"}],"wp:term":[{"taxonomy":"product_brand","embeddable":true,"href":"https:\/\/www.ksttukku.fi\/kauppa\/wp-json\/wp\/v2\/product_brand?post=11335"},{"taxonomy":"product_cat","embeddable":true,"href":"https:\/\/www.ksttukku.fi\/kauppa\/wp-json\/wp\/v2\/product_cat?post=11335"},{"taxonomy":"product_tag","embeddable":true,"href":"https:\/\/www.ksttukku.fi\/kauppa\/wp-json\/wp\/v2\/product_tag?post=11335"}],"curies":[{"name":"wp","href":"https:\/\/api.w.org\/{rel}","templated":true}]}}