{"id":11367,"date":"2022-10-20T17:44:40","date_gmt":"2022-10-20T14:44:40","guid":{"rendered":"https:\/\/www.ksttukku.fi\/kauppa\/?post_type=product&#038;p=11367"},"modified":"2026-01-13T12:34:44","modified_gmt":"2026-01-13T10:34:44","slug":"joulukoriste-traktori","status":"publish","type":"product","link":"https:\/\/www.ksttukku.fi\/kauppa\/tuote\/joulukoriste-traktori\/","title":{"rendered":"Joulukoriste traktori"},"content":{"rendered":"<p>Valon s\u00e4vy: l\u00e4mminvalkoinen<br \/>\nIP20. 4,5V. 0.06W. 8 x LED<br \/>\n3 paristoa AA ei sis\u00e4lly<br \/>\nAjastin 6 h p\u00e4\u00e4ll\u00e4, 18 h pois, toistuva<br \/>\nLeveys: 28,5 cm<br \/>\nKorkeus: 20 cm<\/p>\n","protected":false},"excerpt":{"rendered":"<p>Valon s\u00e4vy: l\u00e4mminvalkoinen IP20. 4,5V. 0.06W. 8 x LED 3 paristoa AA ei sis\u00e4lly Ajastin 6 h p\u00e4\u00e4ll\u00e4, 18 h pois, toistuva Leveys: 28,5 cm Korkeus: 20 cm<\/p>\n","protected":false},"featured_media":11368,"comment_status":"closed","ping_status":"closed","template":"","meta":[],"product_brand":[],"product_cat":[176,180,34],"product_tag":[],"class_list":{"0":"post-11367","1":"product","2":"type-product","3":"status-publish","4":"has-post-thumbnail","6":"product_cat-joulu-ja-koristevalot","7":"product_cat-paristovalosarjat","8":"product_cat-valaisimet","10":"first","11":"outofstock","12":"taxable","13":"shipping-taxable","14":"purchasable","15":"product-type-simple"},"_links":{"self":[{"href":"https:\/\/www.ksttukku.fi\/kauppa\/wp-json\/wp\/v2\/product\/11367","targetHints":{"allow":["GET"]}}],"collection":[{"href":"https:\/\/www.ksttukku.fi\/kauppa\/wp-json\/wp\/v2\/product"}],"about":[{"href":"https:\/\/www.ksttukku.fi\/kauppa\/wp-json\/wp\/v2\/types\/product"}],"replies":[{"embeddable":true,"href":"https:\/\/www.ksttukku.fi\/kauppa\/wp-json\/wp\/v2\/comments?post=11367"}],"wp:featuredmedia":[{"embeddable":true,"href":"https:\/\/www.ksttukku.fi\/kauppa\/wp-json\/wp\/v2\/media\/11368"}],"wp:attachment":[{"href":"https:\/\/www.ksttukku.fi\/kauppa\/wp-json\/wp\/v2\/media?parent=11367"}],"wp:term":[{"taxonomy":"product_brand","embeddable":true,"href":"https:\/\/www.ksttukku.fi\/kauppa\/wp-json\/wp\/v2\/product_brand?post=11367"},{"taxonomy":"product_cat","embeddable":true,"href":"https:\/\/www.ksttukku.fi\/kauppa\/wp-json\/wp\/v2\/product_cat?post=11367"},{"taxonomy":"product_tag","embeddable":true,"href":"https:\/\/www.ksttukku.fi\/kauppa\/wp-json\/wp\/v2\/product_tag?post=11367"}],"curies":[{"name":"wp","href":"https:\/\/api.w.org\/{rel}","templated":true}]}}