{"id":11369,"date":"2022-10-20T17:56:12","date_gmt":"2022-10-20T14:56:12","guid":{"rendered":"https:\/\/www.ksttukku.fi\/kauppa\/?post_type=product&#038;p=11369"},"modified":"2022-10-20T17:56:13","modified_gmt":"2022-10-20T14:56:13","slug":"grandy-lumilyhty-poytakoriste","status":"publish","type":"product","link":"https:\/\/www.ksttukku.fi\/kauppa\/tuote\/grandy-lumilyhty-poytakoriste\/","title":{"rendered":"Grandy lumilyhty p\u00f6yt\u00e4koriste"},"content":{"rendered":"<p>Sis\u00e4k\u00e4ytt\u00f6\u00f6n sopiva puusta valmistettu valkoinen lumilyhty-siluetti kylm\u00e4n valkoisilla LED-valoilla.<br \/>\n20 x kiinte\u00e4 LED, 0,9W, 300 mA, 3,1V.<br \/>\nMuuntaja: 5V DC 1.5W IP44 Schuko-liit\u00e4nt\u00e4.<br \/>\nL\u00e4pin\u00e4kyv\u00e4 kaapeli.<\/p>\n<ul>\n<li>\n<div>Materiaali: Puu<\/div>\n<\/li>\n<li>\n<div>V\u00e4ri: Valkoinen<\/div>\n<\/li>\n<li>IP 20<\/li>\n<li>Virtajohto 500cm<\/li>\n<li>Mitat: 400.0 mm x 100.0 mm x 390.0 mm<\/li>\n<\/ul>\n","protected":false},"excerpt":{"rendered":"<p>Sis\u00e4k\u00e4ytt\u00f6\u00f6n sopiva puusta valmistettu valkoinen lumilyhty-siluetti kylm\u00e4n valkoisilla LED-valoilla. 20 x kiinte\u00e4 LED, 0,9W, 300 mA, 3,1V. Muuntaja: 5V DC 1.5W IP44 Schuko-liit\u00e4nt\u00e4. L\u00e4pin\u00e4kyv\u00e4 kaapeli. Materiaali: Puu V\u00e4ri: Valkoinen IP 20 Virtajohto 500cm Mitat: 400.0 mm x 100.0 mm x 390.0 mm<\/p>\n","protected":false},"featured_media":11370,"comment_status":"closed","ping_status":"closed","template":"","meta":[],"product_brand":[],"product_cat":[176,199,34],"product_tag":[],"class_list":{"0":"post-11369","1":"product","2":"type-product","3":"status-publish","4":"has-post-thumbnail","6":"product_cat-joulu-ja-koristevalot","7":"product_cat-koristevalot","8":"product_cat-valaisimet","10":"first","11":"instock","12":"taxable","13":"shipping-taxable","14":"purchasable","15":"product-type-simple"},"_links":{"self":[{"href":"https:\/\/www.ksttukku.fi\/kauppa\/wp-json\/wp\/v2\/product\/11369","targetHints":{"allow":["GET"]}}],"collection":[{"href":"https:\/\/www.ksttukku.fi\/kauppa\/wp-json\/wp\/v2\/product"}],"about":[{"href":"https:\/\/www.ksttukku.fi\/kauppa\/wp-json\/wp\/v2\/types\/product"}],"replies":[{"embeddable":true,"href":"https:\/\/www.ksttukku.fi\/kauppa\/wp-json\/wp\/v2\/comments?post=11369"}],"wp:featuredmedia":[{"embeddable":true,"href":"https:\/\/www.ksttukku.fi\/kauppa\/wp-json\/wp\/v2\/media\/11370"}],"wp:attachment":[{"href":"https:\/\/www.ksttukku.fi\/kauppa\/wp-json\/wp\/v2\/media?parent=11369"}],"wp:term":[{"taxonomy":"product_brand","embeddable":true,"href":"https:\/\/www.ksttukku.fi\/kauppa\/wp-json\/wp\/v2\/product_brand?post=11369"},{"taxonomy":"product_cat","embeddable":true,"href":"https:\/\/www.ksttukku.fi\/kauppa\/wp-json\/wp\/v2\/product_cat?post=11369"},{"taxonomy":"product_tag","embeddable":true,"href":"https:\/\/www.ksttukku.fi\/kauppa\/wp-json\/wp\/v2\/product_tag?post=11369"}],"curies":[{"name":"wp","href":"https:\/\/api.w.org\/{rel}","templated":true}]}}