{"id":11381,"date":"2022-10-21T11:04:53","date_gmt":"2022-10-21T08:04:53","guid":{"rendered":"https:\/\/www.ksttukku.fi\/kauppa\/?post_type=product&#038;p=11381"},"modified":"2023-10-28T10:49:54","modified_gmt":"2023-10-28T07:49:54","slug":"star-trading-kynttilasiluetti-poytakoriste-valkoinen","status":"publish","type":"product","link":"https:\/\/www.ksttukku.fi\/kauppa\/tuote\/star-trading-kynttilasiluetti-poytakoriste-valkoinen\/","title":{"rendered":"Eglo Kynttil\u00e4siluetti p\u00f6yt\u00e4koriste valkoinen"},"content":{"rendered":"<p>Kaunista tunnelmaa syksyyn ja talveen<\/p>\n<p>Led-kynttil\u00e4siluetti\u00a0\u00a0 valkoinen<\/p>\n<p>Mitat: 130.0 mm x 80.0 mm x 360.0 mm<\/p>\n<p>Sis\u00e4\u00e4nrakennettu ajastin<\/p>\n<p>Toimii\u00a0 kolmella\u00a0 AA-paristolla, jotka eiv\u00e4t sis\u00e4lly pakkaukseen.<br \/>\nAjastin 6 h p\u00e4\u00e4ll\u00e4, 18 h pois, toistuva<\/p>\n<p>&nbsp;<\/p>\n<p>&nbsp;<\/p>\n","protected":false},"excerpt":{"rendered":"<p>Kaunista tunnelmaa syksyyn ja talveen Led-kynttil\u00e4siluetti\u00a0\u00a0 valkoinen Mitat: 130.0 mm x 80.0 mm x 360.0 mm Sis\u00e4\u00e4nrakennettu ajastin Toimii\u00a0 kolmella\u00a0 AA-paristolla, jotka eiv\u00e4t sis\u00e4lly pakkaukseen. Ajastin 6 h p\u00e4\u00e4ll\u00e4, 18 h pois, toistuva &nbsp; &nbsp;<\/p>\n","protected":false},"featured_media":11382,"comment_status":"closed","ping_status":"closed","template":"","meta":[],"product_brand":[],"product_cat":[176,199,180,34],"product_tag":[],"class_list":{"0":"post-11381","1":"product","2":"type-product","3":"status-publish","4":"has-post-thumbnail","6":"product_cat-joulu-ja-koristevalot","7":"product_cat-koristevalot","8":"product_cat-paristovalosarjat","9":"product_cat-valaisimet","11":"first","12":"instock","13":"taxable","14":"shipping-taxable","15":"purchasable","16":"product-type-simple"},"_links":{"self":[{"href":"https:\/\/www.ksttukku.fi\/kauppa\/wp-json\/wp\/v2\/product\/11381","targetHints":{"allow":["GET"]}}],"collection":[{"href":"https:\/\/www.ksttukku.fi\/kauppa\/wp-json\/wp\/v2\/product"}],"about":[{"href":"https:\/\/www.ksttukku.fi\/kauppa\/wp-json\/wp\/v2\/types\/product"}],"replies":[{"embeddable":true,"href":"https:\/\/www.ksttukku.fi\/kauppa\/wp-json\/wp\/v2\/comments?post=11381"}],"wp:featuredmedia":[{"embeddable":true,"href":"https:\/\/www.ksttukku.fi\/kauppa\/wp-json\/wp\/v2\/media\/11382"}],"wp:attachment":[{"href":"https:\/\/www.ksttukku.fi\/kauppa\/wp-json\/wp\/v2\/media?parent=11381"}],"wp:term":[{"taxonomy":"product_brand","embeddable":true,"href":"https:\/\/www.ksttukku.fi\/kauppa\/wp-json\/wp\/v2\/product_brand?post=11381"},{"taxonomy":"product_cat","embeddable":true,"href":"https:\/\/www.ksttukku.fi\/kauppa\/wp-json\/wp\/v2\/product_cat?post=11381"},{"taxonomy":"product_tag","embeddable":true,"href":"https:\/\/www.ksttukku.fi\/kauppa\/wp-json\/wp\/v2\/product_tag?post=11381"}],"curies":[{"name":"wp","href":"https:\/\/api.w.org\/{rel}","templated":true}]}}