{"id":11404,"date":"2022-10-21T18:34:52","date_gmt":"2022-10-21T15:34:52","guid":{"rendered":"https:\/\/www.ksttukku.fi\/kauppa\/?post_type=product&#038;p=11404"},"modified":"2022-10-21T18:34:53","modified_gmt":"2022-10-21T15:34:53","slug":"led-lamppu-e14-st38-soft-glow-2100k-30lm","status":"publish","type":"product","link":"https:\/\/www.ksttukku.fi\/kauppa\/tuote\/led-lamppu-e14-st38-soft-glow-2100k-30lm\/","title":{"rendered":"LED-lamppu E14 ST38 Soft Glow 2100K 30lm"},"content":{"rendered":"<p>Decoration LED filamentti. Valon s\u00e4vy: pehme\u00e4 hehku, l\u00e4mmin.<\/p>\n<p>220-240V. E14. 0,5W. 2100K. 30 lm.90 Ra. 6 mA. LEDej\u00e4 lampussa 2.<br \/>\nPaloaika n 15 000h. 12 500h. Syttymisaika 0 s.<\/p>\n<p>K\u00e4ytt\u00f6l\u00e4mp\u00f6tila: -20 &#8211; +40\u00b0<\/p>\n<p>Mitat: 38.0 mm x 38.0 mm x 94.0 mm<\/p>\n","protected":false},"excerpt":{"rendered":"<p>Decoration LED filamentti. Valon s\u00e4vy: pehme\u00e4 hehku, l\u00e4mmin. 220-240V. E14. 0,5W. 2100K. 30 lm.90 Ra. 6 mA. LEDej\u00e4 lampussa 2. Paloaika n 15 000h. 12 500h. Syttymisaika 0 s. K\u00e4ytt\u00f6l\u00e4mp\u00f6tila: -20 &#8211; +40\u00b0 Mitat: 38.0 mm x 38.0 mm x 94.0 mm<\/p>\n","protected":false},"featured_media":11405,"comment_status":"closed","ping_status":"closed","template":"","meta":[],"product_brand":[],"product_cat":[186,185,189,34],"product_tag":[],"class_list":{"0":"post-11404","1":"product","2":"type-product","3":"status-publish","4":"has-post-thumbnail","6":"product_cat-ledlamput","7":"product_cat-lamput","8":"product_cat-muut-ledlamput","9":"product_cat-valaisimet","11":"first","12":"instock","13":"taxable","14":"shipping-taxable","15":"purchasable","16":"product-type-simple"},"_links":{"self":[{"href":"https:\/\/www.ksttukku.fi\/kauppa\/wp-json\/wp\/v2\/product\/11404","targetHints":{"allow":["GET"]}}],"collection":[{"href":"https:\/\/www.ksttukku.fi\/kauppa\/wp-json\/wp\/v2\/product"}],"about":[{"href":"https:\/\/www.ksttukku.fi\/kauppa\/wp-json\/wp\/v2\/types\/product"}],"replies":[{"embeddable":true,"href":"https:\/\/www.ksttukku.fi\/kauppa\/wp-json\/wp\/v2\/comments?post=11404"}],"wp:featuredmedia":[{"embeddable":true,"href":"https:\/\/www.ksttukku.fi\/kauppa\/wp-json\/wp\/v2\/media\/11405"}],"wp:attachment":[{"href":"https:\/\/www.ksttukku.fi\/kauppa\/wp-json\/wp\/v2\/media?parent=11404"}],"wp:term":[{"taxonomy":"product_brand","embeddable":true,"href":"https:\/\/www.ksttukku.fi\/kauppa\/wp-json\/wp\/v2\/product_brand?post=11404"},{"taxonomy":"product_cat","embeddable":true,"href":"https:\/\/www.ksttukku.fi\/kauppa\/wp-json\/wp\/v2\/product_cat?post=11404"},{"taxonomy":"product_tag","embeddable":true,"href":"https:\/\/www.ksttukku.fi\/kauppa\/wp-json\/wp\/v2\/product_tag?post=11404"}],"curies":[{"name":"wp","href":"https:\/\/api.w.org\/{rel}","templated":true}]}}