{"id":11409,"date":"2022-10-22T10:24:31","date_gmt":"2022-10-22T07:24:31","guid":{"rendered":"https:\/\/www.ksttukku.fi\/kauppa\/?post_type=product&#038;p=11409"},"modified":"2024-10-14T15:20:48","modified_gmt":"2024-10-14T12:20:48","slug":"flower-star-200-ledia-60cm-475-14","status":"publish","type":"product","link":"https:\/\/www.ksttukku.fi\/kauppa\/tuote\/flower-star-200-ledia-60cm-475-14\/","title":{"rendered":"Flower Star 200 ledi\u00e4  60cm  475-14"},"content":{"rendered":"<p>N\u00e4ytt\u00e4v\u00e4,\u00a0 kauniisti valaiseva isokokoinen t\u00e4hti.<\/p>\n<p>Valkoinen\u00a0 metallikehikko.<\/p>\n<p>Ulkok\u00e4ytt\u00f6\u00f6n sek\u00e4 sis\u00e4k\u00e4ytt\u00f6\u00f6n soveltuva\u00a0 t\u00e4htikoriste.<br \/>\nValon s\u00e4vy: l\u00e4mmin valkoinen.<br \/>\nIP44<\/p>\n<p>200 x kiinte\u00e4 LED 0,06W, 20 mA, 3,1V, 2400-2600K. Paloaika n. 7 000 h.<br \/>\nMuuntaja: 31V DC 3.6W IP44 Schuko-liit\u00e4nt\u00e4.<br \/>\nVirtajohdon pituus 500 cm.<\/p>\n","protected":false},"excerpt":{"rendered":"<p>N\u00e4ytt\u00e4v\u00e4,\u00a0 kauniisti valaiseva isokokoinen t\u00e4hti. Valkoinen\u00a0 metallikehikko. Ulkok\u00e4ytt\u00f6\u00f6n sek\u00e4 sis\u00e4k\u00e4ytt\u00f6\u00f6n soveltuva\u00a0 t\u00e4htikoriste. Valon s\u00e4vy: l\u00e4mmin valkoinen. IP44 200 x kiinte\u00e4 LED 0,06W, 20 mA, 3,1V, 2400-2600K. Paloaika n. 7 000 h. Muuntaja: 31V DC 3.6W IP44 Schuko-liit\u00e4nt\u00e4. Virtajohdon pituus 500 cm.<\/p>\n","protected":false},"featured_media":11410,"comment_status":"closed","ping_status":"closed","template":"","meta":[],"product_brand":[],"product_cat":[176,198,34],"product_tag":[],"class_list":{"0":"post-11409","1":"product","2":"type-product","3":"status-publish","4":"has-post-thumbnail","6":"product_cat-joulu-ja-koristevalot","7":"product_cat-paperitahdet","8":"product_cat-valaisimet","10":"first","11":"outofstock","12":"taxable","13":"shipping-taxable","14":"purchasable","15":"product-type-simple"},"_links":{"self":[{"href":"https:\/\/www.ksttukku.fi\/kauppa\/wp-json\/wp\/v2\/product\/11409","targetHints":{"allow":["GET"]}}],"collection":[{"href":"https:\/\/www.ksttukku.fi\/kauppa\/wp-json\/wp\/v2\/product"}],"about":[{"href":"https:\/\/www.ksttukku.fi\/kauppa\/wp-json\/wp\/v2\/types\/product"}],"replies":[{"embeddable":true,"href":"https:\/\/www.ksttukku.fi\/kauppa\/wp-json\/wp\/v2\/comments?post=11409"}],"wp:featuredmedia":[{"embeddable":true,"href":"https:\/\/www.ksttukku.fi\/kauppa\/wp-json\/wp\/v2\/media\/11410"}],"wp:attachment":[{"href":"https:\/\/www.ksttukku.fi\/kauppa\/wp-json\/wp\/v2\/media?parent=11409"}],"wp:term":[{"taxonomy":"product_brand","embeddable":true,"href":"https:\/\/www.ksttukku.fi\/kauppa\/wp-json\/wp\/v2\/product_brand?post=11409"},{"taxonomy":"product_cat","embeddable":true,"href":"https:\/\/www.ksttukku.fi\/kauppa\/wp-json\/wp\/v2\/product_cat?post=11409"},{"taxonomy":"product_tag","embeddable":true,"href":"https:\/\/www.ksttukku.fi\/kauppa\/wp-json\/wp\/v2\/product_tag?post=11409"}],"curies":[{"name":"wp","href":"https:\/\/api.w.org\/{rel}","templated":true}]}}