{"id":11506,"date":"2022-10-29T15:50:06","date_gmt":"2022-10-29T12:50:06","guid":{"rendered":"https:\/\/www.ksttukku.fi\/kauppa\/?post_type=product&#038;p=11506"},"modified":"2026-02-05T18:16:15","modified_gmt":"2026-02-05T16:16:15","slug":"valopeili-solo-musta-4000k-ip44","status":"publish","type":"product","link":"https:\/\/www.ksttukku.fi\/kauppa\/tuote\/valopeili-solo-musta-4000k-ip44\/","title":{"rendered":"Valopeili Solo musta 4000K IP44"},"content":{"rendered":"<p>Muatoa ledvalopeili Solo musta. Anodisoidun alumiinikehyksen taakse upotettu lednauha heijastaa valoa ep\u00e4suorasti. Peili asennetaan sein\u00e4\u00e4n asennuskiskon varaan joko vaaka- tai pystyasentoon. Mukana toimitetaan lukitushela peilin kiinte\u00e4\u00e4 asennusta varten sek\u00e4 IP44 liitin, joka mahtuu peilin taakse. 29,3W, 4000K, IP44, sis\u00e4lt\u00e4\u00e4 Osram teknologiaa, takuu 3v. Tuote sis\u00e4lt\u00e4\u00e4 valonl\u00e4hteen energiatehokkuudella E.<\/p>\n","protected":false},"excerpt":{"rendered":"<p>Muatoa ledvalopeili Solo musta. Anodisoidun alumiinikehyksen taakse upotettu lednauha heijastaa valoa ep\u00e4suorasti. Peili asennetaan sein\u00e4\u00e4n asennuskiskon varaan joko vaaka- tai pystyasentoon. Mukana toimitetaan lukitushela peilin kiinte\u00e4\u00e4 asennusta varten sek\u00e4 IP44 liitin, joka mahtuu peilin taakse. 29,3W, 4000K, IP44, sis\u00e4lt\u00e4\u00e4 Osram teknologiaa, takuu 3v. Tuote sis\u00e4lt\u00e4\u00e4 valonl\u00e4hteen energiatehokkuudella E.<\/p>\n","protected":false},"featured_media":11516,"comment_status":"closed","ping_status":"closed","template":"","meta":[],"product_brand":[],"product_cat":[150,237],"product_tag":[],"class_list":{"0":"post-11506","1":"product","2":"type-product","3":"status-publish","4":"has-post-thumbnail","6":"product_cat-kylpyhuone","7":"product_cat-valopeilit","9":"first","10":"instock","11":"taxable","12":"shipping-taxable","13":"purchasable","14":"product-type-variable"},"_links":{"self":[{"href":"https:\/\/www.ksttukku.fi\/kauppa\/wp-json\/wp\/v2\/product\/11506","targetHints":{"allow":["GET"]}}],"collection":[{"href":"https:\/\/www.ksttukku.fi\/kauppa\/wp-json\/wp\/v2\/product"}],"about":[{"href":"https:\/\/www.ksttukku.fi\/kauppa\/wp-json\/wp\/v2\/types\/product"}],"replies":[{"embeddable":true,"href":"https:\/\/www.ksttukku.fi\/kauppa\/wp-json\/wp\/v2\/comments?post=11506"}],"wp:featuredmedia":[{"embeddable":true,"href":"https:\/\/www.ksttukku.fi\/kauppa\/wp-json\/wp\/v2\/media\/11516"}],"wp:attachment":[{"href":"https:\/\/www.ksttukku.fi\/kauppa\/wp-json\/wp\/v2\/media?parent=11506"}],"wp:term":[{"taxonomy":"product_brand","embeddable":true,"href":"https:\/\/www.ksttukku.fi\/kauppa\/wp-json\/wp\/v2\/product_brand?post=11506"},{"taxonomy":"product_cat","embeddable":true,"href":"https:\/\/www.ksttukku.fi\/kauppa\/wp-json\/wp\/v2\/product_cat?post=11506"},{"taxonomy":"product_tag","embeddable":true,"href":"https:\/\/www.ksttukku.fi\/kauppa\/wp-json\/wp\/v2\/product_tag?post=11506"}],"curies":[{"name":"wp","href":"https:\/\/api.w.org\/{rel}","templated":true}]}}