{"id":1151,"date":"2018-03-16T16:25:37","date_gmt":"2018-03-16T14:25:37","guid":{"rendered":"http:\/\/www.ksttukku.fi\/kauppa\/?post_type=product&#038;p=1151"},"modified":"2018-03-16T16:25:37","modified_gmt":"2018-03-16T14:25:37","slug":"pimennyskaihdin-aalto","status":"publish","type":"product","link":"https:\/\/www.ksttukku.fi\/kauppa\/tuote\/pimennyskaihdin-aalto\/","title":{"rendered":"Pimennyskaihdin Aalto"},"content":{"rendered":"<p>Pimennyskaihtimet ovat erinomainen tuote silloin, kun tarvitaan tilan t\u00e4ydellist\u00e4 piment\u00e4mist\u00e4. Verhoissa k\u00e4ytett\u00e4v\u00e4t pimennyskankaat takaavat parhaimmillaan 100 %:n valonsuojan. Pimennyskaihtimet my\u00f6s v\u00e4hent\u00e4v\u00e4t oleellisesti auringon l\u00e4mp\u00f6s\u00e4teilyst\u00e4 aiheutuvaa kuumuutta. Pimennyskaihtimet sopivat kaikkialle miss\u00e4 pimennyst\u00e4 tarvitaan: auditoriot, koulujen luokkahuoneet, av-tilat, kotiteatterit tai vaikka kodin lastenhuoneet ja muut makuuhuoneet. Pimennyskaihtimien avulla voit nukkua pime\u00e4ss\u00e4, valoisallakin s\u00e4\u00e4ll\u00e4. Pimennyslaitteet asennetaan pinta-asennuksena ja ne voidaan kiinnitt\u00e4\u00e4 sein\u00e4\u00e4n tai kattoon. Pimennyslaitteet ovat k\u00e4ytett\u00e4viss\u00e4 jousi-, ketju- ja s\u00e4hk\u00f6k\u00e4ytt\u00f6isin\u00e4. Ketjuk\u00e4ytt\u00f6 soveltuu erityisesti korkeiden ikkunoiden hallintaan. Vaativampiin kohteisiin suositellaan s\u00e4hk\u00f6k\u00e4ytt\u00f6isi\u00e4 pimennyskaihtimia, joita voidaan ohjata kaukos\u00e4\u00e4timell\u00e4, kytkimell\u00e4, ajastuksella, automaattisesti aurinko- tai l\u00e4mp\u00f6antureilla tai liitt\u00e4\u00e4 olemassa olevaan automaattiseen ohjausj\u00e4rjestelm\u00e4\u00e4n (KNX, EBTS, Control4 tms.).<\/p>\n","protected":false},"excerpt":{"rendered":"<div class=\"woocommerce-product-details__short-description\">\n<p>Kaihtimen kokonaisleveys on kankaan leveys +4 cm<\/p>\n<p>Kaihtimen vakiokorkeus on 190 cm<\/p>\n<p>Minimi leveys 60 cm, max. leveys 220 cm<\/p>\n<\/div>\n","protected":false},"featured_media":1141,"comment_status":"closed","ping_status":"closed","template":"","meta":[],"product_brand":[],"product_cat":[104,111],"product_tag":[],"class_list":{"0":"post-1151","1":"product","2":"type-product","3":"status-publish","4":"has-post-thumbnail","6":"product_cat-kaihtimet-ja-verhotangot","7":"product_cat-pimennyskaihdin","9":"first","10":"instock","11":"taxable","12":"shipping-taxable","13":"purchasable","14":"product-type-variable"},"_links":{"self":[{"href":"https:\/\/www.ksttukku.fi\/kauppa\/wp-json\/wp\/v2\/product\/1151","targetHints":{"allow":["GET"]}}],"collection":[{"href":"https:\/\/www.ksttukku.fi\/kauppa\/wp-json\/wp\/v2\/product"}],"about":[{"href":"https:\/\/www.ksttukku.fi\/kauppa\/wp-json\/wp\/v2\/types\/product"}],"replies":[{"embeddable":true,"href":"https:\/\/www.ksttukku.fi\/kauppa\/wp-json\/wp\/v2\/comments?post=1151"}],"wp:featuredmedia":[{"embeddable":true,"href":"https:\/\/www.ksttukku.fi\/kauppa\/wp-json\/wp\/v2\/media\/1141"}],"wp:attachment":[{"href":"https:\/\/www.ksttukku.fi\/kauppa\/wp-json\/wp\/v2\/media?parent=1151"}],"wp:term":[{"taxonomy":"product_brand","embeddable":true,"href":"https:\/\/www.ksttukku.fi\/kauppa\/wp-json\/wp\/v2\/product_brand?post=1151"},{"taxonomy":"product_cat","embeddable":true,"href":"https:\/\/www.ksttukku.fi\/kauppa\/wp-json\/wp\/v2\/product_cat?post=1151"},{"taxonomy":"product_tag","embeddable":true,"href":"https:\/\/www.ksttukku.fi\/kauppa\/wp-json\/wp\/v2\/product_tag?post=1151"}],"curies":[{"name":"wp","href":"https:\/\/api.w.org\/{rel}","templated":true}]}}