{"id":11559,"date":"2022-11-07T17:42:32","date_gmt":"2022-11-07T15:42:32","guid":{"rendered":"https:\/\/www.ksttukku.fi\/kauppa\/?post_type=product&#038;p=11559"},"modified":"2025-02-06T15:52:37","modified_gmt":"2025-02-06T13:52:37","slug":"seinapaneeli-jarnvik-179-betula-122x12x2600mm","status":"publish","type":"product","link":"https:\/\/www.ksttukku.fi\/kauppa\/tuote\/seinapaneeli-jarnvik-179-betula-122x12x2600mm\/","title":{"rendered":"Sein\u00e4paneeli J\u00e4rnvik 179 Betula 122x12x2600mm"},"content":{"rendered":"<p><span class=\"markedContent\"><span dir=\"ltr\" role=\"presentation\">Matalaprofiilinen, sormipaneelia muistuttava pontillinen<\/span><br role=\"presentation\" \/><span dir=\"ltr\" role=\"presentation\">sein\u00e4paneeli, jossa vaaleaa koivua muistuttava kuosi. Voidaan<\/span><br role=\"presentation\" \/><span dir=\"ltr\" role=\"presentation\">asentaa pystyyn tai vaakaan.<\/span><br role=\"presentation\" \/><span dir=\"ltr\" role=\"presentation\">T\u00e4ysin vedenkest\u00e4v\u00e4, ei sis\u00e4ll\u00e4 haitallisia aineita, materiaali<\/span><br role=\"presentation\" \/><span dir=\"ltr\" role=\"presentation\">polystyreeni. Kulutusta kest\u00e4v\u00e4 \/ ei naarmunnu helposti. Helppo ja<\/span><br role=\"presentation\" \/><span dir=\"ltr\" role=\"presentation\">nopea asentaa. Siistimm\u00e4n lopputuloksen saavuttamiseksi panelin<\/span><br role=\"presentation\" \/><span dir=\"ltr\" role=\"presentation\">asennuksessa suositellaan k\u00e4ytett\u00e4v\u00e4n erillisi\u00e4 p\u00e4\u00e4typaloja.<\/span><\/span><\/p>\n<p>Mitat: 122 x 12 x 2600 mm<\/p>\n","protected":false},"excerpt":{"rendered":"<p>Matalaprofiilinen, sormipaneelia muistuttava pontillinensein\u00e4paneeli, jossa vaaleaa koivua muistuttava kuosi. Voidaanasentaa pystyyn tai vaakaan.T\u00e4ysin vedenkest\u00e4v\u00e4, ei sis\u00e4ll\u00e4 haitallisia aineita, materiaalipolystyreeni. Kulutusta kest\u00e4v\u00e4 \/ ei naarmunnu helposti. Helppo janopea asentaa. Siistimm\u00e4n lopputuloksen saavuttamiseksi panelinasennuksessa suositellaan k\u00e4ytett\u00e4v\u00e4n erillisi\u00e4 p\u00e4\u00e4typaloja. Mitat: 122 x 12 x 2600 mm<\/p>\n","protected":false},"featured_media":11561,"comment_status":"closed","ping_status":"closed","template":"","meta":[],"product_brand":[],"product_cat":[490,245],"product_tag":[],"class_list":{"0":"post-11559","1":"product","2":"type-product","3":"status-publish","4":"has-post-thumbnail","6":"product_cat-jarnvik-seinapaneelit","7":"product_cat-sisustuslevyt","9":"first","10":"instock","11":"taxable","12":"shipping-taxable","13":"purchasable","14":"product-type-simple"},"_links":{"self":[{"href":"https:\/\/www.ksttukku.fi\/kauppa\/wp-json\/wp\/v2\/product\/11559","targetHints":{"allow":["GET"]}}],"collection":[{"href":"https:\/\/www.ksttukku.fi\/kauppa\/wp-json\/wp\/v2\/product"}],"about":[{"href":"https:\/\/www.ksttukku.fi\/kauppa\/wp-json\/wp\/v2\/types\/product"}],"replies":[{"embeddable":true,"href":"https:\/\/www.ksttukku.fi\/kauppa\/wp-json\/wp\/v2\/comments?post=11559"}],"wp:featuredmedia":[{"embeddable":true,"href":"https:\/\/www.ksttukku.fi\/kauppa\/wp-json\/wp\/v2\/media\/11561"}],"wp:attachment":[{"href":"https:\/\/www.ksttukku.fi\/kauppa\/wp-json\/wp\/v2\/media?parent=11559"}],"wp:term":[{"taxonomy":"product_brand","embeddable":true,"href":"https:\/\/www.ksttukku.fi\/kauppa\/wp-json\/wp\/v2\/product_brand?post=11559"},{"taxonomy":"product_cat","embeddable":true,"href":"https:\/\/www.ksttukku.fi\/kauppa\/wp-json\/wp\/v2\/product_cat?post=11559"},{"taxonomy":"product_tag","embeddable":true,"href":"https:\/\/www.ksttukku.fi\/kauppa\/wp-json\/wp\/v2\/product_tag?post=11559"}],"curies":[{"name":"wp","href":"https:\/\/api.w.org\/{rel}","templated":true}]}}