{"id":11590,"date":"2022-11-09T18:52:52","date_gmt":"2022-11-09T16:52:52","guid":{"rendered":"https:\/\/www.ksttukku.fi\/kauppa\/?post_type=product&#038;p=11590"},"modified":"2025-02-06T15:43:51","modified_gmt":"2025-02-06T13:43:51","slug":"seinapaneeli-jarnvik-269-glorio-122x12x2600mm-5198e-m2","status":"publish","type":"product","link":"https:\/\/www.ksttukku.fi\/kauppa\/tuote\/seinapaneeli-jarnvik-269-glorio-122x12x2600mm-5198e-m2\/","title":{"rendered":"Sein\u00e4paneeli J\u00e4rnvik 269 Glorio 122x12x2600mm"},"content":{"rendered":"<p>Matala\/leve\u00e4 -profiilinen, tyylik\u00e4s pontillinen sein\u00e4paneeli 3Dkuosilla, jossa pohja on mustaa ja p\u00e4\u00e4llinen py\u00f6kki\u00e4 muistuttavaa<br \/>\npuukuviota. Voidaan asentaa pystyyn tai vaakaan.<br \/>\nT\u00e4ysin vedenkest\u00e4v\u00e4, ei sis\u00e4ll\u00e4 haitallisia aineita, materiaali<br \/>\npolystyreeni. Kulutusta kest\u00e4v\u00e4 \/ ei naarmunnu helposti. Helppo ja<br \/>\nnopea asentaa. Siistimm\u00e4n lopputuloksen saavuttamiseksi panelin<br \/>\nasennuksessa suositellaan k\u00e4ytett\u00e4v\u00e4n erillisi\u00e4 p\u00e4\u00e4typaloja.<\/p>\n<p>Mitat: 122 x 12 x 2600 mm<\/p>\n","protected":false},"excerpt":{"rendered":"<p>Matala\/leve\u00e4 -profiilinen, tyylik\u00e4s pontillinen sein\u00e4paneeli 3Dkuosilla, jossa pohja on mustaa ja p\u00e4\u00e4llinen py\u00f6kki\u00e4 muistuttavaa puukuviota. Voidaan asentaa pystyyn tai vaakaan. T\u00e4ysin vedenkest\u00e4v\u00e4, ei sis\u00e4ll\u00e4 haitallisia aineita, materiaali polystyreeni. Kulutusta kest\u00e4v\u00e4 \/ ei naarmunnu helposti. Helppo ja nopea asentaa. Siistimm\u00e4n lopputuloksen saavuttamiseksi panelin asennuksessa suositellaan k\u00e4ytett\u00e4v\u00e4n erillisi\u00e4 p\u00e4\u00e4typaloja. Mitat: 122 x 12 x 2600 mm<\/p>\n","protected":false},"featured_media":11592,"comment_status":"closed","ping_status":"closed","template":"","meta":[],"product_brand":[],"product_cat":[490,245],"product_tag":[],"class_list":{"0":"post-11590","1":"product","2":"type-product","3":"status-publish","4":"has-post-thumbnail","6":"product_cat-jarnvik-seinapaneelit","7":"product_cat-sisustuslevyt","9":"first","10":"instock","11":"taxable","12":"shipping-taxable","13":"purchasable","14":"product-type-simple"},"_links":{"self":[{"href":"https:\/\/www.ksttukku.fi\/kauppa\/wp-json\/wp\/v2\/product\/11590","targetHints":{"allow":["GET"]}}],"collection":[{"href":"https:\/\/www.ksttukku.fi\/kauppa\/wp-json\/wp\/v2\/product"}],"about":[{"href":"https:\/\/www.ksttukku.fi\/kauppa\/wp-json\/wp\/v2\/types\/product"}],"replies":[{"embeddable":true,"href":"https:\/\/www.ksttukku.fi\/kauppa\/wp-json\/wp\/v2\/comments?post=11590"}],"wp:featuredmedia":[{"embeddable":true,"href":"https:\/\/www.ksttukku.fi\/kauppa\/wp-json\/wp\/v2\/media\/11592"}],"wp:attachment":[{"href":"https:\/\/www.ksttukku.fi\/kauppa\/wp-json\/wp\/v2\/media?parent=11590"}],"wp:term":[{"taxonomy":"product_brand","embeddable":true,"href":"https:\/\/www.ksttukku.fi\/kauppa\/wp-json\/wp\/v2\/product_brand?post=11590"},{"taxonomy":"product_cat","embeddable":true,"href":"https:\/\/www.ksttukku.fi\/kauppa\/wp-json\/wp\/v2\/product_cat?post=11590"},{"taxonomy":"product_tag","embeddable":true,"href":"https:\/\/www.ksttukku.fi\/kauppa\/wp-json\/wp\/v2\/product_tag?post=11590"}],"curies":[{"name":"wp","href":"https:\/\/api.w.org\/{rel}","templated":true}]}}