{"id":11604,"date":"2022-11-14T12:34:30","date_gmt":"2022-11-14T10:34:30","guid":{"rendered":"https:\/\/www.ksttukku.fi\/kauppa\/?post_type=product&#038;p=11604"},"modified":"2022-11-15T10:26:12","modified_gmt":"2022-11-15T08:26:12","slug":"lattiavalaisin-owen-musta","status":"publish","type":"product","link":"https:\/\/www.ksttukku.fi\/kauppa\/tuote\/lattiavalaisin-owen-musta\/","title":{"rendered":"Lattiavalaisin Owen musta"},"content":{"rendered":"<p data-sanitized-data-mce-fragment=\"1\">Kaksiosainen lattiavalaisin. Molemmille lampuille omat kytkimet<\/p>\n<p data-sanitized-data-mce-fragment=\"1\">Mitat: \u2205 36 cm, korkeus 160 cm<\/p>\n<p data-sanitized-data-mce-fragment=\"1\">Valonl\u00e4hteet: yl\u00e4valo E27, lukuvalo E14 (pakkaus ei sis\u00e4ll\u00e4 lamppuja)<\/p>\n<p data-sanitized-data-mce-fragment=\"1\">Materiaali: runko metallia, varjostimet tekstiili\u00e4<\/p>\n<p data-sanitized-data-mce-fragment=\"1\">V\u00e4ri: musta<\/p>\n","protected":false},"excerpt":{"rendered":"<p>Kaksiosainen lattiavalaisin. Molemmille lampuille omat kytkimet Mitat: \u2205 36 cm, korkeus 160 cm Valonl\u00e4hteet: yl\u00e4valo E27, lukuvalo E14 (pakkaus ei sis\u00e4ll\u00e4 lamppuja) Materiaali: runko metallia, varjostimet tekstiili\u00e4 V\u00e4ri: musta<\/p>\n","protected":false},"featured_media":11605,"comment_status":"closed","ping_status":"closed","template":"","meta":[],"product_brand":[],"product_cat":[43,35,34],"product_tag":[],"class_list":{"0":"post-11604","1":"product","2":"type-product","3":"status-publish","4":"has-post-thumbnail","6":"product_cat-lattiavalaisimet","7":"product_cat-sisavalaisimet","8":"product_cat-valaisimet","10":"first","11":"instock","12":"taxable","13":"shipping-taxable","14":"purchasable","15":"product-type-simple"},"_links":{"self":[{"href":"https:\/\/www.ksttukku.fi\/kauppa\/wp-json\/wp\/v2\/product\/11604","targetHints":{"allow":["GET"]}}],"collection":[{"href":"https:\/\/www.ksttukku.fi\/kauppa\/wp-json\/wp\/v2\/product"}],"about":[{"href":"https:\/\/www.ksttukku.fi\/kauppa\/wp-json\/wp\/v2\/types\/product"}],"replies":[{"embeddable":true,"href":"https:\/\/www.ksttukku.fi\/kauppa\/wp-json\/wp\/v2\/comments?post=11604"}],"wp:featuredmedia":[{"embeddable":true,"href":"https:\/\/www.ksttukku.fi\/kauppa\/wp-json\/wp\/v2\/media\/11605"}],"wp:attachment":[{"href":"https:\/\/www.ksttukku.fi\/kauppa\/wp-json\/wp\/v2\/media?parent=11604"}],"wp:term":[{"taxonomy":"product_brand","embeddable":true,"href":"https:\/\/www.ksttukku.fi\/kauppa\/wp-json\/wp\/v2\/product_brand?post=11604"},{"taxonomy":"product_cat","embeddable":true,"href":"https:\/\/www.ksttukku.fi\/kauppa\/wp-json\/wp\/v2\/product_cat?post=11604"},{"taxonomy":"product_tag","embeddable":true,"href":"https:\/\/www.ksttukku.fi\/kauppa\/wp-json\/wp\/v2\/product_tag?post=11604"}],"curies":[{"name":"wp","href":"https:\/\/api.w.org\/{rel}","templated":true}]}}