{"id":11625,"date":"2022-11-15T18:29:25","date_gmt":"2022-11-15T16:29:25","guid":{"rendered":"https:\/\/www.ksttukku.fi\/kauppa\/?post_type=product&#038;p=11625"},"modified":"2025-04-03T12:02:54","modified_gmt":"2025-04-03T09:02:54","slug":"porto-malja-allas","status":"publish","type":"product","link":"https:\/\/www.ksttukku.fi\/kauppa\/tuote\/porto-malja-allas\/","title":{"rendered":"Porto malja-allas"},"content":{"rendered":"<p>Suorakaiteenmuotoinen Porto on posliinista valmistettu, tason p\u00e4\u00e4lle asennettava malja-allas.Siin\u00e4 on ylivuotosuoja sek\u00e4 paikka hanalle.<\/p>\n<ul>\n<li>Valkoinen<\/li>\n<li>Posliinia<\/li>\n<li>Kromattu ylivuotosuojan koristehela<\/li>\n<li>Altaassa hanan paikka<\/li>\n<li>Leveys\u00a0550 mm<\/li>\n<li>Korkeus\u00a0140 mm<\/li>\n<li>Syvyys\u00a0460 mm<\/li>\n<li>Tason suositeltava minimisyvyys 430 mm<\/li>\n<\/ul>\n","protected":false},"excerpt":{"rendered":"<p>Suorakaiteenmuotoinen Porto on posliinista valmistettu, tason p\u00e4\u00e4lle asennettava malja-allas.Siin\u00e4 on ylivuotosuoja sek\u00e4 paikka hanalle. Valkoinen Posliinia Kromattu ylivuotosuojan koristehela Altaassa hanan paikka Leveys\u00a0550 mm Korkeus\u00a0140 mm Syvyys\u00a0460 mm Tason suositeltava minimisyvyys 430 mm<\/p>\n","protected":false},"featured_media":11627,"comment_status":"closed","ping_status":"closed","template":"","meta":[],"product_brand":[],"product_cat":[459,478,494],"product_tag":[],"class_list":{"0":"post-11625","1":"product","2":"type-product","3":"status-publish","4":"has-post-thumbnail","6":"product_cat-altaat","7":"product_cat-hanat-altaat","8":"product_cat-malja-altaat","10":"first","11":"outofstock","12":"taxable","13":"shipping-taxable","14":"purchasable","15":"product-type-simple"},"_links":{"self":[{"href":"https:\/\/www.ksttukku.fi\/kauppa\/wp-json\/wp\/v2\/product\/11625","targetHints":{"allow":["GET"]}}],"collection":[{"href":"https:\/\/www.ksttukku.fi\/kauppa\/wp-json\/wp\/v2\/product"}],"about":[{"href":"https:\/\/www.ksttukku.fi\/kauppa\/wp-json\/wp\/v2\/types\/product"}],"replies":[{"embeddable":true,"href":"https:\/\/www.ksttukku.fi\/kauppa\/wp-json\/wp\/v2\/comments?post=11625"}],"wp:featuredmedia":[{"embeddable":true,"href":"https:\/\/www.ksttukku.fi\/kauppa\/wp-json\/wp\/v2\/media\/11627"}],"wp:attachment":[{"href":"https:\/\/www.ksttukku.fi\/kauppa\/wp-json\/wp\/v2\/media?parent=11625"}],"wp:term":[{"taxonomy":"product_brand","embeddable":true,"href":"https:\/\/www.ksttukku.fi\/kauppa\/wp-json\/wp\/v2\/product_brand?post=11625"},{"taxonomy":"product_cat","embeddable":true,"href":"https:\/\/www.ksttukku.fi\/kauppa\/wp-json\/wp\/v2\/product_cat?post=11625"},{"taxonomy":"product_tag","embeddable":true,"href":"https:\/\/www.ksttukku.fi\/kauppa\/wp-json\/wp\/v2\/product_tag?post=11625"}],"curies":[{"name":"wp","href":"https:\/\/api.w.org\/{rel}","templated":true}]}}