{"id":11629,"date":"2022-11-16T17:05:46","date_gmt":"2022-11-16T15:05:46","guid":{"rendered":"https:\/\/www.ksttukku.fi\/kauppa\/?post_type=product&#038;p=11629"},"modified":"2024-09-06T15:48:31","modified_gmt":"2024-09-06T12:48:31","slug":"lyhty-koristevaloilla-valkoinen-40led-30-cm","status":"publish","type":"product","link":"https:\/\/www.ksttukku.fi\/kauppa\/tuote\/lyhty-koristevaloilla-valkoinen-40led-30-cm\/","title":{"rendered":"Lyhty koristevaloilla valkoinen 40LED 30 cm"},"content":{"rendered":"<p>Klassinen lyhty uudella twistill\u00e4.<\/p>\n<p>Kaunis valkoinen lyhty, jonka sis\u00e4ll\u00e4 ohut hopeanv\u00e4rinen kuparilanka, jossa pienet LED-lamput.<\/p>\n<p>Ihastuttava ja turvallinen vaihtoehto tavalliselle lyhdylle. 40 kpl l\u00e4mmin valkoisia LED-lamppuja.<\/p>\n<p>Korkeus 30 cm<\/p>\n<p>Leveys\u00a0 14 cm<\/p>\n<p>toimii 3 x AAA paristolla ( ei sis\u00e4lly pakkaukseen)<\/p>\n<p>&nbsp;<\/p>\n","protected":false},"excerpt":{"rendered":"<p>Klassinen lyhty uudella twistill\u00e4. Kaunis valkoinen lyhty, jonka sis\u00e4ll\u00e4 ohut hopeanv\u00e4rinen kuparilanka, jossa pienet LED-lamput. Ihastuttava ja turvallinen vaihtoehto tavalliselle lyhdylle. 40 kpl l\u00e4mmin valkoisia LED-lamppuja. Korkeus 30 cm Leveys\u00a0 14 cm toimii 3 x AAA paristolla ( ei sis\u00e4lly pakkaukseen) &nbsp;<\/p>\n","protected":false},"featured_media":11630,"comment_status":"closed","ping_status":"closed","template":"","meta":[],"product_brand":[],"product_cat":[176,484,180,377,34],"product_tag":[],"class_list":{"0":"post-11629","1":"product","2":"type-product","3":"status-publish","4":"has-post-thumbnail","6":"product_cat-joulu-ja-koristevalot","7":"product_cat-lyhdyt","8":"product_cat-paristovalosarjat","9":"product_cat-sisustus-lahjatavarat","10":"product_cat-valaisimet","12":"first","13":"instock","14":"taxable","15":"shipping-taxable","16":"purchasable","17":"product-type-simple"},"_links":{"self":[{"href":"https:\/\/www.ksttukku.fi\/kauppa\/wp-json\/wp\/v2\/product\/11629","targetHints":{"allow":["GET"]}}],"collection":[{"href":"https:\/\/www.ksttukku.fi\/kauppa\/wp-json\/wp\/v2\/product"}],"about":[{"href":"https:\/\/www.ksttukku.fi\/kauppa\/wp-json\/wp\/v2\/types\/product"}],"replies":[{"embeddable":true,"href":"https:\/\/www.ksttukku.fi\/kauppa\/wp-json\/wp\/v2\/comments?post=11629"}],"wp:featuredmedia":[{"embeddable":true,"href":"https:\/\/www.ksttukku.fi\/kauppa\/wp-json\/wp\/v2\/media\/11630"}],"wp:attachment":[{"href":"https:\/\/www.ksttukku.fi\/kauppa\/wp-json\/wp\/v2\/media?parent=11629"}],"wp:term":[{"taxonomy":"product_brand","embeddable":true,"href":"https:\/\/www.ksttukku.fi\/kauppa\/wp-json\/wp\/v2\/product_brand?post=11629"},{"taxonomy":"product_cat","embeddable":true,"href":"https:\/\/www.ksttukku.fi\/kauppa\/wp-json\/wp\/v2\/product_cat?post=11629"},{"taxonomy":"product_tag","embeddable":true,"href":"https:\/\/www.ksttukku.fi\/kauppa\/wp-json\/wp\/v2\/product_tag?post=11629"}],"curies":[{"name":"wp","href":"https:\/\/api.w.org\/{rel}","templated":true}]}}