{"id":11662,"date":"2022-11-19T12:37:31","date_gmt":"2022-11-19T10:37:31","guid":{"rendered":"https:\/\/www.ksttukku.fi\/kauppa\/?post_type=product&#038;p=11662"},"modified":"2022-11-19T12:37:32","modified_gmt":"2022-11-19T10:37:32","slug":"bagger-poytavalaisin","status":"publish","type":"product","link":"https:\/\/www.ksttukku.fi\/kauppa\/tuote\/bagger-poytavalaisin\/","title":{"rendered":"Bagger p\u00f6yt\u00e4valaisin"},"content":{"rendered":"<p>Kirkas akryylirunkoinen p\u00f6yt\u00e4valaisin.<\/p>\n<p>Suorakulmainen vaalea\u00a0 varjostin luo tunnelmaa kauniisti ,<\/p>\n<p>sopii\u00a0 my\u00f6s laitettavaksi ikkunalaudalle.<\/p>\n<p>kytkin\u00a0 johdossa.<\/p>\n<p>korkeus: 230 mm<\/p>\n<p>Leveys: 90 mm<\/p>\n<p>syvyys: 40 mm<\/p>\n<p>Kanta: E 14<\/p>\n<p>&nbsp;<\/p>\n","protected":false},"excerpt":{"rendered":"<p>Kirkas akryylirunkoinen p\u00f6yt\u00e4valaisin. Suorakulmainen vaalea\u00a0 varjostin luo tunnelmaa kauniisti , sopii\u00a0 my\u00f6s laitettavaksi ikkunalaudalle. kytkin\u00a0 johdossa. korkeus: 230 mm Leveys: 90 mm syvyys: 40 mm Kanta: E 14 &nbsp;<\/p>\n","protected":false},"featured_media":11663,"comment_status":"closed","ping_status":"closed","template":"","meta":[],"product_brand":[],"product_cat":[44,35,34],"product_tag":[],"class_list":{"0":"post-11662","1":"product","2":"type-product","3":"status-publish","4":"has-post-thumbnail","6":"product_cat-poytavalaisimet","7":"product_cat-sisavalaisimet","8":"product_cat-valaisimet","10":"first","11":"instock","12":"sale","13":"taxable","14":"shipping-taxable","15":"purchasable","16":"product-type-simple"},"_links":{"self":[{"href":"https:\/\/www.ksttukku.fi\/kauppa\/wp-json\/wp\/v2\/product\/11662","targetHints":{"allow":["GET"]}}],"collection":[{"href":"https:\/\/www.ksttukku.fi\/kauppa\/wp-json\/wp\/v2\/product"}],"about":[{"href":"https:\/\/www.ksttukku.fi\/kauppa\/wp-json\/wp\/v2\/types\/product"}],"replies":[{"embeddable":true,"href":"https:\/\/www.ksttukku.fi\/kauppa\/wp-json\/wp\/v2\/comments?post=11662"}],"wp:featuredmedia":[{"embeddable":true,"href":"https:\/\/www.ksttukku.fi\/kauppa\/wp-json\/wp\/v2\/media\/11663"}],"wp:attachment":[{"href":"https:\/\/www.ksttukku.fi\/kauppa\/wp-json\/wp\/v2\/media?parent=11662"}],"wp:term":[{"taxonomy":"product_brand","embeddable":true,"href":"https:\/\/www.ksttukku.fi\/kauppa\/wp-json\/wp\/v2\/product_brand?post=11662"},{"taxonomy":"product_cat","embeddable":true,"href":"https:\/\/www.ksttukku.fi\/kauppa\/wp-json\/wp\/v2\/product_cat?post=11662"},{"taxonomy":"product_tag","embeddable":true,"href":"https:\/\/www.ksttukku.fi\/kauppa\/wp-json\/wp\/v2\/product_tag?post=11662"}],"curies":[{"name":"wp","href":"https:\/\/api.w.org\/{rel}","templated":true}]}}