{"id":11666,"date":"2022-11-19T15:12:02","date_gmt":"2022-11-19T13:12:02","guid":{"rendered":"https:\/\/www.ksttukku.fi\/kauppa\/?post_type=product&#038;p=11666"},"modified":"2022-11-19T15:12:03","modified_gmt":"2022-11-19T13:12:03","slug":"marine-poytavalaisin-musta","status":"publish","type":"product","link":"https:\/\/www.ksttukku.fi\/kauppa\/tuote\/marine-poytavalaisin-musta\/","title":{"rendered":"Marine p\u00f6yt\u00e4valaisin musta"},"content":{"rendered":"<p>Aneta Marine p\u00f6yt\u00e4valaisin tuo kotiin modernia merihenkisyytt\u00e4.<\/p>\n<p>Kirkas lasirunko , ymp\u00e4rille punottu musta verkko.<\/p>\n<p>korkeus: 550 mm<\/p>\n<p>halkaisija: 300mm<\/p>\n<p>kanta: E27<\/p>\n<p>Johdon pituus 190mm<\/p>\n<p>&nbsp;<\/p>\n","protected":false},"excerpt":{"rendered":"<p>Aneta Marine p\u00f6yt\u00e4valaisin tuo kotiin modernia merihenkisyytt\u00e4. Kirkas lasirunko , ymp\u00e4rille punottu musta verkko. korkeus: 550 mm halkaisija: 300mm kanta: E27 Johdon pituus 190mm &nbsp;<\/p>\n","protected":false},"featured_media":11667,"comment_status":"closed","ping_status":"closed","template":"","meta":[],"product_brand":[],"product_cat":[44,35,34],"product_tag":[],"class_list":{"0":"post-11666","1":"product","2":"type-product","3":"status-publish","4":"has-post-thumbnail","6":"product_cat-poytavalaisimet","7":"product_cat-sisavalaisimet","8":"product_cat-valaisimet","10":"first","11":"instock","12":"taxable","13":"shipping-taxable","14":"purchasable","15":"product-type-simple"},"_links":{"self":[{"href":"https:\/\/www.ksttukku.fi\/kauppa\/wp-json\/wp\/v2\/product\/11666","targetHints":{"allow":["GET"]}}],"collection":[{"href":"https:\/\/www.ksttukku.fi\/kauppa\/wp-json\/wp\/v2\/product"}],"about":[{"href":"https:\/\/www.ksttukku.fi\/kauppa\/wp-json\/wp\/v2\/types\/product"}],"replies":[{"embeddable":true,"href":"https:\/\/www.ksttukku.fi\/kauppa\/wp-json\/wp\/v2\/comments?post=11666"}],"wp:featuredmedia":[{"embeddable":true,"href":"https:\/\/www.ksttukku.fi\/kauppa\/wp-json\/wp\/v2\/media\/11667"}],"wp:attachment":[{"href":"https:\/\/www.ksttukku.fi\/kauppa\/wp-json\/wp\/v2\/media?parent=11666"}],"wp:term":[{"taxonomy":"product_brand","embeddable":true,"href":"https:\/\/www.ksttukku.fi\/kauppa\/wp-json\/wp\/v2\/product_brand?post=11666"},{"taxonomy":"product_cat","embeddable":true,"href":"https:\/\/www.ksttukku.fi\/kauppa\/wp-json\/wp\/v2\/product_cat?post=11666"},{"taxonomy":"product_tag","embeddable":true,"href":"https:\/\/www.ksttukku.fi\/kauppa\/wp-json\/wp\/v2\/product_tag?post=11666"}],"curies":[{"name":"wp","href":"https:\/\/api.w.org\/{rel}","templated":true}]}}