{"id":11789,"date":"2022-12-27T10:52:38","date_gmt":"2022-12-27T08:52:38","guid":{"rendered":"https:\/\/www.ksttukku.fi\/kauppa\/?post_type=product&#038;p=11789"},"modified":"2025-02-07T11:34:41","modified_gmt":"2025-02-07T09:34:41","slug":"seinakello-31-cm-harjattu-alumiini","status":"publish","type":"product","link":"https:\/\/www.ksttukku.fi\/kauppa\/tuote\/seinakello-31-cm-harjattu-alumiini\/","title":{"rendered":"Sein\u00e4kello 31 cm harjattu alumiini"},"content":{"rendered":"<p>Moderni ja tyylik\u00e4s kello, joka sopii loistavasti niin kotiin kuin toimistoonkin.<\/p>\n<p>Sein\u00e4kello on parhaimmillaan tyylik\u00e4s sisustusesine ja hy\u00f6dyllinen ajann\u00e4ytt\u00e4j\u00e4.<\/p>\n<p>Suuret selke\u00e4t numerot ja hiljainen koneisto.<\/p>\n<p>Halkaisija: 31cm<\/p>\n<p>Syvyys: 4,2 cm<\/p>\n","protected":false},"excerpt":{"rendered":"<p>Moderni ja tyylik\u00e4s kello, joka sopii loistavasti niin kotiin kuin toimistoonkin. Sein\u00e4kello on parhaimmillaan tyylik\u00e4s sisustusesine ja hy\u00f6dyllinen ajann\u00e4ytt\u00e4j\u00e4. Suuret selke\u00e4t numerot ja hiljainen koneisto. Halkaisija: 31cm Syvyys: 4,2 cm<\/p>\n","protected":false},"featured_media":11790,"comment_status":"closed","ping_status":"closed","template":"","meta":[],"product_brand":[],"product_cat":[491,453,377],"product_tag":[],"class_list":{"0":"post-11789","1":"product","2":"type-product","3":"status-publish","4":"has-post-thumbnail","6":"product_cat-kodin-sisustustuotteet","7":"product_cat-seinakellot","8":"product_cat-sisustus-lahjatavarat","10":"first","11":"outofstock","12":"taxable","13":"shipping-taxable","14":"purchasable","15":"product-type-simple"},"_links":{"self":[{"href":"https:\/\/www.ksttukku.fi\/kauppa\/wp-json\/wp\/v2\/product\/11789","targetHints":{"allow":["GET"]}}],"collection":[{"href":"https:\/\/www.ksttukku.fi\/kauppa\/wp-json\/wp\/v2\/product"}],"about":[{"href":"https:\/\/www.ksttukku.fi\/kauppa\/wp-json\/wp\/v2\/types\/product"}],"replies":[{"embeddable":true,"href":"https:\/\/www.ksttukku.fi\/kauppa\/wp-json\/wp\/v2\/comments?post=11789"}],"wp:featuredmedia":[{"embeddable":true,"href":"https:\/\/www.ksttukku.fi\/kauppa\/wp-json\/wp\/v2\/media\/11790"}],"wp:attachment":[{"href":"https:\/\/www.ksttukku.fi\/kauppa\/wp-json\/wp\/v2\/media?parent=11789"}],"wp:term":[{"taxonomy":"product_brand","embeddable":true,"href":"https:\/\/www.ksttukku.fi\/kauppa\/wp-json\/wp\/v2\/product_brand?post=11789"},{"taxonomy":"product_cat","embeddable":true,"href":"https:\/\/www.ksttukku.fi\/kauppa\/wp-json\/wp\/v2\/product_cat?post=11789"},{"taxonomy":"product_tag","embeddable":true,"href":"https:\/\/www.ksttukku.fi\/kauppa\/wp-json\/wp\/v2\/product_tag?post=11789"}],"curies":[{"name":"wp","href":"https:\/\/api.w.org\/{rel}","templated":true}]}}