{"id":11794,"date":"2022-12-28T12:51:29","date_gmt":"2022-12-28T10:51:29","guid":{"rendered":"https:\/\/www.ksttukku.fi\/kauppa\/?post_type=product&#038;p=11794"},"modified":"2023-01-18T14:00:10","modified_gmt":"2023-01-18T12:00:10","slug":"led-valonauha-12v-5m-4000k-144w-m-1400lm-m-ip44","status":"publish","type":"product","link":"https:\/\/www.ksttukku.fi\/kauppa\/tuote\/led-valonauha-12v-5m-4000k-144w-m-1400lm-m-ip44\/","title":{"rendered":"LED-valonauha 12V 5m 4000K 14,4W\/m 1400lm\/m IP44"},"content":{"rendered":"<p>LED-nauha monipuoliseen kodin valaistukseen. 12V-versio, viiden metrin rulla, SMD5050,. 0,3 metrin kytkent\u00e4johdot musta ja punainen LED-nauhan kummassakin p\u00e4\u00e4ss\u00e4. Ei sis\u00e4ll\u00e4 liit\u00e4nt\u00e4laitetta. Kokonaisteho 72W, kokonaisvalovirta 7000 lm.<\/p>\n<p>Teho: 14,4W\/m<\/p>\n<p>Valovirta: 1400 lm \/ m<\/p>\n<p>V\u00e4rintoistoindeksi: &gt;80<\/p>\n<p>IP-luokitus: IP44<\/p>\n<p>V\u00e4ril\u00e4mp\u00f6: 4000 K<\/p>\n<p>Pituus: 5 m<\/p>\n<p>&nbsp;<\/p>\n","protected":false},"excerpt":{"rendered":"<p>LED-nauha monipuoliseen kodin valaistukseen. 12V-versio, viiden metrin rulla, SMD5050,. 0,3 metrin kytkent\u00e4johdot musta ja punainen LED-nauhan kummassakin p\u00e4\u00e4ss\u00e4. Ei sis\u00e4ll\u00e4 liit\u00e4nt\u00e4laitetta. Kokonaisteho 72W, kokonaisvalovirta 7000 lm. Teho: 14,4W\/m Valovirta: 1400 lm \/ m V\u00e4rintoistoindeksi: &gt;80 IP-luokitus: IP44 V\u00e4ril\u00e4mp\u00f6: 4000 K Pituus: 5 m &nbsp;<\/p>\n","protected":false},"featured_media":11795,"comment_status":"closed","ping_status":"closed","template":"","meta":[],"product_brand":[],"product_cat":[48,34,45],"product_tag":[],"class_list":{"0":"post-11794","1":"product","2":"type-product","3":"status-publish","4":"has-post-thumbnail","6":"product_cat-kosteantilanvalaisimet","7":"product_cat-valaisimet","8":"product_cat-valonauhat","10":"first","11":"instock","12":"taxable","13":"shipping-taxable","14":"purchasable","15":"product-type-simple"},"_links":{"self":[{"href":"https:\/\/www.ksttukku.fi\/kauppa\/wp-json\/wp\/v2\/product\/11794","targetHints":{"allow":["GET"]}}],"collection":[{"href":"https:\/\/www.ksttukku.fi\/kauppa\/wp-json\/wp\/v2\/product"}],"about":[{"href":"https:\/\/www.ksttukku.fi\/kauppa\/wp-json\/wp\/v2\/types\/product"}],"replies":[{"embeddable":true,"href":"https:\/\/www.ksttukku.fi\/kauppa\/wp-json\/wp\/v2\/comments?post=11794"}],"wp:featuredmedia":[{"embeddable":true,"href":"https:\/\/www.ksttukku.fi\/kauppa\/wp-json\/wp\/v2\/media\/11795"}],"wp:attachment":[{"href":"https:\/\/www.ksttukku.fi\/kauppa\/wp-json\/wp\/v2\/media?parent=11794"}],"wp:term":[{"taxonomy":"product_brand","embeddable":true,"href":"https:\/\/www.ksttukku.fi\/kauppa\/wp-json\/wp\/v2\/product_brand?post=11794"},{"taxonomy":"product_cat","embeddable":true,"href":"https:\/\/www.ksttukku.fi\/kauppa\/wp-json\/wp\/v2\/product_cat?post=11794"},{"taxonomy":"product_tag","embeddable":true,"href":"https:\/\/www.ksttukku.fi\/kauppa\/wp-json\/wp\/v2\/product_tag?post=11794"}],"curies":[{"name":"wp","href":"https:\/\/api.w.org\/{rel}","templated":true}]}}