{"id":11797,"date":"2022-12-28T13:11:02","date_gmt":"2022-12-28T11:11:02","guid":{"rendered":"https:\/\/www.ksttukku.fi\/kauppa\/?post_type=product&#038;p=11797"},"modified":"2022-12-28T13:11:29","modified_gmt":"2022-12-28T11:11:29","slug":"cob-led-valonauha-12v-5m-4000k-10w-m-1000lm-m-ip44","status":"publish","type":"product","link":"https:\/\/www.ksttukku.fi\/kauppa\/tuote\/cob-led-valonauha-12v-5m-4000k-10w-m-1000lm-m-ip44\/","title":{"rendered":"COB Led-valonauha 12V 5m 4000K 10W\/m 1000lm\/m"},"content":{"rendered":"<p>COB LED-nauha monipuoliseen kodin valaistukseen. 12V-versio, viiden metrin rulla, 0,3 metrin kytkent\u00e4johdot musta ja punainen LED-nauhan kummassakin p\u00e4\u00e4ss\u00e4. Ei sis\u00e4ll\u00e4 liit\u00e4nt\u00e4laitetta. Kokonaisteho 50W, kokonaisvalovirta 5000 lm.<\/p>\n<p>Teho: 10W\/m<\/p>\n<p>Valovirta: 1000 lm \/ m<\/p>\n<p>V\u00e4rintoistoindeksi: &gt;90<\/p>\n<p>IP-luokitus: IP20<\/p>\n<p>V\u00e4ril\u00e4mp\u00f6: 4000 K<\/p>\n<p>Pituus: 5 m<\/p>\n<p>&nbsp;<\/p>\n","protected":false},"excerpt":{"rendered":"<p>COB LED-nauha monipuoliseen kodin valaistukseen. 12V-versio, viiden metrin rulla, 0,3 metrin kytkent\u00e4johdot musta ja punainen LED-nauhan kummassakin p\u00e4\u00e4ss\u00e4. Ei sis\u00e4ll\u00e4 liit\u00e4nt\u00e4laitetta. Kokonaisteho 50W, kokonaisvalovirta 5000 lm. Teho: 10W\/m Valovirta: 1000 lm \/ m V\u00e4rintoistoindeksi: &gt;90 IP-luokitus: IP20 V\u00e4ril\u00e4mp\u00f6: 4000 K Pituus: 5 m &nbsp;<\/p>\n","protected":false},"featured_media":11798,"comment_status":"closed","ping_status":"closed","template":"","meta":[],"product_brand":[],"product_cat":[34,45],"product_tag":[],"class_list":{"0":"post-11797","1":"product","2":"type-product","3":"status-publish","4":"has-post-thumbnail","6":"product_cat-valaisimet","7":"product_cat-valonauhat","9":"first","10":"instock","11":"taxable","12":"shipping-taxable","13":"purchasable","14":"product-type-simple"},"_links":{"self":[{"href":"https:\/\/www.ksttukku.fi\/kauppa\/wp-json\/wp\/v2\/product\/11797","targetHints":{"allow":["GET"]}}],"collection":[{"href":"https:\/\/www.ksttukku.fi\/kauppa\/wp-json\/wp\/v2\/product"}],"about":[{"href":"https:\/\/www.ksttukku.fi\/kauppa\/wp-json\/wp\/v2\/types\/product"}],"replies":[{"embeddable":true,"href":"https:\/\/www.ksttukku.fi\/kauppa\/wp-json\/wp\/v2\/comments?post=11797"}],"wp:featuredmedia":[{"embeddable":true,"href":"https:\/\/www.ksttukku.fi\/kauppa\/wp-json\/wp\/v2\/media\/11798"}],"wp:attachment":[{"href":"https:\/\/www.ksttukku.fi\/kauppa\/wp-json\/wp\/v2\/media?parent=11797"}],"wp:term":[{"taxonomy":"product_brand","embeddable":true,"href":"https:\/\/www.ksttukku.fi\/kauppa\/wp-json\/wp\/v2\/product_brand?post=11797"},{"taxonomy":"product_cat","embeddable":true,"href":"https:\/\/www.ksttukku.fi\/kauppa\/wp-json\/wp\/v2\/product_cat?post=11797"},{"taxonomy":"product_tag","embeddable":true,"href":"https:\/\/www.ksttukku.fi\/kauppa\/wp-json\/wp\/v2\/product_tag?post=11797"}],"curies":[{"name":"wp","href":"https:\/\/api.w.org\/{rel}","templated":true}]}}