{"id":11814,"date":"2023-01-02T10:29:19","date_gmt":"2023-01-02T08:29:19","guid":{"rendered":"https:\/\/www.ksttukku.fi\/kauppa\/?post_type=product&#038;p=11814"},"modified":"2023-01-02T10:29:20","modified_gmt":"2023-01-02T08:29:20","slug":"valokaapelikela-600-led-3846-100","status":"publish","type":"product","link":"https:\/\/www.ksttukku.fi\/kauppa\/tuote\/valokaapelikela-600-led-3846-100\/","title":{"rendered":"valokaapelikela 600 Led  3846-100"},"content":{"rendered":"<p>K\u00e4tev\u00e4 cluster valokaapelikela<\/p>\n<p>kokonaispituus: 23,8<\/p>\n<p>Valo-osuuden pituus: 13,8 m<\/p>\n<p>liitosjohto: 10 m<\/p>\n<p>V\u00e4ris\u00e4vy: l\u00e4mmin valkoinen<\/p>\n<p>IP 44\/ 30V<\/p>\n<p>&nbsp;<\/p>\n<p>&nbsp;<\/p>\n<p>&nbsp;<\/p>\n<p>&nbsp;<\/p>\n","protected":false},"excerpt":{"rendered":"<p>K\u00e4tev\u00e4 cluster valokaapelikela kokonaispituus: 23,8 Valo-osuuden pituus: 13,8 m liitosjohto: 10 m V\u00e4ris\u00e4vy: l\u00e4mmin valkoinen IP 44\/ 30V &nbsp; &nbsp; &nbsp; &nbsp;<\/p>\n","protected":false},"featured_media":11815,"comment_status":"closed","ping_status":"closed","template":"","meta":[],"product_brand":[],"product_cat":[176,34,177],"product_tag":[],"class_list":{"0":"post-11814","1":"product","2":"type-product","3":"status-publish","4":"has-post-thumbnail","6":"product_cat-joulu-ja-koristevalot","7":"product_cat-valaisimet","8":"product_cat-valosarjat","10":"first","11":"instock","12":"taxable","13":"shipping-taxable","14":"purchasable","15":"product-type-simple"},"_links":{"self":[{"href":"https:\/\/www.ksttukku.fi\/kauppa\/wp-json\/wp\/v2\/product\/11814","targetHints":{"allow":["GET"]}}],"collection":[{"href":"https:\/\/www.ksttukku.fi\/kauppa\/wp-json\/wp\/v2\/product"}],"about":[{"href":"https:\/\/www.ksttukku.fi\/kauppa\/wp-json\/wp\/v2\/types\/product"}],"replies":[{"embeddable":true,"href":"https:\/\/www.ksttukku.fi\/kauppa\/wp-json\/wp\/v2\/comments?post=11814"}],"wp:featuredmedia":[{"embeddable":true,"href":"https:\/\/www.ksttukku.fi\/kauppa\/wp-json\/wp\/v2\/media\/11815"}],"wp:attachment":[{"href":"https:\/\/www.ksttukku.fi\/kauppa\/wp-json\/wp\/v2\/media?parent=11814"}],"wp:term":[{"taxonomy":"product_brand","embeddable":true,"href":"https:\/\/www.ksttukku.fi\/kauppa\/wp-json\/wp\/v2\/product_brand?post=11814"},{"taxonomy":"product_cat","embeddable":true,"href":"https:\/\/www.ksttukku.fi\/kauppa\/wp-json\/wp\/v2\/product_cat?post=11814"},{"taxonomy":"product_tag","embeddable":true,"href":"https:\/\/www.ksttukku.fi\/kauppa\/wp-json\/wp\/v2\/product_tag?post=11814"}],"curies":[{"name":"wp","href":"https:\/\/api.w.org\/{rel}","templated":true}]}}