{"id":11818,"date":"2023-01-02T11:14:37","date_gmt":"2023-01-02T09:14:37","guid":{"rendered":"https:\/\/www.ksttukku.fi\/kauppa\/?post_type=product&#038;p=11818"},"modified":"2025-12-08T17:49:59","modified_gmt":"2025-12-08T15:49:59","slug":"led-valopallo-50cm","status":"publish","type":"product","link":"https:\/\/www.ksttukku.fi\/kauppa\/tuote\/led-valopallo-50cm\/","title":{"rendered":"Led-valopallo 50cm"},"content":{"rendered":"<p>Tyylikk\u00e4\u00e4ss\u00e4 ja n\u00e4ytt\u00e4v\u00e4ss\u00e4 LED-valopallossa on musta runko ja kaunis l\u00e4mmin valkoinen valo, joka muodostuu 264 pienest\u00e4 LED-lampusta.<\/p>\n<p>Valopallon halkaisija 50 cm.<\/p>\n<p>Pakkaukseen sis\u00e4ltyy 5 m liitosjohto,<\/p>\n<p>IP44 muuntaja sis\u00e4- ja ulkok\u00e4ytt\u00f6\u00f6n.<\/p>\n<p>Muuntajassa 8 eri toiminnallisuutta.<\/p>\n<p>materiaali: polypropyleeni,kupari, PVC<\/p>\n<table id=\"product-attribute-specs-table\" class=\"data table additional-attributes\">\n<tbody>\n<tr>\n<th class=\"col label\" scope=\"row\"><\/th>\n<td class=\"col data\" data-th=\"Materiaali\"><\/td>\n<\/tr>\n<\/tbody>\n<\/table>\n","protected":false},"excerpt":{"rendered":"<p>Tyylikk\u00e4\u00e4ss\u00e4 ja n\u00e4ytt\u00e4v\u00e4ss\u00e4 LED-valopallossa on musta runko ja kaunis l\u00e4mmin valkoinen valo, joka muodostuu 264 pienest\u00e4 LED-lampusta. Valopallon halkaisija 50 cm. Pakkaukseen sis\u00e4ltyy 5 m liitosjohto, IP44 muuntaja sis\u00e4- ja ulkok\u00e4ytt\u00f6\u00f6n. Muuntajassa 8 eri toiminnallisuutta. materiaali: polypropyleeni,kupari, PVC<\/p>\n","protected":false},"featured_media":11819,"comment_status":"closed","ping_status":"closed","template":"","meta":[],"product_brand":[],"product_cat":[176,199,34],"product_tag":[],"class_list":{"0":"post-11818","1":"product","2":"type-product","3":"status-publish","4":"has-post-thumbnail","6":"product_cat-joulu-ja-koristevalot","7":"product_cat-koristevalot","8":"product_cat-valaisimet","10":"first","11":"instock","12":"taxable","13":"shipping-taxable","14":"purchasable","15":"product-type-simple"},"_links":{"self":[{"href":"https:\/\/www.ksttukku.fi\/kauppa\/wp-json\/wp\/v2\/product\/11818","targetHints":{"allow":["GET"]}}],"collection":[{"href":"https:\/\/www.ksttukku.fi\/kauppa\/wp-json\/wp\/v2\/product"}],"about":[{"href":"https:\/\/www.ksttukku.fi\/kauppa\/wp-json\/wp\/v2\/types\/product"}],"replies":[{"embeddable":true,"href":"https:\/\/www.ksttukku.fi\/kauppa\/wp-json\/wp\/v2\/comments?post=11818"}],"wp:featuredmedia":[{"embeddable":true,"href":"https:\/\/www.ksttukku.fi\/kauppa\/wp-json\/wp\/v2\/media\/11819"}],"wp:attachment":[{"href":"https:\/\/www.ksttukku.fi\/kauppa\/wp-json\/wp\/v2\/media?parent=11818"}],"wp:term":[{"taxonomy":"product_brand","embeddable":true,"href":"https:\/\/www.ksttukku.fi\/kauppa\/wp-json\/wp\/v2\/product_brand?post=11818"},{"taxonomy":"product_cat","embeddable":true,"href":"https:\/\/www.ksttukku.fi\/kauppa\/wp-json\/wp\/v2\/product_cat?post=11818"},{"taxonomy":"product_tag","embeddable":true,"href":"https:\/\/www.ksttukku.fi\/kauppa\/wp-json\/wp\/v2\/product_tag?post=11818"}],"curies":[{"name":"wp","href":"https:\/\/api.w.org\/{rel}","templated":true}]}}