{"id":11820,"date":"2023-01-02T14:40:53","date_gmt":"2023-01-02T12:40:53","guid":{"rendered":"https:\/\/www.ksttukku.fi\/kauppa\/?post_type=product&#038;p=11820"},"modified":"2024-11-04T14:11:50","modified_gmt":"2024-11-04T12:11:50","slug":"konstsmide-valokaapelikela-600-led-3836-107","status":"publish","type":"product","link":"https:\/\/www.ksttukku.fi\/kauppa\/tuote\/konstsmide-valokaapelikela-600-led-3836-107\/","title":{"rendered":"Konstsmide valokaapelikela  600 led 3836-107"},"content":{"rendered":"<div class=\"product-description rte\" data-product-description=\"\">\n<p>K\u00e4tev\u00e4\u00a0 valokaapelikela<\/p>\n<p>kokonaispituus: 51,93<\/p>\n<p>Valo-osuuden pituus: 41,93<\/p>\n<p>liitosjohto: 10 m<\/p>\n<p>V\u00e4ris\u00e4vy: l\u00e4mmin valkoinen<\/p>\n<p>IP 44\/ 30V<\/p>\n<\/div>\n","protected":false},"excerpt":{"rendered":"<p>K\u00e4tev\u00e4\u00a0 valokaapelikela kokonaispituus: 51,93 Valo-osuuden pituus: 41,93 liitosjohto: 10 m V\u00e4ris\u00e4vy: l\u00e4mmin valkoinen IP 44\/ 30V<\/p>\n","protected":false},"featured_media":11821,"comment_status":"closed","ping_status":"closed","template":"","meta":[],"product_brand":[],"product_cat":[176,199,34,177],"product_tag":[],"class_list":{"0":"post-11820","1":"product","2":"type-product","3":"status-publish","4":"has-post-thumbnail","6":"product_cat-joulu-ja-koristevalot","7":"product_cat-koristevalot","8":"product_cat-valaisimet","9":"product_cat-valosarjat","11":"first","12":"outofstock","13":"taxable","14":"shipping-taxable","15":"purchasable","16":"product-type-simple"},"_links":{"self":[{"href":"https:\/\/www.ksttukku.fi\/kauppa\/wp-json\/wp\/v2\/product\/11820","targetHints":{"allow":["GET"]}}],"collection":[{"href":"https:\/\/www.ksttukku.fi\/kauppa\/wp-json\/wp\/v2\/product"}],"about":[{"href":"https:\/\/www.ksttukku.fi\/kauppa\/wp-json\/wp\/v2\/types\/product"}],"replies":[{"embeddable":true,"href":"https:\/\/www.ksttukku.fi\/kauppa\/wp-json\/wp\/v2\/comments?post=11820"}],"wp:featuredmedia":[{"embeddable":true,"href":"https:\/\/www.ksttukku.fi\/kauppa\/wp-json\/wp\/v2\/media\/11821"}],"wp:attachment":[{"href":"https:\/\/www.ksttukku.fi\/kauppa\/wp-json\/wp\/v2\/media?parent=11820"}],"wp:term":[{"taxonomy":"product_brand","embeddable":true,"href":"https:\/\/www.ksttukku.fi\/kauppa\/wp-json\/wp\/v2\/product_brand?post=11820"},{"taxonomy":"product_cat","embeddable":true,"href":"https:\/\/www.ksttukku.fi\/kauppa\/wp-json\/wp\/v2\/product_cat?post=11820"},{"taxonomy":"product_tag","embeddable":true,"href":"https:\/\/www.ksttukku.fi\/kauppa\/wp-json\/wp\/v2\/product_tag?post=11820"}],"curies":[{"name":"wp","href":"https:\/\/api.w.org\/{rel}","templated":true}]}}