{"id":11823,"date":"2023-01-03T15:06:10","date_gmt":"2023-01-03T13:06:10","guid":{"rendered":"https:\/\/www.ksttukku.fi\/kauppa\/?post_type=product&#038;p=11823"},"modified":"2026-01-13T16:07:08","modified_gmt":"2026-01-13T14:07:08","slug":"11823","status":"publish","type":"product","link":"https:\/\/www.ksttukku.fi\/kauppa\/tuote\/11823\/","title":{"rendered":"Patterivalosarja 120    3729-100"},"content":{"rendered":"<p>Paristok\u00e4ytt\u00f6inen 120-os. led-valosarja ulkok\u00e4ytt\u00f6\u00f6n.<\/p>\n<p>L\u00e4mminvalkoinen\u00a0 ledi, musta johto.<\/p>\n<p>Sarjassa 6H\/9H ajastin ja h\u00e4m\u00e4r\u00e4kytkin.<\/p>\n<p>Ajastimen, h\u00e4m\u00e4r\u00e4kytkimen, ledien ja ison paristokoon ansiosta paristot kest\u00e4v\u00e4t pitk\u00e4\u00e4n.<\/p>\n<p>Paristokotelo Ip 44<\/p>\n<p>Patterit: \u00a0 4x D\u00a0 1,5 V patteri ( ei sis\u00e4lly tuotteeseen)<\/p>\n","protected":false},"excerpt":{"rendered":"<p>Paristok\u00e4ytt\u00f6inen 120-os. led-valosarja ulkok\u00e4ytt\u00f6\u00f6n. L\u00e4mminvalkoinen\u00a0 ledi, musta johto. Sarjassa 6H\/9H ajastin ja h\u00e4m\u00e4r\u00e4kytkin. Ajastimen, h\u00e4m\u00e4r\u00e4kytkimen, ledien ja ison paristokoon ansiosta paristot kest\u00e4v\u00e4t pitk\u00e4\u00e4n. Paristokotelo Ip 44 Patterit: \u00a0 4x D\u00a0 1,5 V patteri ( ei sis\u00e4lly tuotteeseen)<\/p>\n","protected":false},"featured_media":11824,"comment_status":"closed","ping_status":"closed","template":"","meta":[],"product_brand":[],"product_cat":[176,180,34],"product_tag":[],"class_list":{"0":"post-11823","1":"product","2":"type-product","3":"status-publish","4":"has-post-thumbnail","6":"product_cat-joulu-ja-koristevalot","7":"product_cat-paristovalosarjat","8":"product_cat-valaisimet","10":"first","11":"instock","12":"taxable","13":"shipping-taxable","14":"purchasable","15":"product-type-simple"},"_links":{"self":[{"href":"https:\/\/www.ksttukku.fi\/kauppa\/wp-json\/wp\/v2\/product\/11823","targetHints":{"allow":["GET"]}}],"collection":[{"href":"https:\/\/www.ksttukku.fi\/kauppa\/wp-json\/wp\/v2\/product"}],"about":[{"href":"https:\/\/www.ksttukku.fi\/kauppa\/wp-json\/wp\/v2\/types\/product"}],"replies":[{"embeddable":true,"href":"https:\/\/www.ksttukku.fi\/kauppa\/wp-json\/wp\/v2\/comments?post=11823"}],"wp:featuredmedia":[{"embeddable":true,"href":"https:\/\/www.ksttukku.fi\/kauppa\/wp-json\/wp\/v2\/media\/11824"}],"wp:attachment":[{"href":"https:\/\/www.ksttukku.fi\/kauppa\/wp-json\/wp\/v2\/media?parent=11823"}],"wp:term":[{"taxonomy":"product_brand","embeddable":true,"href":"https:\/\/www.ksttukku.fi\/kauppa\/wp-json\/wp\/v2\/product_brand?post=11823"},{"taxonomy":"product_cat","embeddable":true,"href":"https:\/\/www.ksttukku.fi\/kauppa\/wp-json\/wp\/v2\/product_cat?post=11823"},{"taxonomy":"product_tag","embeddable":true,"href":"https:\/\/www.ksttukku.fi\/kauppa\/wp-json\/wp\/v2\/product_tag?post=11823"}],"curies":[{"name":"wp","href":"https:\/\/api.w.org\/{rel}","templated":true}]}}