{"id":11846,"date":"2023-01-05T17:55:42","date_gmt":"2023-01-05T15:55:42","guid":{"rendered":"https:\/\/www.ksttukku.fi\/kauppa\/?post_type=product&#038;p=11846"},"modified":"2023-01-05T17:55:42","modified_gmt":"2023-01-05T15:55:42","slug":"terasalla-kombino-30-fs","status":"publish","type":"product","link":"https:\/\/www.ksttukku.fi\/kauppa\/tuote\/terasalla-kombino-30-fs\/","title":{"rendered":"Ter\u00e4salla Kombino 30 FS"},"content":{"rendered":"<p>Kombino 30 on hyv\u00e4n kokoinen allas, joka sopii yksist\u00e4\u00e4n tai yhdistettyn\u00e4 toiseen Kombino-altaaseen. Asentamalla kaksi Kombino allasta vierekk\u00e4in, saat tehty\u00e4 n\u00e4ytt\u00e4v\u00e4n ja k\u00e4yt\u00e4nn\u00f6llisen keskipisteen suurempaan ja vaativampaankin keitti\u00f6\u00f6n. Kombino-altaat ovat valmistettu laadukkaasta ruostumattomasta ter\u00e4ksest\u00e4. Ne ovat linjoiltaan tyylikk\u00e4\u00e4n yksinkertaisia sek\u00e4 ajattomasti muotoiltuja ja soveltuvatkin monen tyylin keitti\u00f6\u00f6n.<\/p>\n<p>15 mm:n kulmas\u00e4de ja keskim\u00e4\u00e4r\u00e4ist\u00e4 syvempi 195 mm allas luovat korkealukkaisen vaikutelman keitti\u00f6\u00f6si tarjoten samalla tarpeeksi tilaa astioiden pesuun. Altaassa on esteettisesti piilotettu ylivuoto, joka est\u00e4\u00e4 esimerkiksi pesusient\u00e4 tarttumasta kiinni. Tilaa s\u00e4\u00e4st\u00e4v\u00e4n putkiston ansiosta alakaappiin j\u00e4\u00e4 my\u00f6s enemm\u00e4n tilaa.<\/p>\n","protected":false},"excerpt":{"rendered":"<p>Materiaali: RST. Kaapin leveys min. 450mm<\/p>\n","protected":false},"featured_media":11852,"comment_status":"closed","ping_status":"closed","template":"","meta":[],"product_brand":[],"product_cat":[459,478,496],"product_tag":[],"class_list":{"0":"post-11846","1":"product","2":"type-product","3":"status-publish","4":"has-post-thumbnail","6":"product_cat-altaat","7":"product_cat-hanat-altaat","8":"product_cat-terasaltaat","10":"first","11":"instock","12":"taxable","13":"shipping-taxable","14":"purchasable","15":"product-type-simple"},"_links":{"self":[{"href":"https:\/\/www.ksttukku.fi\/kauppa\/wp-json\/wp\/v2\/product\/11846","targetHints":{"allow":["GET"]}}],"collection":[{"href":"https:\/\/www.ksttukku.fi\/kauppa\/wp-json\/wp\/v2\/product"}],"about":[{"href":"https:\/\/www.ksttukku.fi\/kauppa\/wp-json\/wp\/v2\/types\/product"}],"replies":[{"embeddable":true,"href":"https:\/\/www.ksttukku.fi\/kauppa\/wp-json\/wp\/v2\/comments?post=11846"}],"wp:featuredmedia":[{"embeddable":true,"href":"https:\/\/www.ksttukku.fi\/kauppa\/wp-json\/wp\/v2\/media\/11852"}],"wp:attachment":[{"href":"https:\/\/www.ksttukku.fi\/kauppa\/wp-json\/wp\/v2\/media?parent=11846"}],"wp:term":[{"taxonomy":"product_brand","embeddable":true,"href":"https:\/\/www.ksttukku.fi\/kauppa\/wp-json\/wp\/v2\/product_brand?post=11846"},{"taxonomy":"product_cat","embeddable":true,"href":"https:\/\/www.ksttukku.fi\/kauppa\/wp-json\/wp\/v2\/product_cat?post=11846"},{"taxonomy":"product_tag","embeddable":true,"href":"https:\/\/www.ksttukku.fi\/kauppa\/wp-json\/wp\/v2\/product_tag?post=11846"}],"curies":[{"name":"wp","href":"https:\/\/api.w.org\/{rel}","templated":true}]}}