{"id":11938,"date":"2023-01-16T18:30:23","date_gmt":"2023-01-16T16:30:23","guid":{"rendered":"https:\/\/www.ksttukku.fi\/kauppa\/?post_type=product&#038;p=11938"},"modified":"2023-01-16T18:30:24","modified_gmt":"2023-01-16T16:30:24","slug":"led-myrskylyhty-monikaytto-hopeanharmaa-27cm","status":"publish","type":"product","link":"https:\/\/www.ksttukku.fi\/kauppa\/tuote\/led-myrskylyhty-monikaytto-hopeanharmaa-27cm\/","title":{"rendered":"Led myrskylyhty monik\u00e4ytt\u00f6 hopeanharmaa 27cm"},"content":{"rendered":"<p>Kaunis perinteisen n\u00e4k\u00f6inen myrskylyhty modernilla LED-toiminnolla. Lyhty on monik\u00e4ytt\u00f6inen ja turvallinen k\u00e4yt\u00f6ss\u00e4. Lyhdyn voi ripustaa tai asettaa tasaiselle pinnalle luomaan tunnelmaa. Kaksi erilaista valotoimintoa: 24 LEDin l\u00e4mmin liekkivalo ja 12 LEDin valkoinen valo. Ensimm\u00e4isell\u00e4 painalluksella lyhtyyn syttyy l\u00e4mmin liekkivalo. Toisella painalluksella lyhtyyn syttyy valkoinen valo. Kolmannella painalluksella lyhty menee pois p\u00e4\u00e4lt\u00e4.<\/p>\n<p>Patterilla toimiva monik\u00e4ytt\u00f6lyhty.<\/p>\n<p>Valkoinen valo tai liekkiefekti.<\/p>\n<p>Metallirunko, lasikupu<\/p>\n<p>toimii AA paristolla 4 kpl:tta<\/p>\n<p>paristot eiv\u00e4t sis\u00e4lly hintaan<\/p>\n","protected":false},"excerpt":{"rendered":"<p>Kaunis perinteisen n\u00e4k\u00f6inen myrskylyhty modernilla LED-toiminnolla. Lyhty on monik\u00e4ytt\u00f6inen ja turvallinen k\u00e4yt\u00f6ss\u00e4. Lyhdyn voi ripustaa tai asettaa tasaiselle pinnalle luomaan tunnelmaa. Kaksi erilaista valotoimintoa: 24 LEDin l\u00e4mmin liekkivalo ja 12 LEDin valkoinen valo. Ensimm\u00e4isell\u00e4 painalluksella lyhtyyn syttyy l\u00e4mmin liekkivalo. Toisella painalluksella lyhtyyn syttyy valkoinen valo. Kolmannella painalluksella lyhty menee pois p\u00e4\u00e4lt\u00e4. Patterilla toimiva monik\u00e4ytt\u00f6lyhty. Valkoinen [&hellip;]<\/p>\n","protected":false},"featured_media":11940,"comment_status":"closed","ping_status":"closed","template":"","meta":[],"product_brand":[],"product_cat":[190,309,59,36,34],"product_tag":[],"class_list":{"0":"post-11938","1":"product","2":"type-product","3":"status-publish","4":"has-post-thumbnail","6":"product_cat-paristokayttoiset","7":"product_cat-paristovalaisimet","8":"product_cat-terassivalaisimet","9":"product_cat-ulkovalaisimet","10":"product_cat-valaisimet","12":"first","13":"instock","14":"taxable","15":"shipping-taxable","16":"purchasable","17":"product-type-simple"},"_links":{"self":[{"href":"https:\/\/www.ksttukku.fi\/kauppa\/wp-json\/wp\/v2\/product\/11938","targetHints":{"allow":["GET"]}}],"collection":[{"href":"https:\/\/www.ksttukku.fi\/kauppa\/wp-json\/wp\/v2\/product"}],"about":[{"href":"https:\/\/www.ksttukku.fi\/kauppa\/wp-json\/wp\/v2\/types\/product"}],"replies":[{"embeddable":true,"href":"https:\/\/www.ksttukku.fi\/kauppa\/wp-json\/wp\/v2\/comments?post=11938"}],"wp:featuredmedia":[{"embeddable":true,"href":"https:\/\/www.ksttukku.fi\/kauppa\/wp-json\/wp\/v2\/media\/11940"}],"wp:attachment":[{"href":"https:\/\/www.ksttukku.fi\/kauppa\/wp-json\/wp\/v2\/media?parent=11938"}],"wp:term":[{"taxonomy":"product_brand","embeddable":true,"href":"https:\/\/www.ksttukku.fi\/kauppa\/wp-json\/wp\/v2\/product_brand?post=11938"},{"taxonomy":"product_cat","embeddable":true,"href":"https:\/\/www.ksttukku.fi\/kauppa\/wp-json\/wp\/v2\/product_cat?post=11938"},{"taxonomy":"product_tag","embeddable":true,"href":"https:\/\/www.ksttukku.fi\/kauppa\/wp-json\/wp\/v2\/product_tag?post=11938"}],"curies":[{"name":"wp","href":"https:\/\/api.w.org\/{rel}","templated":true}]}}