{"id":11956,"date":"2023-01-21T14:25:57","date_gmt":"2023-01-21T12:25:57","guid":{"rendered":"https:\/\/www.ksttukku.fi\/kauppa\/?post_type=product&#038;p=11956"},"modified":"2025-02-14T16:49:45","modified_gmt":"2025-02-14T14:49:45","slug":"marilyn-valopeili-800x700mm-ip44","status":"publish","type":"product","link":"https:\/\/www.ksttukku.fi\/kauppa\/tuote\/marilyn-valopeili-800x700mm-ip44\/","title":{"rendered":"Marilyn valopeili 800x700mm IP44"},"content":{"rendered":"<p>Marilyn on loistavin peilimme! Siin\u00e4 on LED-valo yl\u00e4reunassa ja alhaalla<br \/>\nkoko kirkas laskutaso kylpee valossa.<br \/>\nMarilyni\u00e4 k\u00e4ytet\u00e4\u00e4n kylpyhuoneessa sein\u00e4katkaisimesta, mutta siin\u00e4<br \/>\non my\u00f6s valmiina 1,7 m pitk\u00e4 s\u00e4hk\u00f6johto omalla katkaisimella \u2013 helppo<br \/>\nk\u00e4ytt\u00e4\u00e4 muissa tiloissa esimerkiksi eteis- tai meikkipeilin\u00e4 ilman kiinte\u00e4\u00e4<br \/>\ns\u00e4hk\u00f6asennusta.<br \/>\nKiinte\u00e4sti s\u00e4hk\u00f6j\u00e4 asennettaessa peilin takalevy\u00e4 ei tarvitse avata,<br \/>\nkatkaise vain jo valmiina oleva johto sopivan pituiseksi.<br \/>\n\u2022 Suojaluokka IP44 \u2013 t\u00e4ytt\u00e4\u00e4 kylpyhuonetilan s\u00e4hk\u00f6asennusvaatimukset<br \/>\n\u2022 Valon v\u00e4ril\u00e4mp\u00f6tila 4000 K, luonnollinen valo suoraan kasovoille<br \/>\n\u2022 Ledit kest\u00e4v\u00e4t yli 40 000 k\u00e4ytt\u00f6tuntia<br \/>\n\u2022 1,7 m pitk\u00e4ss\u00e4 virtajohdossa on katkaisin ja pistotulppa<br \/>\n\u2022 Tukeva alumiinirunko ja helppo asentaa<br \/>\n\u2022 Pakkaus sis\u00e4lt\u00e4\u00e4 kiinnitystarvikkeet<\/p>\n<p>&nbsp;<\/p>\n","protected":false},"excerpt":{"rendered":"<p>Marilyn on loistavin peilimme! Siin\u00e4 on LED-valo yl\u00e4reunassa ja alhaalla koko kirkas laskutaso kylpee valossa. Marilyni\u00e4 k\u00e4ytet\u00e4\u00e4n kylpyhuoneessa sein\u00e4katkaisimesta, mutta siin\u00e4 on my\u00f6s valmiina 1,7 m pitk\u00e4 s\u00e4hk\u00f6johto omalla katkaisimella \u2013 helppo k\u00e4ytt\u00e4\u00e4 muissa tiloissa esimerkiksi eteis- tai meikkipeilin\u00e4 ilman kiinte\u00e4\u00e4 s\u00e4hk\u00f6asennusta. Kiinte\u00e4sti s\u00e4hk\u00f6j\u00e4 asennettaessa peilin takalevy\u00e4 ei tarvitse avata, katkaise vain jo valmiina oleva [&hellip;]<\/p>\n","protected":false},"featured_media":12064,"comment_status":"closed","ping_status":"closed","template":"","meta":[],"product_brand":[],"product_cat":[150,237],"product_tag":[],"class_list":{"0":"post-11956","1":"product","2":"type-product","3":"status-publish","4":"has-post-thumbnail","6":"product_cat-kylpyhuone","7":"product_cat-valopeilit","9":"first","10":"instock","11":"sale","12":"taxable","13":"shipping-taxable","14":"purchasable","15":"product-type-simple"},"_links":{"self":[{"href":"https:\/\/www.ksttukku.fi\/kauppa\/wp-json\/wp\/v2\/product\/11956","targetHints":{"allow":["GET"]}}],"collection":[{"href":"https:\/\/www.ksttukku.fi\/kauppa\/wp-json\/wp\/v2\/product"}],"about":[{"href":"https:\/\/www.ksttukku.fi\/kauppa\/wp-json\/wp\/v2\/types\/product"}],"replies":[{"embeddable":true,"href":"https:\/\/www.ksttukku.fi\/kauppa\/wp-json\/wp\/v2\/comments?post=11956"}],"wp:featuredmedia":[{"embeddable":true,"href":"https:\/\/www.ksttukku.fi\/kauppa\/wp-json\/wp\/v2\/media\/12064"}],"wp:attachment":[{"href":"https:\/\/www.ksttukku.fi\/kauppa\/wp-json\/wp\/v2\/media?parent=11956"}],"wp:term":[{"taxonomy":"product_brand","embeddable":true,"href":"https:\/\/www.ksttukku.fi\/kauppa\/wp-json\/wp\/v2\/product_brand?post=11956"},{"taxonomy":"product_cat","embeddable":true,"href":"https:\/\/www.ksttukku.fi\/kauppa\/wp-json\/wp\/v2\/product_cat?post=11956"},{"taxonomy":"product_tag","embeddable":true,"href":"https:\/\/www.ksttukku.fi\/kauppa\/wp-json\/wp\/v2\/product_tag?post=11956"}],"curies":[{"name":"wp","href":"https:\/\/api.w.org\/{rel}","templated":true}]}}