{"id":11958,"date":"2023-01-21T15:27:52","date_gmt":"2023-01-21T13:27:52","guid":{"rendered":"https:\/\/www.ksttukku.fi\/kauppa\/?post_type=product&#038;p=11958"},"modified":"2025-07-09T12:03:04","modified_gmt":"2025-07-09T09:03:04","slug":"crea-ylakaappi-60cm-matta-valkoinen","status":"publish","type":"product","link":"https:\/\/www.ksttukku.fi\/kauppa\/tuote\/crea-ylakaappi-60cm-matta-valkoinen\/","title":{"rendered":"CREA yl\u00e4kaappi 60cm matta valkoinen"},"content":{"rendered":"<p>\u2022 Edullista s\u00e4ilytystilaa kaikkialle kotiin ja toimistoon<br \/>\n\u2022 Pehme\u00e4sti sulkeutuvat ovet<br \/>\n\u2022 Koottava, s\u00e4\u00e4dett\u00e4v\u00e4 kiinnitysj\u00e4rjestelm\u00e4<br \/>\n\u2022 Sis\u00e4lt\u00e4\u00e4 vetimet, lis\u00e4varusteena saatavana my\u00f6s erilaisia vetimi\u00e4<\/p>\n<p>Mitat<\/p>\n<p>\u2022 Leveys &#8211; 60 cm<br \/>\n\u2022 Syvyys &#8211; 23,6 cm<br \/>\n\u2022 Korkeus &#8211; 61 cm<\/p>\n<p>Myym\u00e4l\u00e4ss\u00e4 mallikappale<\/p>\n<p>&nbsp;<\/p>\n","protected":false},"excerpt":{"rendered":"<p>\u2022 Edullista s\u00e4ilytystilaa kaikkialle kotiin ja toimistoon \u2022 Pehme\u00e4sti sulkeutuvat ovet \u2022 Koottava, s\u00e4\u00e4dett\u00e4v\u00e4 kiinnitysj\u00e4rjestelm\u00e4 \u2022 Sis\u00e4lt\u00e4\u00e4 vetimet, lis\u00e4varusteena saatavana my\u00f6s erilaisia vetimi\u00e4 Mitat \u2022 Leveys &#8211; 60 cm \u2022 Syvyys &#8211; 23,6 cm \u2022 Korkeus &#8211; 61 cm Myym\u00e4l\u00e4ss\u00e4 mallikappale &nbsp;<\/p>\n","protected":false},"featured_media":12069,"comment_status":"closed","ping_status":"closed","template":"","meta":[],"product_brand":[],"product_cat":[151,150],"product_tag":[],"class_list":{"0":"post-11958","1":"product","2":"type-product","3":"status-publish","4":"has-post-thumbnail","6":"product_cat-kalusteet","7":"product_cat-kylpyhuone","9":"first","10":"instock","11":"taxable","12":"shipping-taxable","13":"purchasable","14":"product-type-simple"},"_links":{"self":[{"href":"https:\/\/www.ksttukku.fi\/kauppa\/wp-json\/wp\/v2\/product\/11958","targetHints":{"allow":["GET"]}}],"collection":[{"href":"https:\/\/www.ksttukku.fi\/kauppa\/wp-json\/wp\/v2\/product"}],"about":[{"href":"https:\/\/www.ksttukku.fi\/kauppa\/wp-json\/wp\/v2\/types\/product"}],"replies":[{"embeddable":true,"href":"https:\/\/www.ksttukku.fi\/kauppa\/wp-json\/wp\/v2\/comments?post=11958"}],"wp:featuredmedia":[{"embeddable":true,"href":"https:\/\/www.ksttukku.fi\/kauppa\/wp-json\/wp\/v2\/media\/12069"}],"wp:attachment":[{"href":"https:\/\/www.ksttukku.fi\/kauppa\/wp-json\/wp\/v2\/media?parent=11958"}],"wp:term":[{"taxonomy":"product_brand","embeddable":true,"href":"https:\/\/www.ksttukku.fi\/kauppa\/wp-json\/wp\/v2\/product_brand?post=11958"},{"taxonomy":"product_cat","embeddable":true,"href":"https:\/\/www.ksttukku.fi\/kauppa\/wp-json\/wp\/v2\/product_cat?post=11958"},{"taxonomy":"product_tag","embeddable":true,"href":"https:\/\/www.ksttukku.fi\/kauppa\/wp-json\/wp\/v2\/product_tag?post=11958"}],"curies":[{"name":"wp","href":"https:\/\/api.w.org\/{rel}","templated":true}]}}