{"id":11975,"date":"2023-01-26T16:39:21","date_gmt":"2023-01-26T14:39:21","guid":{"rendered":"https:\/\/www.ksttukku.fi\/kauppa\/?post_type=product&#038;p=11975"},"modified":"2023-01-26T16:39:21","modified_gmt":"2023-01-26T14:39:21","slug":"valopeili-600x800mm-20w-1200lm-4000k-ip-21","status":"publish","type":"product","link":"https:\/\/www.ksttukku.fi\/kauppa\/tuote\/valopeili-600x800mm-20w-1200lm-4000k-ip-21\/","title":{"rendered":"Valopeili 600x800mm  20W 1200lm 4000K  IP 21"},"content":{"rendered":"<table>\n<tbody>\n<tr>\n<th class=\"right top\">:<\/th>\n<td>Suorakulmainen peilivalaisin LED-nauhalla J\u00e4nnite: AC230V\/50Hz Teho: 20W, PF&gt;0,5 Valovirta: 1200lm Valotehokkuus: 60lm\/W V\u00e4ril\u00e4mp\u00f6tila: 4000K V\u00e4rintoistoindeksi: Ra&gt;80 Elinik\u00e4: 25 000 tuntia K\u00e4ytt\u00f6ymp\u00e4rist\u00f6n l\u00e4mp\u00f6tila: +5\u02daC &#8211; +45 \u02daC IP-luokka: IP21 Mitat: 600x800x30mm Paino: 3,5kg Materiaali: Lasi, alumiinikehys Asennus: Pystyasento Kytkent\u00e4: 0,30m kytkent\u00e4johto 2&#215;0,75mm2 vapaat johdinp\u00e4\u00e4t Kiinnitystarvikkeet pakkauksessa mukana .<\/td>\n<\/tr>\n<\/tbody>\n<\/table>\n","protected":false},"excerpt":{"rendered":"<p>: Suorakulmainen peilivalaisin LED-nauhalla J\u00e4nnite: AC230V\/50Hz Teho: 20W, PF&gt;0,5 Valovirta: 1200lm Valotehokkuus: 60lm\/W V\u00e4ril\u00e4mp\u00f6tila: 4000K V\u00e4rintoistoindeksi: Ra&gt;80 Elinik\u00e4: 25 000 tuntia K\u00e4ytt\u00f6ymp\u00e4rist\u00f6n l\u00e4mp\u00f6tila: +5\u02daC &#8211; +45 \u02daC IP-luokka: IP21 Mitat: 600x800x30mm Paino: 3,5kg Materiaali: Lasi, alumiinikehys Asennus: Pystyasento Kytkent\u00e4: 0,30m kytkent\u00e4johto 2&#215;0,75mm2 vapaat johdinp\u00e4\u00e4t Kiinnitystarvikkeet pakkauksessa mukana .<\/p>\n","protected":false},"featured_media":11976,"comment_status":"closed","ping_status":"closed","template":"","meta":[],"product_brand":[],"product_cat":[150,237],"product_tag":[],"class_list":{"0":"post-11975","1":"product","2":"type-product","3":"status-publish","4":"has-post-thumbnail","6":"product_cat-kylpyhuone","7":"product_cat-valopeilit","9":"first","10":"instock","11":"taxable","12":"shipping-taxable","13":"purchasable","14":"product-type-simple"},"_links":{"self":[{"href":"https:\/\/www.ksttukku.fi\/kauppa\/wp-json\/wp\/v2\/product\/11975","targetHints":{"allow":["GET"]}}],"collection":[{"href":"https:\/\/www.ksttukku.fi\/kauppa\/wp-json\/wp\/v2\/product"}],"about":[{"href":"https:\/\/www.ksttukku.fi\/kauppa\/wp-json\/wp\/v2\/types\/product"}],"replies":[{"embeddable":true,"href":"https:\/\/www.ksttukku.fi\/kauppa\/wp-json\/wp\/v2\/comments?post=11975"}],"wp:featuredmedia":[{"embeddable":true,"href":"https:\/\/www.ksttukku.fi\/kauppa\/wp-json\/wp\/v2\/media\/11976"}],"wp:attachment":[{"href":"https:\/\/www.ksttukku.fi\/kauppa\/wp-json\/wp\/v2\/media?parent=11975"}],"wp:term":[{"taxonomy":"product_brand","embeddable":true,"href":"https:\/\/www.ksttukku.fi\/kauppa\/wp-json\/wp\/v2\/product_brand?post=11975"},{"taxonomy":"product_cat","embeddable":true,"href":"https:\/\/www.ksttukku.fi\/kauppa\/wp-json\/wp\/v2\/product_cat?post=11975"},{"taxonomy":"product_tag","embeddable":true,"href":"https:\/\/www.ksttukku.fi\/kauppa\/wp-json\/wp\/v2\/product_tag?post=11975"}],"curies":[{"name":"wp","href":"https:\/\/api.w.org\/{rel}","templated":true}]}}