{"id":11999,"date":"2023-02-07T14:06:47","date_gmt":"2023-02-07T12:06:47","guid":{"rendered":"https:\/\/www.ksttukku.fi\/kauppa\/?post_type=product&#038;p=11999"},"modified":"2025-02-20T17:09:00","modified_gmt":"2025-02-20T15:09:00","slug":"kattovalaisin-circle-valkoinen-trio","status":"publish","type":"product","link":"https:\/\/www.ksttukku.fi\/kauppa\/tuote\/kattovalaisin-circle-valkoinen-trio\/","title":{"rendered":"Kattovalaisin Circle mattavalkoinen trio"},"content":{"rendered":"<p data-sanitized-data-mce-fragment=\"1\">N\u00e4ytt\u00e4v\u00e4 Led-kattovalaisin.<\/p>\n<p data-sanitized-data-mce-fragment=\"1\">Himmennys ja v\u00e4ril\u00e4mp\u00f6tilan s\u00e4\u00e4t\u00f6 mukanatulevalla kaukos\u00e4\u00e4timell\u00e4<\/p>\n<p data-sanitized-data-mce-fragment=\"1\">Teho: 3100 lm<\/p>\n<p data-sanitized-data-mce-fragment=\"1\">Kelvin: 2700-6000 K<\/p>\n<p data-sanitized-data-mce-fragment=\"1\">Halkaisija: 435 mm<\/p>\n<p data-sanitized-data-mce-fragment=\"1\">Syvyys: 95 mm<\/p>\n<p data-sanitized-data-mce-fragment=\"1\">Materiaali: metalli<\/p>\n<p data-sanitized-data-mce-fragment=\"1\">V\u00e4ri: valkoinen<\/p>\n","protected":false},"excerpt":{"rendered":"<p>N\u00e4ytt\u00e4v\u00e4 Led-kattovalaisin. Himmennys ja v\u00e4ril\u00e4mp\u00f6tilan s\u00e4\u00e4t\u00f6 mukanatulevalla kaukos\u00e4\u00e4timell\u00e4 Teho: 3100 lm Kelvin: 2700-6000 K Halkaisija: 435 mm Syvyys: 95 mm Materiaali: metalli V\u00e4ri: valkoinen<\/p>\n","protected":false},"featured_media":12000,"comment_status":"closed","ping_status":"closed","template":"","meta":[],"product_brand":[],"product_cat":[40,35,34],"product_tag":[],"class_list":{"0":"post-11999","1":"product","2":"type-product","3":"status-publish","4":"has-post-thumbnail","6":"product_cat-kattovalaisimet","7":"product_cat-sisavalaisimet","8":"product_cat-valaisimet","10":"first","11":"instock","12":"taxable","13":"shipping-taxable","14":"purchasable","15":"product-type-simple"},"_links":{"self":[{"href":"https:\/\/www.ksttukku.fi\/kauppa\/wp-json\/wp\/v2\/product\/11999","targetHints":{"allow":["GET"]}}],"collection":[{"href":"https:\/\/www.ksttukku.fi\/kauppa\/wp-json\/wp\/v2\/product"}],"about":[{"href":"https:\/\/www.ksttukku.fi\/kauppa\/wp-json\/wp\/v2\/types\/product"}],"replies":[{"embeddable":true,"href":"https:\/\/www.ksttukku.fi\/kauppa\/wp-json\/wp\/v2\/comments?post=11999"}],"wp:featuredmedia":[{"embeddable":true,"href":"https:\/\/www.ksttukku.fi\/kauppa\/wp-json\/wp\/v2\/media\/12000"}],"wp:attachment":[{"href":"https:\/\/www.ksttukku.fi\/kauppa\/wp-json\/wp\/v2\/media?parent=11999"}],"wp:term":[{"taxonomy":"product_brand","embeddable":true,"href":"https:\/\/www.ksttukku.fi\/kauppa\/wp-json\/wp\/v2\/product_brand?post=11999"},{"taxonomy":"product_cat","embeddable":true,"href":"https:\/\/www.ksttukku.fi\/kauppa\/wp-json\/wp\/v2\/product_cat?post=11999"},{"taxonomy":"product_tag","embeddable":true,"href":"https:\/\/www.ksttukku.fi\/kauppa\/wp-json\/wp\/v2\/product_tag?post=11999"}],"curies":[{"name":"wp","href":"https:\/\/api.w.org\/{rel}","templated":true}]}}