{"id":12011,"date":"2023-02-08T15:11:14","date_gmt":"2023-02-08T13:11:14","guid":{"rendered":"https:\/\/www.ksttukku.fi\/kauppa\/?post_type=product&#038;p=12011"},"modified":"2023-02-08T15:13:05","modified_gmt":"2023-02-08T13:13:05","slug":"trio-marley-4-osainen-riippuvalaisin","status":"publish","type":"product","link":"https:\/\/www.ksttukku.fi\/kauppa\/tuote\/trio-marley-4-osainen-riippuvalaisin\/","title":{"rendered":"Trio  Marley 4-osainen riippuvalaisin"},"content":{"rendered":"<p>Tyylik\u00e4s luonnonpuurunkoinen riippuvalaisin nelj\u00e4ll\u00e4 suunnattavalla\u00a0 metallispotilla.<\/p>\n<p>Kanta: GU 10<\/p>\n<p>V\u00e4ri: mattamusta<\/p>\n<p>Pituus: 80 cm<\/p>\n<p>Korkeus: s\u00e4\u00e4dett\u00e4v\u00e4 , max korkeus 150cm<\/p>\n<p>&nbsp;<\/p>\n<p>&nbsp;<\/p>\n<p>&nbsp;<\/p>\n<p>&nbsp;<\/p>\n<p>&nbsp;<\/p>\n<p>&nbsp;<\/p>\n","protected":false},"excerpt":{"rendered":"<p>Tyylik\u00e4s luonnonpuurunkoinen riippuvalaisin nelj\u00e4ll\u00e4 suunnattavalla\u00a0 metallispotilla. Kanta: GU 10 V\u00e4ri: mattamusta Pituus: 80 cm Korkeus: s\u00e4\u00e4dett\u00e4v\u00e4 , max korkeus 150cm &nbsp; &nbsp; &nbsp; &nbsp; &nbsp; &nbsp;<\/p>\n","protected":false},"featured_media":12012,"comment_status":"closed","ping_status":"closed","template":"","meta":[],"product_brand":[],"product_cat":[40,41,49,34],"product_tag":[],"class_list":{"0":"post-12011","1":"product","2":"type-product","3":"status-publish","4":"has-post-thumbnail","6":"product_cat-kattovalaisimet","7":"product_cat-kohdevalaisimet","8":"product_cat-riippuvalaisimet","9":"product_cat-valaisimet","11":"first","12":"instock","13":"taxable","14":"shipping-taxable","15":"purchasable","16":"product-type-simple"},"_links":{"self":[{"href":"https:\/\/www.ksttukku.fi\/kauppa\/wp-json\/wp\/v2\/product\/12011","targetHints":{"allow":["GET"]}}],"collection":[{"href":"https:\/\/www.ksttukku.fi\/kauppa\/wp-json\/wp\/v2\/product"}],"about":[{"href":"https:\/\/www.ksttukku.fi\/kauppa\/wp-json\/wp\/v2\/types\/product"}],"replies":[{"embeddable":true,"href":"https:\/\/www.ksttukku.fi\/kauppa\/wp-json\/wp\/v2\/comments?post=12011"}],"wp:featuredmedia":[{"embeddable":true,"href":"https:\/\/www.ksttukku.fi\/kauppa\/wp-json\/wp\/v2\/media\/12012"}],"wp:attachment":[{"href":"https:\/\/www.ksttukku.fi\/kauppa\/wp-json\/wp\/v2\/media?parent=12011"}],"wp:term":[{"taxonomy":"product_brand","embeddable":true,"href":"https:\/\/www.ksttukku.fi\/kauppa\/wp-json\/wp\/v2\/product_brand?post=12011"},{"taxonomy":"product_cat","embeddable":true,"href":"https:\/\/www.ksttukku.fi\/kauppa\/wp-json\/wp\/v2\/product_cat?post=12011"},{"taxonomy":"product_tag","embeddable":true,"href":"https:\/\/www.ksttukku.fi\/kauppa\/wp-json\/wp\/v2\/product_tag?post=12011"}],"curies":[{"name":"wp","href":"https:\/\/api.w.org\/{rel}","templated":true}]}}