{"id":12022,"date":"2023-02-09T14:06:56","date_gmt":"2023-02-09T12:06:56","guid":{"rendered":"https:\/\/www.ksttukku.fi\/kauppa\/?post_type=product&#038;p=12022"},"modified":"2025-02-06T14:08:19","modified_gmt":"2025-02-06T12:08:19","slug":"seinapaneeli-jarnvik-0201-magus-122x12x2600mm-6154e-m2","status":"publish","type":"product","link":"https:\/\/www.ksttukku.fi\/kauppa\/tuote\/seinapaneeli-jarnvik-0201-magus-122x12x2600mm-6154e-m2\/","title":{"rendered":"Sein\u00e4paneeli J\u00e4rnvik 0201 Magus 122x12x2600mm (61,54\u20ac\/m2)"},"content":{"rendered":"<p>Matala\/leve\u00e4 -profiilinen, tyylik\u00e4s pontillinen sein\u00e4paneeli 3D kuosilla,<br \/>\njossa pohja on mustaa ja p\u00e4\u00e4llinen vaaleaa tammea<br \/>\nmuistuttavaa puukuviota. Voidaan asentaa pystyyn tai<br \/>\nvaakaan.<\/p>\n<p>T\u00e4ysin vedenkest\u00e4v\u00e4, ei sis\u00e4ll\u00e4 haitallisia aineita, materiaali<br \/>\npolystyreeni. Kulutusta kest\u00e4v\u00e4 \/ ei naarmunnu helposti.<br \/>\nHelppo ja nopea asentaa. Siistimm\u00e4n lopputuloksen<br \/>\nsaavuttamiseksi panelin asennuksessa suositellaan<br \/>\nk\u00e4ytett\u00e4v\u00e4n erillisi\u00e4 p\u00e4\u00e4typaloja.<\/p>\n<p>Mitat: 122 x 12 x 2600 mm<\/p>\n","protected":false},"excerpt":{"rendered":"<p>Matala\/leve\u00e4 -profiilinen, tyylik\u00e4s pontillinen sein\u00e4paneeli 3D kuosilla, jossa pohja on mustaa ja p\u00e4\u00e4llinen vaaleaa tammea muistuttavaa puukuviota. Voidaan asentaa pystyyn tai vaakaan. T\u00e4ysin vedenkest\u00e4v\u00e4, ei sis\u00e4ll\u00e4 haitallisia aineita, materiaali polystyreeni. Kulutusta kest\u00e4v\u00e4 \/ ei naarmunnu helposti. Helppo ja nopea asentaa. Siistimm\u00e4n lopputuloksen saavuttamiseksi panelin asennuksessa suositellaan k\u00e4ytett\u00e4v\u00e4n erillisi\u00e4 p\u00e4\u00e4typaloja. Mitat: 122 x 12 x 2600 [&hellip;]<\/p>\n","protected":false},"featured_media":12047,"comment_status":"closed","ping_status":"closed","template":"","meta":[],"product_brand":[],"product_cat":[490,245],"product_tag":[],"class_list":{"0":"post-12022","1":"product","2":"type-product","3":"status-publish","4":"has-post-thumbnail","6":"product_cat-jarnvik-seinapaneelit","7":"product_cat-sisustuslevyt","9":"first","10":"instock","11":"taxable","12":"shipping-taxable","13":"purchasable","14":"product-type-simple"},"_links":{"self":[{"href":"https:\/\/www.ksttukku.fi\/kauppa\/wp-json\/wp\/v2\/product\/12022","targetHints":{"allow":["GET"]}}],"collection":[{"href":"https:\/\/www.ksttukku.fi\/kauppa\/wp-json\/wp\/v2\/product"}],"about":[{"href":"https:\/\/www.ksttukku.fi\/kauppa\/wp-json\/wp\/v2\/types\/product"}],"replies":[{"embeddable":true,"href":"https:\/\/www.ksttukku.fi\/kauppa\/wp-json\/wp\/v2\/comments?post=12022"}],"wp:featuredmedia":[{"embeddable":true,"href":"https:\/\/www.ksttukku.fi\/kauppa\/wp-json\/wp\/v2\/media\/12047"}],"wp:attachment":[{"href":"https:\/\/www.ksttukku.fi\/kauppa\/wp-json\/wp\/v2\/media?parent=12022"}],"wp:term":[{"taxonomy":"product_brand","embeddable":true,"href":"https:\/\/www.ksttukku.fi\/kauppa\/wp-json\/wp\/v2\/product_brand?post=12022"},{"taxonomy":"product_cat","embeddable":true,"href":"https:\/\/www.ksttukku.fi\/kauppa\/wp-json\/wp\/v2\/product_cat?post=12022"},{"taxonomy":"product_tag","embeddable":true,"href":"https:\/\/www.ksttukku.fi\/kauppa\/wp-json\/wp\/v2\/product_tag?post=12022"}],"curies":[{"name":"wp","href":"https:\/\/api.w.org\/{rel}","templated":true}]}}