{"id":12048,"date":"2023-02-09T17:53:30","date_gmt":"2023-02-09T15:53:30","guid":{"rendered":"https:\/\/www.ksttukku.fi\/kauppa\/?post_type=product&#038;p=12048"},"modified":"2025-02-04T16:49:36","modified_gmt":"2025-02-04T14:49:36","slug":"paatypala-uros-jarnvik-magus-seinapaneeliin","status":"publish","type":"product","link":"https:\/\/www.ksttukku.fi\/kauppa\/tuote\/paatypala-uros-jarnvik-magus-seinapaneeliin\/","title":{"rendered":"P\u00e4\u00e4typala uros J\u00e4rnvik Magus sein\u00e4paneeliin"},"content":{"rendered":"<p>Mitat: 65 x 12 x 2600 mm<\/p>\n","protected":false},"excerpt":{"rendered":"<p>Mitat: 65 x 12 x 2600 mm<\/p>\n","protected":false},"featured_media":0,"comment_status":"closed","ping_status":"closed","template":"","meta":[],"product_brand":[],"product_cat":[490,245],"product_tag":[],"class_list":{"0":"post-12048","1":"product","2":"type-product","3":"status-publish","5":"product_cat-jarnvik-seinapaneelit","6":"product_cat-sisustuslevyt","8":"first","9":"instock","10":"taxable","11":"shipping-taxable","12":"purchasable","13":"product-type-simple"},"_links":{"self":[{"href":"https:\/\/www.ksttukku.fi\/kauppa\/wp-json\/wp\/v2\/product\/12048","targetHints":{"allow":["GET"]}}],"collection":[{"href":"https:\/\/www.ksttukku.fi\/kauppa\/wp-json\/wp\/v2\/product"}],"about":[{"href":"https:\/\/www.ksttukku.fi\/kauppa\/wp-json\/wp\/v2\/types\/product"}],"replies":[{"embeddable":true,"href":"https:\/\/www.ksttukku.fi\/kauppa\/wp-json\/wp\/v2\/comments?post=12048"}],"wp:attachment":[{"href":"https:\/\/www.ksttukku.fi\/kauppa\/wp-json\/wp\/v2\/media?parent=12048"}],"wp:term":[{"taxonomy":"product_brand","embeddable":true,"href":"https:\/\/www.ksttukku.fi\/kauppa\/wp-json\/wp\/v2\/product_brand?post=12048"},{"taxonomy":"product_cat","embeddable":true,"href":"https:\/\/www.ksttukku.fi\/kauppa\/wp-json\/wp\/v2\/product_cat?post=12048"},{"taxonomy":"product_tag","embeddable":true,"href":"https:\/\/www.ksttukku.fi\/kauppa\/wp-json\/wp\/v2\/product_tag?post=12048"}],"curies":[{"name":"wp","href":"https:\/\/api.w.org\/{rel}","templated":true}]}}