{"id":12051,"date":"2023-02-09T18:26:42","date_gmt":"2023-02-09T16:26:42","guid":{"rendered":"https:\/\/www.ksttukku.fi\/kauppa\/?post_type=product&#038;p=12051"},"modified":"2024-01-19T18:27:23","modified_gmt":"2024-01-19T16:27:23","slug":"akustiikkaseinapaneeli-jarnvik-5100-serenus-600x24x2440mm","status":"publish","type":"product","link":"https:\/\/www.ksttukku.fi\/kauppa\/tuote\/akustiikkaseinapaneeli-jarnvik-5100-serenus-600x24x2440mm\/","title":{"rendered":"Akustiikkasein\u00e4paneeli J\u00e4rnvik 5100 Serenus 600x24x2440mm"},"content":{"rendered":"<p>Korkeaprofiilinen, tyylik\u00e4s akustinen rimapaneelilevy,<br \/>\njossa pohja on mustaa huopaa ja p\u00e4\u00e4llinen vaaleaa<br \/>\ntammea muistuttavaa puukuviota. Voidaan asentaa<br \/>\npystyyn tai vaakaan sek\u00e4 kattoon.<br \/>\n\u00c4\u00e4nt\u00e4 erist\u00e4v\u00e4 pohjahuopa vaimentaa melua ja<br \/>\nj\u00e4lkikaikuja. Mdf -rimoissa n\u00e4ytt\u00e4v\u00e4 puunsyykuviointi.<br \/>\nAkustisella huovalla on paloa viiv\u00e4stytt\u00e4v\u00e4 ominaisuus ja<br \/>\nse kuuluu B1 -paloluokkaan. Ei sis\u00e4ll\u00e4 haitallisia<br \/>\nyhdisteit\u00e4. Helppo ja nopea asentaa. Suoraan sein\u00e4\u00e4n<br \/>\nasennettuna NRC-arvo 0,3, \u00e4\u00e4nenvaimennusluokka D.<br \/>\nKoolattuna \u00e4\u00e4nenvaimennusluokka A. Levyn paino<br \/>\n10,8kg, pituus 2440mm, leveys 600mm ja paksuus<br \/>\n24mm.<\/p>\n<p>&nbsp;<\/p>\n<p>&nbsp;<\/p>\n","protected":false},"excerpt":{"rendered":"<p>Korkeaprofiilinen, tyylik\u00e4s akustinen rimapaneelilevy, jossa pohja on mustaa huopaa ja p\u00e4\u00e4llinen vaaleaa tammea muistuttavaa puukuviota. Voidaan asentaa pystyyn tai vaakaan sek\u00e4 kattoon. \u00c4\u00e4nt\u00e4 erist\u00e4v\u00e4 pohjahuopa vaimentaa melua ja j\u00e4lkikaikuja. Mdf -rimoissa n\u00e4ytt\u00e4v\u00e4 puunsyykuviointi. Akustisella huovalla on paloa viiv\u00e4stytt\u00e4v\u00e4 ominaisuus ja se kuuluu B1 -paloluokkaan. Ei sis\u00e4ll\u00e4 haitallisia yhdisteit\u00e4. Helppo ja nopea asentaa. Suoraan sein\u00e4\u00e4n asennettuna [&hellip;]<\/p>\n","protected":false},"featured_media":12053,"comment_status":"closed","ping_status":"closed","template":"","meta":[],"product_brand":[],"product_cat":[358,490,245],"product_tag":[],"class_list":{"0":"post-12051","1":"product","2":"type-product","3":"status-publish","4":"has-post-thumbnail","6":"product_cat-akustiikkalevyt","7":"product_cat-jarnvik-seinapaneelit","8":"product_cat-sisustuslevyt","10":"first","11":"instock","12":"taxable","13":"shipping-taxable","14":"purchasable","15":"product-type-simple"},"_links":{"self":[{"href":"https:\/\/www.ksttukku.fi\/kauppa\/wp-json\/wp\/v2\/product\/12051","targetHints":{"allow":["GET"]}}],"collection":[{"href":"https:\/\/www.ksttukku.fi\/kauppa\/wp-json\/wp\/v2\/product"}],"about":[{"href":"https:\/\/www.ksttukku.fi\/kauppa\/wp-json\/wp\/v2\/types\/product"}],"replies":[{"embeddable":true,"href":"https:\/\/www.ksttukku.fi\/kauppa\/wp-json\/wp\/v2\/comments?post=12051"}],"wp:featuredmedia":[{"embeddable":true,"href":"https:\/\/www.ksttukku.fi\/kauppa\/wp-json\/wp\/v2\/media\/12053"}],"wp:attachment":[{"href":"https:\/\/www.ksttukku.fi\/kauppa\/wp-json\/wp\/v2\/media?parent=12051"}],"wp:term":[{"taxonomy":"product_brand","embeddable":true,"href":"https:\/\/www.ksttukku.fi\/kauppa\/wp-json\/wp\/v2\/product_brand?post=12051"},{"taxonomy":"product_cat","embeddable":true,"href":"https:\/\/www.ksttukku.fi\/kauppa\/wp-json\/wp\/v2\/product_cat?post=12051"},{"taxonomy":"product_tag","embeddable":true,"href":"https:\/\/www.ksttukku.fi\/kauppa\/wp-json\/wp\/v2\/product_tag?post=12051"}],"curies":[{"name":"wp","href":"https:\/\/api.w.org\/{rel}","templated":true}]}}