{"id":12070,"date":"2023-02-11T15:06:50","date_gmt":"2023-02-11T13:06:50","guid":{"rendered":"https:\/\/www.ksttukku.fi\/kauppa\/?post_type=product&#038;p=12070"},"modified":"2023-02-11T15:06:50","modified_gmt":"2023-02-11T13:06:50","slug":"arte-80-allaskaappi-malja-altaalla-ja-tasolla","status":"publish","type":"product","link":"https:\/\/www.ksttukku.fi\/kauppa\/tuote\/arte-80-allaskaappi-malja-altaalla-ja-tasolla\/","title":{"rendered":"ARTE 80 allaskaappi malja-altaalla ja tasolla"},"content":{"rendered":"<p>Posliiniallas ylivuotosuojalla<br \/>\n\u2022 Pehme\u00e4sti sulkeutuvat vetolaatikot<br \/>\n\u2022 Ovien viistottu yl\u00e4- ja alareuna toimii vetimen\u00e4<br \/>\n\u2022 Laatikostojen etulevyt pulverimaalattua mdf:\u00e4\u00e4<br \/>\n\u2022 Runko kalustelevy\u00e4<br \/>\n\u2022 Lis\u00e4varusteena saatavana my\u00f6s erilaisia vetimi\u00e4<br \/>\n\u2022 Valmiiksi koottu, s\u00e4\u00e4dett\u00e4v\u00e4 kiinnitysj\u00e4rjestelm\u00e4<br \/>\n\u2022 Tilaa vesilukolle ja poistoputkelle<br \/>\n\u2022 Rungon leveys 75,5 cm<br \/>\n\u2022 Rungon syvyys 44,5 cm<br \/>\n\u2022 Rungon ja tason korkeus 56 cm,<br \/>\nkorkeus altaan kanssa 71 cm<br \/>\n\u2022 Tason leveys 77 cm<br \/>\n\u2022 Tason syvyys 45 cm<\/p>\n","protected":false},"excerpt":{"rendered":"<p>Posliiniallas ylivuotosuojalla \u2022 Pehme\u00e4sti sulkeutuvat vetolaatikot \u2022 Ovien viistottu yl\u00e4- ja alareuna toimii vetimen\u00e4 \u2022 Laatikostojen etulevyt pulverimaalattua mdf:\u00e4\u00e4 \u2022 Runko kalustelevy\u00e4 \u2022 Lis\u00e4varusteena saatavana my\u00f6s erilaisia vetimi\u00e4 \u2022 Valmiiksi koottu, s\u00e4\u00e4dett\u00e4v\u00e4 kiinnitysj\u00e4rjestelm\u00e4 \u2022 Tilaa vesilukolle ja poistoputkelle \u2022 Rungon leveys 75,5 cm \u2022 Rungon syvyys 44,5 cm \u2022 Rungon ja tason korkeus 56 cm, [&hellip;]<\/p>\n","protected":false},"featured_media":12071,"comment_status":"closed","ping_status":"closed","template":"","meta":[],"product_brand":[],"product_cat":[151,150],"product_tag":[],"class_list":{"0":"post-12070","1":"product","2":"type-product","3":"status-publish","4":"has-post-thumbnail","6":"product_cat-kalusteet","7":"product_cat-kylpyhuone","9":"first","10":"instock","11":"taxable","12":"shipping-taxable","13":"purchasable","14":"product-type-simple"},"_links":{"self":[{"href":"https:\/\/www.ksttukku.fi\/kauppa\/wp-json\/wp\/v2\/product\/12070","targetHints":{"allow":["GET"]}}],"collection":[{"href":"https:\/\/www.ksttukku.fi\/kauppa\/wp-json\/wp\/v2\/product"}],"about":[{"href":"https:\/\/www.ksttukku.fi\/kauppa\/wp-json\/wp\/v2\/types\/product"}],"replies":[{"embeddable":true,"href":"https:\/\/www.ksttukku.fi\/kauppa\/wp-json\/wp\/v2\/comments?post=12070"}],"wp:featuredmedia":[{"embeddable":true,"href":"https:\/\/www.ksttukku.fi\/kauppa\/wp-json\/wp\/v2\/media\/12071"}],"wp:attachment":[{"href":"https:\/\/www.ksttukku.fi\/kauppa\/wp-json\/wp\/v2\/media?parent=12070"}],"wp:term":[{"taxonomy":"product_brand","embeddable":true,"href":"https:\/\/www.ksttukku.fi\/kauppa\/wp-json\/wp\/v2\/product_brand?post=12070"},{"taxonomy":"product_cat","embeddable":true,"href":"https:\/\/www.ksttukku.fi\/kauppa\/wp-json\/wp\/v2\/product_cat?post=12070"},{"taxonomy":"product_tag","embeddable":true,"href":"https:\/\/www.ksttukku.fi\/kauppa\/wp-json\/wp\/v2\/product_tag?post=12070"}],"curies":[{"name":"wp","href":"https:\/\/api.w.org\/{rel}","templated":true}]}}