{"id":12077,"date":"2023-02-14T16:24:56","date_gmt":"2023-02-14T14:24:56","guid":{"rendered":"https:\/\/www.ksttukku.fi\/kauppa\/?post_type=product&#038;p=12077"},"modified":"2023-02-14T16:28:35","modified_gmt":"2023-02-14T14:28:35","slug":"airam-pro-led-5w-e14-kanta","status":"publish","type":"product","link":"https:\/\/www.ksttukku.fi\/kauppa\/tuote\/airam-pro-led-5w-e14-kanta\/","title":{"rendered":"Airam pro led 5W   E14 kanta"},"content":{"rendered":"<p>Ymp\u00e4rivalaiseva opaali kynttil\u00e4lamppu himmennett\u00e4v\u00e4\u00a0 5W 4000K\u00a0 E14\u00a0 630lm<\/p>\n<p>Lampulla on t\u00e4ysin kattava 360 asteen valonjako, joten se antaa valoa my\u00f6s kannan suuntaan.<\/p>\n<p>Opaalikuvun ansiosta valo ei h\u00e4ik\u00e4ise.<\/p>\n","protected":false},"excerpt":{"rendered":"<p>Ymp\u00e4rivalaiseva opaali kynttil\u00e4lamppu himmennett\u00e4v\u00e4\u00a0 5W 4000K\u00a0 E14\u00a0 630lm Lampulla on t\u00e4ysin kattava 360 asteen valonjako, joten se antaa valoa my\u00f6s kannan suuntaan. Opaalikuvun ansiosta valo ei h\u00e4ik\u00e4ise.<\/p>\n","protected":false},"featured_media":12078,"comment_status":"closed","ping_status":"closed","template":"","meta":[],"product_brand":[],"product_cat":[188,186,185],"product_tag":[],"class_list":{"0":"post-12077","1":"product","2":"type-product","3":"status-publish","4":"has-post-thumbnail","6":"product_cat-himmennettavat-lamput","7":"product_cat-ledlamput","8":"product_cat-lamput","10":"first","11":"instock","12":"taxable","13":"shipping-taxable","14":"purchasable","15":"product-type-simple"},"_links":{"self":[{"href":"https:\/\/www.ksttukku.fi\/kauppa\/wp-json\/wp\/v2\/product\/12077","targetHints":{"allow":["GET"]}}],"collection":[{"href":"https:\/\/www.ksttukku.fi\/kauppa\/wp-json\/wp\/v2\/product"}],"about":[{"href":"https:\/\/www.ksttukku.fi\/kauppa\/wp-json\/wp\/v2\/types\/product"}],"replies":[{"embeddable":true,"href":"https:\/\/www.ksttukku.fi\/kauppa\/wp-json\/wp\/v2\/comments?post=12077"}],"wp:featuredmedia":[{"embeddable":true,"href":"https:\/\/www.ksttukku.fi\/kauppa\/wp-json\/wp\/v2\/media\/12078"}],"wp:attachment":[{"href":"https:\/\/www.ksttukku.fi\/kauppa\/wp-json\/wp\/v2\/media?parent=12077"}],"wp:term":[{"taxonomy":"product_brand","embeddable":true,"href":"https:\/\/www.ksttukku.fi\/kauppa\/wp-json\/wp\/v2\/product_brand?post=12077"},{"taxonomy":"product_cat","embeddable":true,"href":"https:\/\/www.ksttukku.fi\/kauppa\/wp-json\/wp\/v2\/product_cat?post=12077"},{"taxonomy":"product_tag","embeddable":true,"href":"https:\/\/www.ksttukku.fi\/kauppa\/wp-json\/wp\/v2\/product_tag?post=12077"}],"curies":[{"name":"wp","href":"https:\/\/api.w.org\/{rel}","templated":true}]}}