{"id":12079,"date":"2023-02-14T16:42:18","date_gmt":"2023-02-14T14:42:18","guid":{"rendered":"https:\/\/www.ksttukku.fi\/kauppa\/?post_type=product&#038;p=12079"},"modified":"2023-02-14T16:42:19","modified_gmt":"2023-02-14T14:42:19","slug":"airam-pro-led-mainoslamppu-5w-e-14","status":"publish","type":"product","link":"https:\/\/www.ksttukku.fi\/kauppa\/tuote\/airam-pro-led-mainoslamppu-5w-e-14\/","title":{"rendered":"Airam Pro Led-mainoslamppu  5W E 14"},"content":{"rendered":"<p>Airam pro led 5W E14 kanta<\/p>\n<p>Ymp\u00e4rivalaiseva opaali mainoslamppu himmennett\u00e4v\u00e4 5W 4000K E14 630lm<\/p>\n<p>Lampulla on t\u00e4ysin kattava 360 asteen valonjako, joten se antaa valoa my\u00f6s kannan suuntaan.<\/p>\n<p>Opaalikuvun ansiosta valo ei h\u00e4ik\u00e4ise.<\/p>\n","protected":false},"excerpt":{"rendered":"<p>Airam pro led 5W E14 kanta Ymp\u00e4rivalaiseva opaali mainoslamppu himmennett\u00e4v\u00e4 5W 4000K E14 630lm Lampulla on t\u00e4ysin kattava 360 asteen valonjako, joten se antaa valoa my\u00f6s kannan suuntaan. Opaalikuvun ansiosta valo ei h\u00e4ik\u00e4ise.<\/p>\n","protected":false},"featured_media":12080,"comment_status":"closed","ping_status":"closed","template":"","meta":[],"product_brand":[],"product_cat":[188,186,185],"product_tag":[],"class_list":{"0":"post-12079","1":"product","2":"type-product","3":"status-publish","4":"has-post-thumbnail","6":"product_cat-himmennettavat-lamput","7":"product_cat-ledlamput","8":"product_cat-lamput","10":"first","11":"instock","12":"taxable","13":"shipping-taxable","14":"purchasable","15":"product-type-simple"},"_links":{"self":[{"href":"https:\/\/www.ksttukku.fi\/kauppa\/wp-json\/wp\/v2\/product\/12079","targetHints":{"allow":["GET"]}}],"collection":[{"href":"https:\/\/www.ksttukku.fi\/kauppa\/wp-json\/wp\/v2\/product"}],"about":[{"href":"https:\/\/www.ksttukku.fi\/kauppa\/wp-json\/wp\/v2\/types\/product"}],"replies":[{"embeddable":true,"href":"https:\/\/www.ksttukku.fi\/kauppa\/wp-json\/wp\/v2\/comments?post=12079"}],"wp:featuredmedia":[{"embeddable":true,"href":"https:\/\/www.ksttukku.fi\/kauppa\/wp-json\/wp\/v2\/media\/12080"}],"wp:attachment":[{"href":"https:\/\/www.ksttukku.fi\/kauppa\/wp-json\/wp\/v2\/media?parent=12079"}],"wp:term":[{"taxonomy":"product_brand","embeddable":true,"href":"https:\/\/www.ksttukku.fi\/kauppa\/wp-json\/wp\/v2\/product_brand?post=12079"},{"taxonomy":"product_cat","embeddable":true,"href":"https:\/\/www.ksttukku.fi\/kauppa\/wp-json\/wp\/v2\/product_cat?post=12079"},{"taxonomy":"product_tag","embeddable":true,"href":"https:\/\/www.ksttukku.fi\/kauppa\/wp-json\/wp\/v2\/product_tag?post=12079"}],"curies":[{"name":"wp","href":"https:\/\/api.w.org\/{rel}","templated":true}]}}