{"id":12081,"date":"2023-02-14T16:53:22","date_gmt":"2023-02-14T14:53:22","guid":{"rendered":"https:\/\/www.ksttukku.fi\/kauppa\/?post_type=product&#038;p=12081"},"modified":"2023-02-14T17:26:49","modified_gmt":"2023-02-14T15:26:49","slug":"airam-pro-led-vakiolamppu-e-27-59-w-806lm","status":"publish","type":"product","link":"https:\/\/www.ksttukku.fi\/kauppa\/tuote\/airam-pro-led-vakiolamppu-e-27-59-w-806lm\/","title":{"rendered":"Airam Pro Led vakiolamppu E 27   5,9 W  806lm"},"content":{"rendered":"<p data-sanitized-data-mce-fragment=\"1\">Airam pro led 5,9W\u00a0\u00a0 Vakiolamppu E 27<\/p>\n<p data-sanitized-data-mce-fragment=\"1\">Ymp\u00e4rivalaiseva opaali vakiolamppu himmennett\u00e4v\u00e4 5,9W \u00a0 4000K \u00a0\u00a0 \u00a0 806lm<\/p>\n<p data-sanitized-data-mce-fragment=\"1\">Lampulla on t\u00e4ysin kattava 360 asteen valonjako, joten se antaa valoa my\u00f6s kannan suuntaan.<\/p>\n<p data-sanitized-data-mce-fragment=\"1\">Opaalikuvun ansiosta valo ei h\u00e4ik\u00e4ise.<\/p>\n","protected":false},"excerpt":{"rendered":"<p>Airam pro led 5,9W\u00a0\u00a0 Vakiolamppu E 27 Ymp\u00e4rivalaiseva opaali vakiolamppu himmennett\u00e4v\u00e4 5,9W \u00a0 4000K \u00a0\u00a0 \u00a0 806lm Lampulla on t\u00e4ysin kattava 360 asteen valonjako, joten se antaa valoa my\u00f6s kannan suuntaan. Opaalikuvun ansiosta valo ei h\u00e4ik\u00e4ise.<\/p>\n","protected":false},"featured_media":12082,"comment_status":"closed","ping_status":"closed","template":"","meta":[],"product_brand":[],"product_cat":[188,186,185],"product_tag":[],"class_list":{"0":"post-12081","1":"product","2":"type-product","3":"status-publish","4":"has-post-thumbnail","6":"product_cat-himmennettavat-lamput","7":"product_cat-ledlamput","8":"product_cat-lamput","10":"first","11":"instock","12":"taxable","13":"shipping-taxable","14":"purchasable","15":"product-type-simple"},"_links":{"self":[{"href":"https:\/\/www.ksttukku.fi\/kauppa\/wp-json\/wp\/v2\/product\/12081","targetHints":{"allow":["GET"]}}],"collection":[{"href":"https:\/\/www.ksttukku.fi\/kauppa\/wp-json\/wp\/v2\/product"}],"about":[{"href":"https:\/\/www.ksttukku.fi\/kauppa\/wp-json\/wp\/v2\/types\/product"}],"replies":[{"embeddable":true,"href":"https:\/\/www.ksttukku.fi\/kauppa\/wp-json\/wp\/v2\/comments?post=12081"}],"wp:featuredmedia":[{"embeddable":true,"href":"https:\/\/www.ksttukku.fi\/kauppa\/wp-json\/wp\/v2\/media\/12082"}],"wp:attachment":[{"href":"https:\/\/www.ksttukku.fi\/kauppa\/wp-json\/wp\/v2\/media?parent=12081"}],"wp:term":[{"taxonomy":"product_brand","embeddable":true,"href":"https:\/\/www.ksttukku.fi\/kauppa\/wp-json\/wp\/v2\/product_brand?post=12081"},{"taxonomy":"product_cat","embeddable":true,"href":"https:\/\/www.ksttukku.fi\/kauppa\/wp-json\/wp\/v2\/product_cat?post=12081"},{"taxonomy":"product_tag","embeddable":true,"href":"https:\/\/www.ksttukku.fi\/kauppa\/wp-json\/wp\/v2\/product_tag?post=12081"}],"curies":[{"name":"wp","href":"https:\/\/api.w.org\/{rel}","templated":true}]}}