{"id":12084,"date":"2023-02-14T18:37:01","date_gmt":"2023-02-14T16:37:01","guid":{"rendered":"https:\/\/www.ksttukku.fi\/kauppa\/?post_type=product&#038;p=12084"},"modified":"2024-10-14T14:44:40","modified_gmt":"2024-10-14T11:44:40","slug":"lasinen-led-valolippa","status":"publish","type":"product","link":"https:\/\/www.ksttukku.fi\/kauppa\/tuote\/lasinen-led-valolippa\/","title":{"rendered":"Lasinen LED-valolippa"},"content":{"rendered":"<p>Lasista valmistettu LED-valolippa<br \/>\nValolipassa on valmiiksi integroitu LED-valonauha<br \/>\n(12V, 4000Kelvin) joka muodostaa kauniin ja tasaisen<br \/>\nvalaistuksen.<br \/>\nLippa on helppo j\u00e4lkiasentaa my\u00f6s vanhojen<br \/>\npeilikaappien p\u00e4\u00e4lle.<br \/>\nValolipassa valmiiksi integroitu 12V LEDvalonauha.<br \/>\nHelppo asentaa peilikaapiin k\u00e4ytt\u00e4en vain kahta ruuvia.<br \/>\nTuote on IP44 suojattu ja t\u00e4ytt\u00e4\u00e4 kaikki Suomessa<br \/>\nvaadittavat standardit kylpyhuoneeseen asennusta<br \/>\nvarten.<br \/>\nVarastossa kaksi eri leveytt\u00e4 60 cm &amp; 80 cm<\/p>\n<p>Valolippa sis\u00e4ltt\u00e4\u00e4 15W muuntajan<br \/>\nMuuntaja sis\u00e4lt\u00e4\u00e4 IP44 kytkent\u00e4rasian<br \/>\n(liitet\u00e4\u00e4n muuntajan ja valolipan v\u00e4liin)<\/p>\n<p>R<\/p>\n","protected":false},"excerpt":{"rendered":"<p>Lasista valmistettu LED-valolippa Valolipassa on valmiiksi integroitu LED-valonauha (12V, 4000Kelvin) joka muodostaa kauniin ja tasaisen valaistuksen. Lippa on helppo j\u00e4lkiasentaa my\u00f6s vanhojen peilikaappien p\u00e4\u00e4lle. Valolipassa valmiiksi integroitu 12V LEDvalonauha. Helppo asentaa peilikaapiin k\u00e4ytt\u00e4en vain kahta ruuvia. Tuote on IP44 suojattu ja t\u00e4ytt\u00e4\u00e4 kaikki Suomessa vaadittavat standardit kylpyhuoneeseen asennusta varten. Varastossa kaksi eri leveytt\u00e4 60 cm [&hellip;]<\/p>\n","protected":false},"featured_media":12090,"comment_status":"closed","ping_status":"closed","template":"","meta":[],"product_brand":[],"product_cat":[150,240],"product_tag":[],"class_list":{"0":"post-12084","1":"product","2":"type-product","3":"status-publish","4":"has-post-thumbnail","6":"product_cat-kylpyhuone","7":"product_cat-valolipat-ja-valaisimet","9":"first","10":"instock","11":"taxable","12":"shipping-taxable","13":"purchasable","14":"product-type-variable"},"_links":{"self":[{"href":"https:\/\/www.ksttukku.fi\/kauppa\/wp-json\/wp\/v2\/product\/12084","targetHints":{"allow":["GET"]}}],"collection":[{"href":"https:\/\/www.ksttukku.fi\/kauppa\/wp-json\/wp\/v2\/product"}],"about":[{"href":"https:\/\/www.ksttukku.fi\/kauppa\/wp-json\/wp\/v2\/types\/product"}],"replies":[{"embeddable":true,"href":"https:\/\/www.ksttukku.fi\/kauppa\/wp-json\/wp\/v2\/comments?post=12084"}],"wp:featuredmedia":[{"embeddable":true,"href":"https:\/\/www.ksttukku.fi\/kauppa\/wp-json\/wp\/v2\/media\/12090"}],"wp:attachment":[{"href":"https:\/\/www.ksttukku.fi\/kauppa\/wp-json\/wp\/v2\/media?parent=12084"}],"wp:term":[{"taxonomy":"product_brand","embeddable":true,"href":"https:\/\/www.ksttukku.fi\/kauppa\/wp-json\/wp\/v2\/product_brand?post=12084"},{"taxonomy":"product_cat","embeddable":true,"href":"https:\/\/www.ksttukku.fi\/kauppa\/wp-json\/wp\/v2\/product_cat?post=12084"},{"taxonomy":"product_tag","embeddable":true,"href":"https:\/\/www.ksttukku.fi\/kauppa\/wp-json\/wp\/v2\/product_tag?post=12084"}],"curies":[{"name":"wp","href":"https:\/\/api.w.org\/{rel}","templated":true}]}}