{"id":12100,"date":"2023-02-16T15:46:50","date_gmt":"2023-02-16T13:46:50","guid":{"rendered":"https:\/\/www.ksttukku.fi\/kauppa\/?post_type=product&#038;p=12100"},"modified":"2023-02-16T15:46:51","modified_gmt":"2023-02-16T13:46:51","slug":"integra-led-plafondi-ip44-29-cm","status":"publish","type":"product","link":"https:\/\/www.ksttukku.fi\/kauppa\/tuote\/integra-led-plafondi-ip44-29-cm\/","title":{"rendered":"Integra LED-plafondi IP44 29 cm"},"content":{"rendered":"<p>Ohut LED-plafondi, jonka voi asentaa joko sein\u00e4\u00e4n tai kattoon. Helppo asentaa.<br \/>\nSopii sis\u00e4- ja ulkok\u00e4ytt\u00f6\u00f6n.(esim kylpyhuone)<br \/>\nIP44. Kiinte\u00e4 LED 15W, 3000K, 1350 lm.<\/p>\n<ul>\n<li>\n<div>Materiaali: Muovi<\/div>\n<\/li>\n<li>\n<div>V\u00e4ri: Valkoinen<\/div>\n<\/li>\n<li>\n<div>Mitat: 290.0 mm x 290.0 mm x 24.0 mm<\/div>\n<\/li>\n<\/ul>\n","protected":false},"excerpt":{"rendered":"<p>Ohut LED-plafondi, jonka voi asentaa joko sein\u00e4\u00e4n tai kattoon. Helppo asentaa. Sopii sis\u00e4- ja ulkok\u00e4ytt\u00f6\u00f6n.(esim kylpyhuone) IP44. Kiinte\u00e4 LED 15W, 3000K, 1350 lm. Materiaali: Muovi V\u00e4ri: Valkoinen Mitat: 290.0 mm x 290.0 mm x 24.0 mm<\/p>\n","protected":false},"featured_media":12104,"comment_status":"closed","ping_status":"closed","template":"","meta":[],"product_brand":[],"product_cat":[46,174,48,51,36,34],"product_tag":[],"class_list":{"0":"post-12100","1":"product","2":"type-product","3":"status-publish","4":"has-post-thumbnail","6":"product_cat-alasvalot","7":"product_cat-riippuvalaisimet-ulkovalaisimet","8":"product_cat-kosteantilanvalaisimet","9":"product_cat-pinta-asennettavat","10":"product_cat-ulkovalaisimet","11":"product_cat-valaisimet","13":"first","14":"instock","15":"taxable","16":"shipping-taxable","17":"purchasable","18":"product-type-simple"},"_links":{"self":[{"href":"https:\/\/www.ksttukku.fi\/kauppa\/wp-json\/wp\/v2\/product\/12100","targetHints":{"allow":["GET"]}}],"collection":[{"href":"https:\/\/www.ksttukku.fi\/kauppa\/wp-json\/wp\/v2\/product"}],"about":[{"href":"https:\/\/www.ksttukku.fi\/kauppa\/wp-json\/wp\/v2\/types\/product"}],"replies":[{"embeddable":true,"href":"https:\/\/www.ksttukku.fi\/kauppa\/wp-json\/wp\/v2\/comments?post=12100"}],"wp:featuredmedia":[{"embeddable":true,"href":"https:\/\/www.ksttukku.fi\/kauppa\/wp-json\/wp\/v2\/media\/12104"}],"wp:attachment":[{"href":"https:\/\/www.ksttukku.fi\/kauppa\/wp-json\/wp\/v2\/media?parent=12100"}],"wp:term":[{"taxonomy":"product_brand","embeddable":true,"href":"https:\/\/www.ksttukku.fi\/kauppa\/wp-json\/wp\/v2\/product_brand?post=12100"},{"taxonomy":"product_cat","embeddable":true,"href":"https:\/\/www.ksttukku.fi\/kauppa\/wp-json\/wp\/v2\/product_cat?post=12100"},{"taxonomy":"product_tag","embeddable":true,"href":"https:\/\/www.ksttukku.fi\/kauppa\/wp-json\/wp\/v2\/product_tag?post=12100"}],"curies":[{"name":"wp","href":"https:\/\/api.w.org\/{rel}","templated":true}]}}