{"id":12111,"date":"2023-02-16T16:07:32","date_gmt":"2023-02-16T14:07:32","guid":{"rendered":"https:\/\/www.ksttukku.fi\/kauppa\/?post_type=product&#038;p=12111"},"modified":"2023-02-16T16:07:33","modified_gmt":"2023-02-16T14:07:33","slug":"vic-29-plafondi-4000k-valkoinen-24w","status":"publish","type":"product","link":"https:\/\/www.ksttukku.fi\/kauppa\/tuote\/vic-29-plafondi-4000k-valkoinen-24w\/","title":{"rendered":"Vic 29 plafondi 4000K valkoinen 24W"},"content":{"rendered":"<p>Ohut LED-plafondi muovia. Sis\u00e4k\u00e4ytt\u00f6\u00f6n.<br \/>\nIP40, luokka 2. Kiinte\u00e4 LED 24W, 4000K, 2400 lm.<br \/>\nEnergialuokka E.<br \/>\nKiinte\u00e4 asennus, sokeripalaliit\u00e4nt\u00e4<\/p>\n<ul>\n<li>\n<div>Materiaali: Muovi<\/div>\n<\/li>\n<li>\n<div>V\u00e4ri: Valkoinen<\/div>\n<\/li>\n<li>\n<div>Mitat: 290.0 mm x 290.0 mm x 40.0 m<\/div>\n<\/li>\n<\/ul>\n","protected":false},"excerpt":{"rendered":"<p>Ohut LED-plafondi muovia. Sis\u00e4k\u00e4ytt\u00f6\u00f6n. IP40, luokka 2. Kiinte\u00e4 LED 24W, 4000K, 2400 lm. Energialuokka E. Kiinte\u00e4 asennus, sokeripalaliit\u00e4nt\u00e4 Materiaali: Muovi V\u00e4ri: Valkoinen Mitat: 290.0 mm x 290.0 mm x 40.0 m<\/p>\n","protected":false},"featured_media":12116,"comment_status":"closed","ping_status":"closed","template":"","meta":[],"product_brand":[],"product_cat":[46,40,51,35,34],"product_tag":[],"class_list":{"0":"post-12111","1":"product","2":"type-product","3":"status-publish","4":"has-post-thumbnail","6":"product_cat-alasvalot","7":"product_cat-kattovalaisimet","8":"product_cat-pinta-asennettavat","9":"product_cat-sisavalaisimet","10":"product_cat-valaisimet","12":"first","13":"instock","14":"taxable","15":"shipping-taxable","16":"purchasable","17":"product-type-simple"},"_links":{"self":[{"href":"https:\/\/www.ksttukku.fi\/kauppa\/wp-json\/wp\/v2\/product\/12111","targetHints":{"allow":["GET"]}}],"collection":[{"href":"https:\/\/www.ksttukku.fi\/kauppa\/wp-json\/wp\/v2\/product"}],"about":[{"href":"https:\/\/www.ksttukku.fi\/kauppa\/wp-json\/wp\/v2\/types\/product"}],"replies":[{"embeddable":true,"href":"https:\/\/www.ksttukku.fi\/kauppa\/wp-json\/wp\/v2\/comments?post=12111"}],"wp:featuredmedia":[{"embeddable":true,"href":"https:\/\/www.ksttukku.fi\/kauppa\/wp-json\/wp\/v2\/media\/12116"}],"wp:attachment":[{"href":"https:\/\/www.ksttukku.fi\/kauppa\/wp-json\/wp\/v2\/media?parent=12111"}],"wp:term":[{"taxonomy":"product_brand","embeddable":true,"href":"https:\/\/www.ksttukku.fi\/kauppa\/wp-json\/wp\/v2\/product_brand?post=12111"},{"taxonomy":"product_cat","embeddable":true,"href":"https:\/\/www.ksttukku.fi\/kauppa\/wp-json\/wp\/v2\/product_cat?post=12111"},{"taxonomy":"product_tag","embeddable":true,"href":"https:\/\/www.ksttukku.fi\/kauppa\/wp-json\/wp\/v2\/product_tag?post=12111"}],"curies":[{"name":"wp","href":"https:\/\/api.w.org\/{rel}","templated":true}]}}