{"id":12126,"date":"2023-02-17T10:45:42","date_gmt":"2023-02-17T08:45:42","guid":{"rendered":"https:\/\/www.ksttukku.fi\/kauppa\/?post_type=product&#038;p=12126"},"modified":"2023-02-17T10:45:43","modified_gmt":"2023-02-17T08:45:43","slug":"dimmer-valkoinen-valikytkimen-tilalle","status":"publish","type":"product","link":"https:\/\/www.ksttukku.fi\/kauppa\/tuote\/dimmer-valkoinen-valikytkimen-tilalle\/","title":{"rendered":"Dimmer valkoinen v\u00e4likytkimen tilalle"},"content":{"rendered":"<p>Johdossa olevalle v\u00e4likytkimen tilalle laitettava himmennin.<\/p>\n<p>Himmennin soveltuu ledlampulle,halogeenilampulle sek\u00e4 hehkulampulle.<\/p>\n<p>LED himmennin. Sis\u00e4lt\u00e4\u00e4 kytkimen<\/p>\n<p>V\u00e4ri: valkoinen<\/p>\n<p>Mitat: 30.0 mm x 95.0 mm<\/p>\n","protected":false},"excerpt":{"rendered":"<p>Johdossa olevalle v\u00e4likytkimen tilalle laitettava himmennin. Himmennin soveltuu ledlampulle,halogeenilampulle sek\u00e4 hehkulampulle. LED himmennin. Sis\u00e4lt\u00e4\u00e4 kytkimen V\u00e4ri: valkoinen Mitat: 30.0 mm x 95.0 mm<\/p>\n","protected":false},"featured_media":12127,"comment_status":"closed","ping_status":"closed","template":"","meta":[],"product_brand":[],"product_cat":[234,230,308,251],"product_tag":[],"class_list":{"0":"post-12126","1":"product","2":"type-product","3":"status-publish","4":"has-post-thumbnail","6":"product_cat-kytkimet","7":"product_cat-sahkotarvikkeet","8":"product_cat-valonsaatimet","9":"product_cat-valikytkimet-ja-johdot","11":"first","12":"instock","13":"taxable","14":"shipping-taxable","15":"purchasable","16":"product-type-simple"},"_links":{"self":[{"href":"https:\/\/www.ksttukku.fi\/kauppa\/wp-json\/wp\/v2\/product\/12126","targetHints":{"allow":["GET"]}}],"collection":[{"href":"https:\/\/www.ksttukku.fi\/kauppa\/wp-json\/wp\/v2\/product"}],"about":[{"href":"https:\/\/www.ksttukku.fi\/kauppa\/wp-json\/wp\/v2\/types\/product"}],"replies":[{"embeddable":true,"href":"https:\/\/www.ksttukku.fi\/kauppa\/wp-json\/wp\/v2\/comments?post=12126"}],"wp:featuredmedia":[{"embeddable":true,"href":"https:\/\/www.ksttukku.fi\/kauppa\/wp-json\/wp\/v2\/media\/12127"}],"wp:attachment":[{"href":"https:\/\/www.ksttukku.fi\/kauppa\/wp-json\/wp\/v2\/media?parent=12126"}],"wp:term":[{"taxonomy":"product_brand","embeddable":true,"href":"https:\/\/www.ksttukku.fi\/kauppa\/wp-json\/wp\/v2\/product_brand?post=12126"},{"taxonomy":"product_cat","embeddable":true,"href":"https:\/\/www.ksttukku.fi\/kauppa\/wp-json\/wp\/v2\/product_cat?post=12126"},{"taxonomy":"product_tag","embeddable":true,"href":"https:\/\/www.ksttukku.fi\/kauppa\/wp-json\/wp\/v2\/product_tag?post=12126"}],"curies":[{"name":"wp","href":"https:\/\/api.w.org\/{rel}","templated":true}]}}