{"id":12132,"date":"2023-02-17T12:21:27","date_gmt":"2023-02-17T10:21:27","guid":{"rendered":"https:\/\/www.ksttukku.fi\/kauppa\/?post_type=product&#038;p=12132"},"modified":"2023-02-18T12:22:31","modified_gmt":"2023-02-18T10:22:31","slug":"led-lamppu-e14-2700k-470lm-42w","status":"publish","type":"product","link":"https:\/\/www.ksttukku.fi\/kauppa\/tuote\/led-lamppu-e14-2700k-470lm-42w\/","title":{"rendered":"Liesituuletin LED-lamppu E14  2700K 470lm  4,2W"},"content":{"rendered":"<p>LED-filamenttilamppu kirkkaalla lasilla.<\/p>\n<p>Vastaa 40W hehkulamppua. Sopii esim. liesituulettimiin.<\/p>\n<p>J\u00e4nnite: 220-240V<br \/>\nIP20<br \/>\nHimmennett\u00e4v\u00e4: Ei<\/p>\n<p>Kanta: E14<\/p>\n<p>Halkaisija: 2,5 cm<br \/>\nKorkeus: 8,6 cm<\/p>\n","protected":false},"excerpt":{"rendered":"<p>LED-filamenttilamppu kirkkaalla lasilla. Vastaa 40W hehkulamppua. Sopii esim. liesituulettimiin. J\u00e4nnite: 220-240V IP20 Himmennett\u00e4v\u00e4: Ei Kanta: E14 Halkaisija: 2,5 cm Korkeus: 8,6 cm<\/p>\n","protected":false},"featured_media":12134,"comment_status":"closed","ping_status":"closed","template":"","meta":[],"product_brand":[],"product_cat":[186,185,34],"product_tag":[],"class_list":{"0":"post-12132","1":"product","2":"type-product","3":"status-publish","4":"has-post-thumbnail","6":"product_cat-ledlamput","7":"product_cat-lamput","8":"product_cat-valaisimet","10":"first","11":"instock","12":"taxable","13":"shipping-taxable","14":"purchasable","15":"product-type-simple"},"_links":{"self":[{"href":"https:\/\/www.ksttukku.fi\/kauppa\/wp-json\/wp\/v2\/product\/12132","targetHints":{"allow":["GET"]}}],"collection":[{"href":"https:\/\/www.ksttukku.fi\/kauppa\/wp-json\/wp\/v2\/product"}],"about":[{"href":"https:\/\/www.ksttukku.fi\/kauppa\/wp-json\/wp\/v2\/types\/product"}],"replies":[{"embeddable":true,"href":"https:\/\/www.ksttukku.fi\/kauppa\/wp-json\/wp\/v2\/comments?post=12132"}],"wp:featuredmedia":[{"embeddable":true,"href":"https:\/\/www.ksttukku.fi\/kauppa\/wp-json\/wp\/v2\/media\/12134"}],"wp:attachment":[{"href":"https:\/\/www.ksttukku.fi\/kauppa\/wp-json\/wp\/v2\/media?parent=12132"}],"wp:term":[{"taxonomy":"product_brand","embeddable":true,"href":"https:\/\/www.ksttukku.fi\/kauppa\/wp-json\/wp\/v2\/product_brand?post=12132"},{"taxonomy":"product_cat","embeddable":true,"href":"https:\/\/www.ksttukku.fi\/kauppa\/wp-json\/wp\/v2\/product_cat?post=12132"},{"taxonomy":"product_tag","embeddable":true,"href":"https:\/\/www.ksttukku.fi\/kauppa\/wp-json\/wp\/v2\/product_tag?post=12132"}],"curies":[{"name":"wp","href":"https:\/\/api.w.org\/{rel}","templated":true}]}}