{"id":12136,"date":"2023-02-17T14:37:12","date_gmt":"2023-02-17T12:37:12","guid":{"rendered":"https:\/\/www.ksttukku.fi\/kauppa\/?post_type=product&#038;p=12136"},"modified":"2023-02-18T12:23:38","modified_gmt":"2023-02-18T10:23:38","slug":"star-trading-led-lamppu-e14-kirkas-3000k-30lm","status":"publish","type":"product","link":"https:\/\/www.ksttukku.fi\/kauppa\/tuote\/star-trading-led-lamppu-e14-kirkas-3000k-30lm\/","title":{"rendered":"Star Trading LED-lamppu E14 Kirkas 3000K  30lm"},"content":{"rendered":"<p>Lamppu soveltuu pistorasialliseen y\u00f6valolamppuun,jossa E14 kanta<\/p>\n<p>sek\u00e4 k\u00e4ytett\u00e4v\u00e4ksi\u00a0 koristelamppuna.<\/p>\n<ul>\n<li>\n<div>Materiaali: Lasi<\/div>\n<\/li>\n<li>\n<div>V\u00e4ri: Kirkas<\/div>\n<\/li>\n<li>\n<div>V\u00e4ril\u00e4mp\u00f6: 3000 K<\/div>\n<\/li>\n<li>\n<div>Mitat: 16.0 mm x 16.0 mm x 48.0 mm<\/div>\n<\/li>\n<\/ul>\n","protected":false},"excerpt":{"rendered":"<p>Lamppu soveltuu pistorasialliseen y\u00f6valolamppuun,jossa E14 kanta sek\u00e4 k\u00e4ytett\u00e4v\u00e4ksi\u00a0 koristelamppuna. Materiaali: Lasi V\u00e4ri: Kirkas V\u00e4ril\u00e4mp\u00f6: 3000 K Mitat: 16.0 mm x 16.0 mm x 48.0 mm<\/p>\n","protected":false},"featured_media":12137,"comment_status":"closed","ping_status":"closed","template":"","meta":[],"product_brand":[],"product_cat":[186,185,34],"product_tag":[],"class_list":{"0":"post-12136","1":"product","2":"type-product","3":"status-publish","4":"has-post-thumbnail","6":"product_cat-ledlamput","7":"product_cat-lamput","8":"product_cat-valaisimet","10":"first","11":"instock","12":"taxable","13":"shipping-taxable","14":"purchasable","15":"product-type-simple"},"_links":{"self":[{"href":"https:\/\/www.ksttukku.fi\/kauppa\/wp-json\/wp\/v2\/product\/12136","targetHints":{"allow":["GET"]}}],"collection":[{"href":"https:\/\/www.ksttukku.fi\/kauppa\/wp-json\/wp\/v2\/product"}],"about":[{"href":"https:\/\/www.ksttukku.fi\/kauppa\/wp-json\/wp\/v2\/types\/product"}],"replies":[{"embeddable":true,"href":"https:\/\/www.ksttukku.fi\/kauppa\/wp-json\/wp\/v2\/comments?post=12136"}],"wp:featuredmedia":[{"embeddable":true,"href":"https:\/\/www.ksttukku.fi\/kauppa\/wp-json\/wp\/v2\/media\/12137"}],"wp:attachment":[{"href":"https:\/\/www.ksttukku.fi\/kauppa\/wp-json\/wp\/v2\/media?parent=12136"}],"wp:term":[{"taxonomy":"product_brand","embeddable":true,"href":"https:\/\/www.ksttukku.fi\/kauppa\/wp-json\/wp\/v2\/product_brand?post=12136"},{"taxonomy":"product_cat","embeddable":true,"href":"https:\/\/www.ksttukku.fi\/kauppa\/wp-json\/wp\/v2\/product_cat?post=12136"},{"taxonomy":"product_tag","embeddable":true,"href":"https:\/\/www.ksttukku.fi\/kauppa\/wp-json\/wp\/v2\/product_tag?post=12136"}],"curies":[{"name":"wp","href":"https:\/\/api.w.org\/{rel}","templated":true}]}}