{"id":12138,"date":"2023-02-17T15:10:11","date_gmt":"2023-02-17T13:10:11","guid":{"rendered":"https:\/\/www.ksttukku.fi\/kauppa\/?post_type=product&#038;p=12138"},"modified":"2025-07-18T17:05:54","modified_gmt":"2025-07-18T14:05:54","slug":"tukaani-koristevalaisin","status":"publish","type":"product","link":"https:\/\/www.ksttukku.fi\/kauppa\/tuote\/tukaani-koristevalaisin\/","title":{"rendered":"Tukaani  koristevalaisin"},"content":{"rendered":"<p>tukaani-valaisin sopii niin y\u00f6valoksi kuin koristevalaisimeksi sis\u00e4k\u00e4ytt\u00f6\u00f6n.<br \/>\nValon s\u00e4vy: l\u00e4mmin valkoinen.<br \/>\nValaisimessa on portaaton himmennys 20-100% sek\u00e4 pulssitoiminto, jossa valo hitaasti<br \/>\nhimmenee ja kirkastuu vuorotellen.<br \/>\nValaisin ladataan pakkaukseen sis\u00e4ltyv\u00e4n USB-kaapelin avulla. T\u00e4yteen lataaminen<br \/>\nkest\u00e4\u00e4 noin 3 tuntia. Enimm\u00e4islatausaikaa, 8 tuntia, ei saa ylitt\u00e4\u00e4.<br \/>\nT\u00e4yteen ladattuna valo palaa 7-24 tuntia k\u00e4ytt\u00f6tilasta riippuen.<br \/>\nIP20. Kiinte\u00e4 LED 2,4W. Paloaika n. 10 000 h, 3 000 sytytyskertaa.<br \/>\nTuloj\u00e4nnite 5V DC 1000mA.<br \/>\nEi sis\u00e4ll\u00e4 virtal\u00e4hdett\u00e4<\/p>\n<p>Leveys: 10,9 cm<br \/>\nKorkeus: 20 cm<br \/>\nSyvyys: 12,2 cm<\/p>\n","protected":false},"excerpt":{"rendered":"<p>tukaani-valaisin sopii niin y\u00f6valoksi kuin koristevalaisimeksi sis\u00e4k\u00e4ytt\u00f6\u00f6n. Valon s\u00e4vy: l\u00e4mmin valkoinen. Valaisimessa on portaaton himmennys 20-100% sek\u00e4 pulssitoiminto, jossa valo hitaasti himmenee ja kirkastuu vuorotellen. Valaisin ladataan pakkaukseen sis\u00e4ltyv\u00e4n USB-kaapelin avulla. T\u00e4yteen lataaminen kest\u00e4\u00e4 noin 3 tuntia. Enimm\u00e4islatausaikaa, 8 tuntia, ei saa ylitt\u00e4\u00e4. T\u00e4yteen ladattuna valo palaa 7-24 tuntia k\u00e4ytt\u00f6tilasta riippuen. IP20. Kiinte\u00e4 LED 2,4W. [&hellip;]<\/p>\n","protected":false},"featured_media":12140,"comment_status":"closed","ping_status":"closed","template":"","meta":[],"product_brand":[],"product_cat":[491,44,377,35,34],"product_tag":[],"class_list":{"0":"post-12138","1":"product","2":"type-product","3":"status-publish","4":"has-post-thumbnail","6":"product_cat-kodin-sisustustuotteet","7":"product_cat-poytavalaisimet","8":"product_cat-sisustus-lahjatavarat","9":"product_cat-sisavalaisimet","10":"product_cat-valaisimet","12":"first","13":"instock","14":"taxable","15":"shipping-taxable","16":"purchasable","17":"product-type-simple"},"_links":{"self":[{"href":"https:\/\/www.ksttukku.fi\/kauppa\/wp-json\/wp\/v2\/product\/12138","targetHints":{"allow":["GET"]}}],"collection":[{"href":"https:\/\/www.ksttukku.fi\/kauppa\/wp-json\/wp\/v2\/product"}],"about":[{"href":"https:\/\/www.ksttukku.fi\/kauppa\/wp-json\/wp\/v2\/types\/product"}],"replies":[{"embeddable":true,"href":"https:\/\/www.ksttukku.fi\/kauppa\/wp-json\/wp\/v2\/comments?post=12138"}],"wp:featuredmedia":[{"embeddable":true,"href":"https:\/\/www.ksttukku.fi\/kauppa\/wp-json\/wp\/v2\/media\/12140"}],"wp:attachment":[{"href":"https:\/\/www.ksttukku.fi\/kauppa\/wp-json\/wp\/v2\/media?parent=12138"}],"wp:term":[{"taxonomy":"product_brand","embeddable":true,"href":"https:\/\/www.ksttukku.fi\/kauppa\/wp-json\/wp\/v2\/product_brand?post=12138"},{"taxonomy":"product_cat","embeddable":true,"href":"https:\/\/www.ksttukku.fi\/kauppa\/wp-json\/wp\/v2\/product_cat?post=12138"},{"taxonomy":"product_tag","embeddable":true,"href":"https:\/\/www.ksttukku.fi\/kauppa\/wp-json\/wp\/v2\/product_tag?post=12138"}],"curies":[{"name":"wp","href":"https:\/\/api.w.org\/{rel}","templated":true}]}}